{"id":12236,"date":"2021-09-16T11:25:19","date_gmt":"2021-09-16T15:25:19","guid":{"rendered":"https:\/\/archive.ontariocaregiver.ca\/?page_id=12236"},"modified":"2023-12-01T15:07:05","modified_gmt":"2023-12-01T20:07:05","slug":"maladie-cardiaque-avc","status":"publish","type":"page","link":"https:\/\/archive.ontariocaregiver.ca\/fr\/pour-aidants-naturels\/prestations-de-soins\/maladie-cardiaque-avc\/","title":{"rendered":"Je m\u2019occupe d\u2019une personne atteinte d\u2019une maladie cardiaque ou d\u2019un AVC"},"content":{"rendered":"\n<h1 class=\"wp-block-heading\"><strong>Je m\u2019occupe d\u2019une personne atteinte d\u2019une maladie cardiaque ou d\u2019un AVC<\/strong><strong><\/strong><\/h1>\n\n\n\n<p>Les maladies cardiaques d\u00e9signent un groupe de troubles qui affectent la structure et les fonctions du c\u0153ur. Une crise cardiaque survient soudainement lorsqu\u2019une des art\u00e8res menant au c\u0153ur se bloque et coupe la circulation sanguine. L\u2019insuffisance cardiaque se produit plus graduellement lorsque la fonction cardiaque d\u2019une personne s\u2019affaiblit et le c\u0153ur ne peut plus pomper suffisamment de sang vers le corps. Si votre proche a eu une crise cardiaque, il peut avoir besoin de beaucoup de soutien au d\u00e9but, qui peut \u00eatre r\u00e9duit au fur et \u00e0 mesure qu\u2019il se r\u00e9tablit. Si votre proche souffre d\u2019insuffisance cardiaque, le niveau de soins dont il a besoin peut augmenter avec le temps.<\/p>\n\n\n\n<p>Un accident vasculaire c\u00e9r\u00e9bral (AVC) survient lorsque le sang cesse de circuler dans une partie du cerveau, ce qui endommage les cellules c\u00e9r\u00e9brales. Les effets d\u2019un AVC d\u00e9pendent de la partie du cerveau qui a \u00e9t\u00e9 endommag\u00e9e et de l\u2019ampleur des l\u00e9sions caus\u00e9es, ce qui aura \u00e9galement un effet sur le type et le niveau de soutien dont votre proche a besoin.<\/p>\n\n\n\n<h2 class=\"wp-block-heading\"><strong>Soutien pratique<\/strong><\/h2>\n\n\n\n<p>Vous devrez peut-\u00eatre prendre des rendez-vous chez le m\u00e9decin, le physioth\u00e9rapeute et l\u2019orthophoniste, conduire un membre de votre famille \u00e0 ses rendez-vous, organiser des visites de soins \u00e0 domicile et faire d\u2019autres t\u00e2ches dans la maison. Vous pouvez aussi vous assurer que les papiers importants sont organis\u00e9s et gard\u00e9s dans un endroit s\u00fbr. Il peut s\u2019agir de documents d\u2019assurance, de testaments, de directives m\u00e9dicales anticip\u00e9es et d\u2019autres documents juridiques ou financiers.&nbsp;<strong><\/strong><\/p>\n\n\n\n<p><strong>Conseils aux aidants naturels&nbsp;:<\/strong><\/p>\n\n\n\n<ul class=\"wp-block-list\">\n<li>Si vous devez travailler moins en raison de votre r\u00f4le d\u2019aidant naturel ou si votre proche ne peut plus travailler, vous pouvez avoir droit \u00e0 <a href=\"https:\/\/www.cancer.ca\/fr-ca\/cancer-information\/living-with-cancer\/practical-matters\/concerns-about-money\/?region=mb\" target=\"_blank\" rel=\"noreferrer noopener\"><strong>diverses formes d\u2019aide<\/strong><\/a> du gouvernement du Canada<\/li>\n\n\n\n<li>Demandez l\u2019aide de votre famille et de vos amis pour des t\u00e2ches comme amener votre proche \u00e0 ses rendez-vous et faire les courses. Souvent, les gens veulent aider mais ne savent pas comment<\/li>\n\n\n\n<li>Encouragez les choix d\u2019un mode de vie sain, y compris une bonne alimentation et de l\u2019exercice. Consultez l\u2019\u00e9quipe m\u00e9dicale de votre proche pour d\u00e9terminer quand celui-ci peut commencer \u00e0 faire de l\u2019exercice et les types d\u2019activit\u00e9s qu\u2019il peut faire<\/li>\n<\/ul>\n\n\n\n<p><strong>Soins personnels et soutien physique<\/strong><strong><\/strong><\/p>\n\n\n\n<p>Dans les premiers stades de la gu\u00e9rison apr\u00e8s une crise cardiaque ou dans les stades plus avanc\u00e9s de l\u2019insuffisance cardiaque, le membre de votre famille peut avoir besoin de votre aide pour les soins personnels. Apr\u00e8s un AVC, votre proche peut \u00e9prouver des difficult\u00e9s physiques, en particulier au niveau du bras, de la jambe et du visage d\u2019un c\u00f4t\u00e9 du corps, ce qui n\u00e9cessite des soins et un soutien continus.<\/p>\n\n\n\n<p>Vous devriez alors l\u2019aider&nbsp;:<\/p>\n\n\n\n<ul class=\"wp-block-list\">\n<li>\u00e0 marcher ou se d\u00e9placer avec un d\u00e9ambulateur ou sur un fauteuil roulant<\/li>\n\n\n\n<li>\u00e0 entrer dans la baignoire ou la douche ou en sortir, ou faire sa toilette \u00e0 l\u2019\u00e9ponge dans son lit&nbsp;<\/li>\n\n\n\n<li>\u00e0 prendre place dans le lit ou un fauteuil et en sortir, ou l\u2019aider \u00e0 changer de c\u00f4t\u00e9 dans le lit&nbsp;<\/li>\n\n\n\n<li>\u00e0 aller aux toilettes ou \u00e0 utiliser un bassin de lit ou remplacer ses serviettes d\u2019incontinence<\/li>\n\n\n\n<li>\u00e0 se brosser les dents, garder ses l\u00e8vres humides ou se rincer la bouche&nbsp;<\/li>\n\n\n\n<li>\u00e0 laver ses cheveux, hydrater sa peau et couper ses ongles<\/li>\n<\/ul>\n\n\n\n<p><strong>Conseils aux personnes aidantes naturelles&nbsp;:<\/strong><\/p>\n\n\n\n<ul class=\"wp-block-list\">\n<li>D\u00e9terminez ce que vous \u00eates \u00e0 l\u2019aise de faire ou non. Demandez de l\u2019aide pour les t\u00e2ches qui vous mettent mal \u00e0 l\u2019aise<\/li>\n\n\n\n<li>Renseignez-vous sur les services de soins \u00e0 domicile qui sont offerts dans votre r\u00e9gion. Le personnel de soins \u00e0 domicile peut vous aider \u00e0 donner un bain et vous apprendre des t\u00e2ches comme positionner quelqu\u2019un confortablement dans son lit.<\/li>\n\n\n\n<li>Renseignez-vous sur la possibilit\u00e9 d\u2019obtenir des appareils fonctionnels comme un d\u00e9ambulateur, un appareil de levage, un fauteuil roulant, une chaise de douche, une barre d\u2019appui ou une chaise d\u2019aisance.<\/li>\n<\/ul>\n\n\n\n<p><strong>Aide \u00e0 se nourrir<\/strong><strong><\/strong><\/p>\n\n\n\n<p>Si un membre de votre famille a \u00e9t\u00e9 victime d\u2019un AVC, il peut avoir des difficult\u00e9s \u00e0 avaler, ce qui n\u00e9cessitera une alimentation sp\u00e9cialis\u00e9e et \u00e9ventuellement de l\u2019aide pour manger.<\/p>\n\n\n\n<p><strong>Conseils aux personnes aidantes naturelles&nbsp;:<\/strong><\/p>\n\n\n\n<ul class=\"wp-block-list\">\n<li>Pr\u00e9voyez des aliments plus mous ou plus onctueux, comme du gruau, de la compote de pommes et de la pur\u00e9e de pommes de terre. Coupez les aliments en plus petits morceaux et r\u00e9duisez-les en pur\u00e9e dans un m\u00e9langeur<\/li>\n\n\n\n<li>Pendant qu\u2019il mange, demandez-lui de s\u2019asseoir droit dans son lit ou la chaise<\/li>\n\n\n\n<li>Demandez-lui de prendre de petites bouch\u00e9es. Essayez d\u2019utiliser une cuill\u00e8re \u00e0 caf\u00e9 au lieu d\u2019une cuill\u00e8re \u00e0 soupe<\/li>\n\n\n\n<li>Il doit bien m\u00e2cher chaque bouch\u00e9e avant d\u2019avaler<\/li>\n\n\n\n<li>Les petits repas fr\u00e9quents peuvent \u00eatre plus faciles \u00e0 manger et \u00e0 dig\u00e9rer<\/li>\n\n\n\n<li>Consultez un ergoth\u00e9rapeute ou un di\u00e9t\u00e9ticien sur les appareils fonctionnels, comme la vaisselle avec coussinets antid\u00e9rapants, les ustensiles de coupe con\u00e7us pour une utilisation \u00e0 une main et les tasses modifi\u00e9es<\/li>\n<\/ul>\n\n\n\n<p><strong>Soutien en communication<\/strong><\/p>\n\n\n\n<p>Un AVC peut entra\u00eener des difficult\u00e9s de communication chez votre proche, ce qu\u2019on appelle l\u2019aphasie. Il est important de savoir qu\u2019une difficult\u00e9 langagi\u00e8re ne signifie pas une difficult\u00e9 de pens\u00e9e.&nbsp;<\/p>\n\n\n\n<p><strong> <strong> <strong>Conseils aux personnes aidantes naturelles&nbsp;:<\/strong> <\/strong><\/strong><\/p>\n\n\n\n<ul class=\"wp-block-list\">\n<li>Formulez vos questions de mani\u00e8re \u00e0 ce qu\u2019on puisse y r\u00e9pondre par un \u00ab&nbsp;oui&nbsp;\u00bb ou un \u00ab&nbsp;non&nbsp;\u00bb ou par un hochement de t\u00eate. Limitez le nombre de choix \u00e0 deux<\/li>\n\n\n\n<li>Parlez d\u2019une voix naturelle. Vos pauses et votre rythme mod\u00e9r\u00e9 de conversation peuvent l\u2019aider \u00e0 vous comprendre<\/li>\n\n\n\n<li>Une seule personne \u00e0 la fois doit parler<\/li>\n\n\n\n<li>Renseignez-vous de l\u2019orthophoniste sur les appareils de communication am\u00e9lior\u00e9e et alternative (CAA), des plus simples \u00e0 ceux de haute technologie.<\/li>\n<\/ul>\n\n\n\n<p><strong>Aide pour les soins m\u00e9dicaux<\/strong><strong><\/strong><\/p>\n\n\n\n<p>Vous pouvez \u00eatre tenu de donner et de garder les m\u00e9dicaments. Cela comprend l\u2019administration de la dose correcte de m\u00e9dicaments et le suivi des dates de prise des m\u00e9dicaments. Si vous n\u2019\u00eates pas \u00e0 l\u2019aise pour administrer des m\u00e9dicaments, renseignez-vous sur les services de soins \u00e0 domicile offerts dans votre r\u00e9gion ou consultez votre pharmacien local. En tant qu\u2019aidant naturel, vous devrez peut-\u00eatre aussi communiquer avec l\u2019\u00e9quipe de soins de votre proche<\/p>\n\n\n\n<p><strong><strong><strong><strong>Conseils aux personnes aidantes naturelles&nbsp;:<\/strong> <\/strong><\/strong> <\/strong><\/p>\n\n\n\n<ul class=\"wp-block-list\">\n<li>Notez les questions \u00e0 poser avant les rendez-vous; \u00e9coutez et prenez des notes pendant les rendez-vous.<\/li>\n\n\n\n<li>Demandez \u00e0 l\u2019\u00e9quipe de soins comment vous pouvez aider \u00e0 pr\u00e9parer une bonne alimentation nutritive, un programme d\u2019exercice, etc.<\/li>\n\n\n\n<li>Demandez \u00e0 votre pharmacien local des conseils sur la fa\u00e7on de g\u00e9rer l\u2019administration des m\u00e9dicaments en toute s\u00e9curit\u00e9<\/li>\n<\/ul>\n\n\n\n<p><strong>Soutien affectif<\/strong><strong><\/strong><\/p>\n\n\n\n<p>Vous devriez peut-\u00eatre aider votre proche \u00e0 g\u00e9rer ses \u00e9motions et \u00e0 parler des d\u00e9cisions difficiles \u00e0 prendre concernant les soins et le traitement.<\/p>\n\n\n\n<p><strong> <strong> <strong> <strong>Conseils aux personnes aidantes naturelles&nbsp;:<\/strong> <\/strong><\/strong> <\/strong><\/p>\n\n\n\n<ul class=\"wp-block-list\">\n<li>Encouragez-le \u00e0 partager ses sentiments avec vous.&nbsp;Dites-lui qu\u2019il est normal d\u2019exprimer ses craintes et ses inqui\u00e9tudes \u00e0 propos de ce qui se passe<\/li>\n\n\n\n<li>Tenez-lui compagnie. Le simple fait d\u2019\u00eatre l\u00e0 peut \u00eatre r\u00e9confortant. Parlez, regardez des films ou \u00e9coutez de la musique avec lui<\/li>\n\n\n\n<li>Utilisez le toucher quand vous ne trouvez pas les mots. Une pression de la main ou un doux c\u00e2lin peut en dire long<\/li>\n<\/ul>\n\n\n\n<p><strong>Demandez de l\u2019aide&nbsp;:<\/strong><strong><\/strong><\/p>\n\n\n\n<ul class=\"wp-block-list\">\n<li>Communiquez avec la Fondation des maladies du c\u0153ur et de l\u2019AVC du Canada \u00e0 <strong><u><a href=\"https:\/\/www.coeuretavc.ca\">https:\/\/www.coeuretavc.ca<\/a><\/u><\/strong> ou composez le 1-888-473-4636<\/li>\n\n\n\n<li>Consultez ces ressources suppl\u00e9mentaires sur la <strong><u><a href=\"https:\/\/archive.ontariocaregiver.ca\/fr\/problemes-mobilite\/\" target=\"_blank\" rel=\"noreferrer noopener\">prise en charge d\u2019une personne ayant des probl\u00e8mes de mobilit\u00e9<\/a><\/u><\/strong><\/li>\n\n\n\n<li>La Marche des dix sous du Canada offre du <a href=\"https:\/\/www.apres-avc.ca\/?_gl=1%2A1rrikq4%2A_ga%2AMjEwNzkyMjkyOS4xNzAxMjg1NjQ5%2A_ga_983R8Y5JL2%2AMTcwMTI4NTY0OS4xLjEuMTcwMTI4NzUwNS42MC4wLjA\" target=\"_blank\" rel=\"noreferrer noopener\">soutien apr\u00e8s un AVC<\/a><\/li>\n\n\n\n<li>Consultez aussi <strong><u><a href=\"https:\/\/archive.ontariocaregiver.ca\/fr\/maladie-chronique\/\" target=\"_blank\" rel=\"noreferrer noopener\">Je m\u2019occupe d\u2019une personne atteinte d\u2019une maladie chronique<\/a><\/u><\/strong><\/li>\n\n\n\n<li>Consultez aussi <strong><u><a href=\"https:\/\/archive.ontariocaregiver.ca\/fr\/soins-palliatifs-et-de-fin-de-vie\/\" target=\"_blank\" rel=\"noreferrer noopener\">Interventions m\u00e9dicales et soins en fin de vie<\/a><\/u><\/strong><\/li>\n\n\n\n<li>Entrez en contact avec d\u2019autres personnes aidantes naturelles gr\u00e2ce \u00e0 notre <a href=\"https:\/\/archive.ontariocaregiver.ca\/peersupport\/fr\/trouver-un-mentor\/\" target=\"_blank\" rel=\"noreferrer noopener\"><strong>programme individuel de soutien par les pairs.<\/strong><\/a><\/li>\n<\/ul>\n\n\n\n<p>Vous ne savez pas par o\u00f9 commencer? Appelez notre <strong><u><a href=\"https:\/\/archive.ontariocaregiver.ca\/fr\/trouverdusoutien\/ligne-dassistance\/\" target=\"_blank\" rel=\"noreferrer noopener\">ligne d\u2019assistance 24&nbsp;h\/24, 7&nbsp;j\/7<\/a><\/u><\/strong> ou joignez-vous \u00e0 notre <strong><u><a href=\"https:\/\/archive.ontariocaregiver.ca\/fr\/trouverdusoutien\/ligne-dassistance\/\" target=\"_blank\" rel=\"noreferrer noopener\">clavardage en direct<\/a><\/u><\/strong> pour trouver des ressources dans votre communaut\u00e9.<\/p>\n\n\n\n<p>*Source&nbsp;: Fondation des maladies du c\u0153ur et de l\u2019AVC du Canada<\/p>\n\n\n\n<p><a href=\"https:\/\/www.coeuretavc.ca\/\">https:\/\/www.coeuretavc.ca\/<\/a><\/p>\n\n\n\n<p>Sources suppl\u00e9mentaires&nbsp;:<a href=\"https:\/\/www.heartandstroke.ca\/-\/media\/pdf-files\/canada\/other\/tirsfsp_programguide_toronto.ashx?rev=318518b0eadc4d1689eb5757d2251b21\">https:\/\/www.heartandstroke.ca\/-\/media\/pdf-files\/canada\/other\/tirsfsp_programguide_toronto.ashx?rev=318518b0eadc4d1689eb5757d2251b21<\/a><\/p>\n","protected":false},"excerpt":{"rendered":"<p>Je m\u2019occupe d\u2019une personne atteinte d\u2019une maladie cardiaque ou d\u2019un AVC Les maladies cardiaques d\u00e9signent un groupe de troubles qui affectent la structure et..<\/p>\n","protected":false},"author":7,"featured_media":0,"parent":12219,"menu_order":0,"comment_status":"closed","ping_status":"closed","template":"","meta":{"_acf_changed":false,"_relevanssi_hide_post":"","_relevanssi_hide_content":"","_relevanssi_pin_for_all":"","_relevanssi_pin_keywords":"","_relevanssi_unpin_keywords":"","_relevanssi_related_keywords":"","_relevanssi_related_include_ids":"","_relevanssi_related_exclude_ids":"","_relevanssi_related_no_append":"","_relevanssi_related_not_related":"","_relevanssi_related_posts":"13464,12711,1050,10346,16661,12694","_relevanssi_noindex_reason":"","_price":"","_stock":"","_tribe_ticket_header":"","_tribe_default_ticket_provider":"","_tribe_ticket_capacity":"0","_ticket_start_date":"","_ticket_end_date":"","_tribe_ticket_show_description":"","_tribe_ticket_show_not_going":false,"_tribe_ticket_use_global_stock":"","_tribe_ticket_global_stock_level":"","_global_stock_mode":"","_global_stock_cap":"","_tribe_rsvp_for_event":"","_tribe_ticket_going_count":"","_tribe_ticket_not_going_count":"","_tribe_tickets_list":[],"_tribe_ticket_has_attendee_info_fields":false,"footnotes":""},"class_list":["post-12236","page","type-page","status-publish","hentry"],"acf":[],"yoast_head":"<!-- This site is optimized with the Yoast SEO plugin v25.8 - https:\/\/yoast.com\/wordpress\/plugins\/seo\/ -->\n<title>Je m\u2019occupe d\u2019une personne atteinte d\u2019une maladie cardiaque ou d\u2019un AVC - Organisme de soutien aux aidants naturels de l\u2019Ontario<\/title>\n<meta name=\"robots\" content=\"noindex, follow, max-snippet:-1, max-image-preview:large, max-video-preview:-1\" \/>\n<meta property=\"og:locale\" content=\"fr_FR\" \/>\n<meta property=\"og:type\" content=\"article\" \/>\n<meta property=\"og:title\" content=\"Je m\u2019occupe d\u2019une personne atteinte d\u2019une maladie cardiaque ou d\u2019un AVC - Organisme de soutien aux aidants naturels de l\u2019Ontario\" \/>\n<meta property=\"og:description\" content=\"Je m\u2019occupe d\u2019une personne atteinte d\u2019une maladie cardiaque ou d\u2019un AVC Les maladies cardiaques d\u00e9signent un groupe de troubles qui affectent la structure et..\" \/>\n<meta property=\"og:url\" content=\"https:\/\/archive.ontariocaregiver.ca\/fr\/pour-aidants-naturels\/prestations-de-soins\/maladie-cardiaque-avc\/\" \/>\n<meta property=\"og:site_name\" content=\"Organisme de soutien aux aidants naturels de l\u2019Ontario\" \/>\n<meta property=\"article:modified_time\" content=\"2023-12-01T20:07:05+00:00\" \/>\n<meta name=\"twitter:card\" content=\"summary_large_image\" \/>\n<meta name=\"twitter:label1\" content=\"Dur\u00e9e de lecture estim\u00e9e\" \/>\n\t<meta name=\"twitter:data1\" content=\"6 minutes\" \/>\n<script type=\"application\/ld+json\" class=\"yoast-schema-graph\">{\"@context\":\"https:\/\/schema.org\",\"@graph\":[{\"@type\":\"WebPage\",\"@id\":\"https:\/\/archive.ontariocaregiver.ca\/fr\/pour-aidants-naturels\/prestations-de-soins\/maladie-cardiaque-avc\/\",\"url\":\"https:\/\/archive.ontariocaregiver.ca\/fr\/pour-aidants-naturels\/prestations-de-soins\/maladie-cardiaque-avc\/\",\"name\":\"Je m\u2019occupe d\u2019une personne atteinte d\u2019une maladie cardiaque ou d\u2019un AVC - Organisme de soutien aux aidants naturels de l\u2019Ontario\",\"isPartOf\":{\"@id\":\"https:\/\/archive.ontariocaregiver.ca\/fr\/#website\"},\"datePublished\":\"2021-09-16T15:25:19+00:00\",\"dateModified\":\"2023-12-01T20:07:05+00:00\",\"breadcrumb\":{\"@id\":\"https:\/\/archive.ontariocaregiver.ca\/fr\/pour-aidants-naturels\/prestations-de-soins\/maladie-cardiaque-avc\/#breadcrumb\"},\"inLanguage\":\"fr-FR\",\"potentialAction\":[{\"@type\":\"ReadAction\",\"target\":[\"https:\/\/archive.ontariocaregiver.ca\/fr\/pour-aidants-naturels\/prestations-de-soins\/maladie-cardiaque-avc\/\"]}]},{\"@type\":\"BreadcrumbList\",\"@id\":\"https:\/\/archive.ontariocaregiver.ca\/fr\/pour-aidants-naturels\/prestations-de-soins\/maladie-cardiaque-avc\/#breadcrumb\",\"itemListElement\":[{\"@type\":\"ListItem\",\"position\":1,\"name\":\"Page principale\",\"item\":\"https:\/\/archive.ontariocaregiver.ca\/fr\/\"},{\"@type\":\"ListItem\",\"position\":2,\"name\":\"Soutien pour personnes aidantes naturelles\",\"item\":\"https:\/\/archive.ontariocaregiver.ca\/fr\/pour-aidants-naturels\/\"},{\"@type\":\"ListItem\",\"position\":3,\"name\":\"Prestations de soins\",\"item\":\"https:\/\/archive.ontariocaregiver.ca\/fr\/for-caregivers\/health-conditions\/\"},{\"@type\":\"ListItem\",\"position\":4,\"name\":\"Je m\u2019occupe d\u2019une personne atteinte d\u2019une maladie cardiaque ou d\u2019un AVC\"}]},{\"@type\":\"WebSite\",\"@id\":\"https:\/\/archive.ontariocaregiver.ca\/fr\/#website\",\"url\":\"https:\/\/archive.ontariocaregiver.ca\/fr\/\",\"name\":\"Organisme de soutien aux aidants naturels de l\u2019Ontario\",\"description\":\"\",\"potentialAction\":[{\"@type\":\"SearchAction\",\"target\":{\"@type\":\"EntryPoint\",\"urlTemplate\":\"https:\/\/archive.ontariocaregiver.ca\/fr\/?s={search_term_string}\"},\"query-input\":{\"@type\":\"PropertyValueSpecification\",\"valueRequired\":true,\"valueName\":\"search_term_string\"}}],\"inLanguage\":\"fr-FR\"}]}<\/script>\n<!-- \/ Yoast SEO plugin. -->","yoast_head_json":{"title":"Je m\u2019occupe d\u2019une personne atteinte d\u2019une maladie cardiaque ou d\u2019un AVC - Organisme de soutien aux aidants naturels de l\u2019Ontario","robots":{"index":"noindex","follow":"follow","max-snippet":"max-snippet:-1","max-image-preview":"max-image-preview:large","max-video-preview":"max-video-preview:-1"},"og_locale":"fr_FR","og_type":"article","og_title":"Je m\u2019occupe d\u2019une personne atteinte d\u2019une maladie cardiaque ou d\u2019un AVC - Organisme de soutien aux aidants naturels de l\u2019Ontario","og_description":"Je m\u2019occupe d\u2019une personne atteinte d\u2019une maladie cardiaque ou d\u2019un AVC Les maladies cardiaques d\u00e9signent un groupe de troubles qui affectent la structure et..","og_url":"https:\/\/archive.ontariocaregiver.ca\/fr\/pour-aidants-naturels\/prestations-de-soins\/maladie-cardiaque-avc\/","og_site_name":"Organisme de soutien aux aidants naturels de l\u2019Ontario","article_modified_time":"2023-12-01T20:07:05+00:00","twitter_card":"summary_large_image","twitter_misc":{"Dur\u00e9e de lecture estim\u00e9e":"6 minutes"},"schema":{"@context":"https:\/\/schema.org","@graph":[{"@type":"WebPage","@id":"https:\/\/archive.ontariocaregiver.ca\/fr\/pour-aidants-naturels\/prestations-de-soins\/maladie-cardiaque-avc\/","url":"https:\/\/archive.ontariocaregiver.ca\/fr\/pour-aidants-naturels\/prestations-de-soins\/maladie-cardiaque-avc\/","name":"Je m\u2019occupe d\u2019une personne atteinte d\u2019une maladie cardiaque ou d\u2019un AVC - Organisme de soutien aux aidants naturels de l\u2019Ontario","isPartOf":{"@id":"https:\/\/archive.ontariocaregiver.ca\/fr\/#website"},"datePublished":"2021-09-16T15:25:19+00:00","dateModified":"2023-12-01T20:07:05+00:00","breadcrumb":{"@id":"https:\/\/archive.ontariocaregiver.ca\/fr\/pour-aidants-naturels\/prestations-de-soins\/maladie-cardiaque-avc\/#breadcrumb"},"inLanguage":"fr-FR","potentialAction":[{"@type":"ReadAction","target":["https:\/\/archive.ontariocaregiver.ca\/fr\/pour-aidants-naturels\/prestations-de-soins\/maladie-cardiaque-avc\/"]}]},{"@type":"BreadcrumbList","@id":"https:\/\/archive.ontariocaregiver.ca\/fr\/pour-aidants-naturels\/prestations-de-soins\/maladie-cardiaque-avc\/#breadcrumb","itemListElement":[{"@type":"ListItem","position":1,"name":"Page principale","item":"https:\/\/archive.ontariocaregiver.ca\/fr\/"},{"@type":"ListItem","position":2,"name":"Soutien pour personnes aidantes naturelles","item":"https:\/\/archive.ontariocaregiver.ca\/fr\/pour-aidants-naturels\/"},{"@type":"ListItem","position":3,"name":"Prestations de soins","item":"https:\/\/archive.ontariocaregiver.ca\/fr\/for-caregivers\/health-conditions\/"},{"@type":"ListItem","position":4,"name":"Je m\u2019occupe d\u2019une personne atteinte d\u2019une maladie cardiaque ou d\u2019un AVC"}]},{"@type":"WebSite","@id":"https:\/\/archive.ontariocaregiver.ca\/fr\/#website","url":"https:\/\/archive.ontariocaregiver.ca\/fr\/","name":"Organisme de soutien aux aidants naturels de l\u2019Ontario","description":"","potentialAction":[{"@type":"SearchAction","target":{"@type":"EntryPoint","urlTemplate":"https:\/\/archive.ontariocaregiver.ca\/fr\/?s={search_term_string}"},"query-input":{"@type":"PropertyValueSpecification","valueRequired":true,"valueName":"search_term_string"}}],"inLanguage":"fr-FR"}]}},"ticketed":false,"_links":{"self":[{"href":"https:\/\/archive.ontariocaregiver.ca\/fr\/wp-json\/wp\/v2\/pages\/12236","targetHints":{"allow":["GET"]}}],"collection":[{"href":"https:\/\/archive.ontariocaregiver.ca\/fr\/wp-json\/wp\/v2\/pages"}],"about":[{"href":"https:\/\/archive.ontariocaregiver.ca\/fr\/wp-json\/wp\/v2\/types\/page"}],"author":[{"embeddable":true,"href":"https:\/\/archive.ontariocaregiver.ca\/fr\/wp-json\/wp\/v2\/users\/7"}],"replies":[{"embeddable":true,"href":"https:\/\/archive.ontariocaregiver.ca\/fr\/wp-json\/wp\/v2\/comments?post=12236"}],"version-history":[{"count":6,"href":"https:\/\/archive.ontariocaregiver.ca\/fr\/wp-json\/wp\/v2\/pages\/12236\/revisions"}],"predecessor-version":[{"id":24812,"href":"https:\/\/archive.ontariocaregiver.ca\/fr\/wp-json\/wp\/v2\/pages\/12236\/revisions\/24812"}],"up":[{"embeddable":true,"href":"https:\/\/archive.ontariocaregiver.ca\/fr\/wp-json\/wp\/v2\/pages\/12219"}],"wp:attachment":[{"href":"https:\/\/archive.ontariocaregiver.ca\/fr\/wp-json\/wp\/v2\/media?parent=12236"}],"curies":[{"name":"wp","href":"https:\/\/api.w.org\/{rel}","templated":true}]}}