{"id":12141,"date":"2021-09-13T16:53:08","date_gmt":"2021-09-13T20:53:08","guid":{"rendered":"https:\/\/archive.ontariocaregiver.ca\/?page_id=12141"},"modified":"2021-09-13T16:53:11","modified_gmt":"2021-09-13T20:53:11","slug":"nouvelles-2020","status":"publish","type":"page","link":"https:\/\/archive.ontariocaregiver.ca\/fr\/bulletin-de-nouvelles\/nouvelles-2020\/","title":{"rendered":"Bulletins de nouvelles 2020"},"content":{"rendered":"<div id=\"newsletter-item-block_613fb37057e42\" class=\"newsletter-item \">\n    <div class=\"row\">\n        <div class=\"medium-12 column\">\n            <div class=\"newsletter-title\">\n                                <a href=\"https:\/\/conta.cc\/3phbj72\" target=\"_blank\">\n                    D\u00e9cembre 2020                <\/a>\n            <\/div>\n        <\/div>\n        <div class=\"medium-2 column\">\n            <div class=\"newsletter-thumbnail\">\n                <img loading=\"lazy\" decoding=\"async\" width=\"150\" height=\"220\" src=\"https:\/\/ontariocaregiver.ca\/wp-content\/uploads\/2020\/12\/Bulletin-decembre-2020-apercu.png\" class=\"attachment-full size-full wp-post-image\" alt=\"Bulletin d\u00e9cembre 2020 - aper\u00e7u\" \/>            <\/div>\n        <\/div>\n        <div class=\"medium-10 column\">\n            <div class=\"newsletter-links\">\n            <ul>            <li><a href=\"https:\/\/conta.cc\/3phbj72\" target=\"_blank\">Rapport plein feux<\/a><\/li>\n                        <li><a href=\"https:\/\/conta.cc\/3phbj72\" target=\"_blank\">Webinaires en 2020<\/a><\/li>\n                        <li><a href=\"https:\/\/conta.cc\/3phbj72\" target=\"_blank\">Trouvez du soutien pendant les f\u00eates<\/a><\/li>\n            <\/ul>            <\/div>\n        <\/div>\n    <\/div>\n<\/div>\n\n\n<div id=\"newsletter-item-block_613fb39257e49\" class=\"newsletter-item \">\n    <div class=\"row\">\n        <div class=\"medium-12 column\">\n            <div class=\"newsletter-title\">\n                                <a href=\"https:\/\/conta.cc\/2HYNe4x\" target=\"_blank\">\n                    Novembre 2020                <\/a>\n            <\/div>\n        <\/div>\n        <div class=\"medium-2 column\">\n            <div class=\"newsletter-thumbnail\">\n                <img loading=\"lazy\" decoding=\"async\" width=\"150\" height=\"220\" src=\"https:\/\/ontariocaregiver.ca\/wp-content\/uploads\/2020\/11\/November-2020-newsletter-French.png\" class=\"attachment-full size-full wp-post-image\" alt=\"Bulletin novembre 2020\" \/>            <\/div>\n        <\/div>\n        <div class=\"medium-10 column\">\n            <div class=\"newsletter-links\">\n            <ul>            <li><a href=\"https:\/\/conta.cc\/2HYNe4x\" target=\"_blank\">Notez la date : #AppelezUnAidantNautrel<\/a><\/li>\n                        <li><a href=\"https:\/\/conta.cc\/2HYNe4x\" target=\"_blank\">Le programme ANCR\u00c9 se poursuit et il n\u2019est pas trop tard pour nous rejoindre!<\/a><\/li>\n                        <li><a href=\"https:\/\/conta.cc\/2HYNe4x\" target=\"_blank\">Webinaires de novembres<\/a><\/li>\n                        <li><a href=\"https:\/\/conta.cc\/2HYNe4x\" target=\"_blank\">Webinaires pass\u00e9s<\/a><\/li>\n            <\/ul>            <\/div>\n        <\/div>\n    <\/div>\n<\/div>\n\n\n<div id=\"newsletter-item-block_613fb38f57e48\" class=\"newsletter-item \">\n    <div class=\"row\">\n        <div class=\"medium-12 column\">\n            <div class=\"newsletter-title\">\n                                <a href=\"https:\/\/conta.cc\/3iXaVXC\" target=\"_blank\">\n                    Octobre 2020                <\/a>\n            <\/div>\n        <\/div>\n        <div class=\"medium-2 column\">\n            <div class=\"newsletter-thumbnail\">\n                <img loading=\"lazy\" decoding=\"async\" width=\"150\" height=\"220\" src=\"https:\/\/ontariocaregiver.ca\/wp-content\/uploads\/2020\/10\/October-newsletter-ENGLISH-thumbnail.png\" class=\"attachment-full size-full wp-post-image\" alt=\"Octobre 2020\" \/>            <\/div>\n        <\/div>\n        <div class=\"medium-10 column\">\n            <div class=\"newsletter-links\">\n            <ul>            <li><a href=\"https:\/\/conta.cc\/3iXaVXC\" target=\"_blank\">Le Programme ANCR\u00c9 d\u00e9bute AUJOURD&rsquo;HUI<\/a><\/li>\n                        <li><a href=\"https:\/\/conta.cc\/3iXaVXC\" target=\"_blank\">Webinaires du mois d&rsquo;octobre<\/a><\/li>\n                        <li><a href=\"https:\/\/conta.cc\/3iXaVXC\" target=\"_blank\">Octobre est le mois de la sant\u00e9 au travail<\/a><\/li>\n                        <li><a href=\"https:\/\/conta.cc\/3iXaVXC\" target=\"_blank\">Le 13 novembre est le jour de la gentillesse<\/a><\/li>\n                        <li><a href=\"https:\/\/conta.cc\/3iXaVXC\" target=\"_blank\">Inscriptions maintenant ouvertes pour la conf\u00e9rence virtuelle Hearing Your Voices<\/a><\/li>\n            <\/ul>            <\/div>\n        <\/div>\n    <\/div>\n<\/div>\n\n\n<div id=\"newsletter-item-block_613fb38d57e47\" class=\"newsletter-item \">\n    <div class=\"row\">\n        <div class=\"medium-12 column\">\n            <div class=\"newsletter-title\">\n                                <a href=\"https:\/\/conta.cc\/3cnwCi7\" target=\"_blank\">\n                    Septembre 2020                <\/a>\n            <\/div>\n        <\/div>\n        <div class=\"medium-2 column\">\n            <div class=\"newsletter-thumbnail\">\n                <img loading=\"lazy\" decoding=\"async\" width=\"150\" height=\"220\" src=\"https:\/\/ontariocaregiver.ca\/wp-content\/uploads\/2020\/09\/English-Sept-2020-newsletter.png\" class=\"attachment-full size-full wp-post-image\" alt=\"English Sept 2020 newsletter\" \/>            <\/div>\n        <\/div>\n        <div class=\"medium-10 column\">\n            <div class=\"newsletter-links\">\n            <ul>            <li><a href=\"https:\/\/conta.cc\/3cnwCi7\" target=\"_blank\">Aide aux pairs &#8211; bient\u00f4t disponible en fran\u00e7ais<\/a><\/li>\n                        <li><a href=\"https:\/\/conta.cc\/3cnwCi7\" target=\"_blank\">Pr\u00e9sentation des programmes et services gratuits de l\u2019OSANO<\/a><\/li>\n                        <li><a href=\"https:\/\/conta.cc\/3cnwCi7\" target=\"_blank\">Comit\u00e9 consultatif des aidants naturels<\/a><\/li>\n                        <li><a href=\"https:\/\/conta.cc\/3cnwCi7\" target=\"_blank\">ANCR\u00c9: R\u00e9servez la date<\/a><\/li>\n                        <li><a href=\"https:\/\/conta.cc\/3cnwCi7\" target=\"_blank\">Conf\u00e9rence pour les patients R\u00e9servez ces dates: les 3 et 4 novembre, 2020 <\/a><\/li>\n            <\/ul>            <\/div>\n        <\/div>\n    <\/div>\n<\/div>\n\n\n<div id=\"newsletter-item-block_613fb38b57e46\" class=\"newsletter-item \">\n    <div class=\"row\">\n        <div class=\"medium-12 column\">\n            <div class=\"newsletter-title\">\n                                <a href=\" https:\/\/conta.cc\/34f6ynf\" target=\"_blank\">\n                    Aout 2020                <\/a>\n            <\/div>\n        <\/div>\n        <div class=\"medium-2 column\">\n            <div class=\"newsletter-thumbnail\">\n                <img loading=\"lazy\" decoding=\"async\" width=\"150\" height=\"220\" src=\"https:\/\/ontariocaregiver.ca\/wp-content\/uploads\/2020\/09\/August-newsletter-thumbnail-FRENCH.png\" class=\"attachment-full size-full wp-post-image\" alt=\"Bulletin aout 2020\" \/>            <\/div>\n        <\/div>\n        <div class=\"medium-10 column\">\n            <div class=\"newsletter-links\">\n            <ul>            <li><a href=\" https:\/\/conta.cc\/34f6ynf\" target=\"_blank\">Bo\u00eete \u00e0 outils relative aux partenaires en soins: une ressource pour accueillir les aidants naturels<\/a><\/li>\n                        <li><a href=\" https:\/\/conta.cc\/34f6ynf\" target=\"_blank\">Le programme de soutien par les pairs sera bient\u00f4t disponible en fran\u00e7ais<\/a><\/li>\n                        <li><a href=\" https:\/\/conta.cc\/34f6ynf\" target=\"_blank\">R\u00e9servez cette date: le progamme SCALE sera disponible pour la 3e fois (en anglais seulement)<\/a><\/li>\n            <\/ul>            <\/div>\n        <\/div>\n    <\/div>\n<\/div>\n\n\n<div id=\"newsletter-item-block_613fb38857e45\" class=\"newsletter-item \">\n    <div class=\"row\">\n        <div class=\"medium-12 column\">\n            <div class=\"newsletter-title\">\n                                <a href=\"https:\/\/conta.cc\/38xLokb\" target=\"_blank\">\n                    Juillet 2020                <\/a>\n            <\/div>\n        <\/div>\n        <div class=\"medium-2 column\">\n            <div class=\"newsletter-thumbnail\">\n                <img loading=\"lazy\" decoding=\"async\" width=\"150\" height=\"220\" src=\"https:\/\/ontariocaregiver.ca\/wp-content\/uploads\/2020\/10\/July-newsletter-FRENCH-thumbnail.png\" class=\"attachment-full size-full wp-post-image\" alt=\"Bulletin juillet 2020\" \/>            <\/div>\n        <\/div>\n        <div class=\"medium-10 column\">\n            <div class=\"newsletter-links\">\n            <ul>            <li><a href=\" https:\/\/conta.cc\/38xLokb\" target=\"_blank\">Webinaire : Accueillir de nouveau les familles : \u00e0 quoi s\u2019attendre et comment y parvenir?<\/a><\/li>\n                        <li><a href=\" https:\/\/conta.cc\/38xLokb\" target=\"_blank\">Cultiver la pleine conscience pour favoriser le bien-\u00eatre<\/a><\/li>\n                        <li><a href=\" https:\/\/conta.cc\/38xLokb\" target=\"_blank\">D\u00e9couvrir des strat\u00e9gies pour \u00e9liminer les tensions et pratiquer l\u2019auto-digitopuncture<\/a><\/li>\n            <\/ul>            <\/div>\n        <\/div>\n    <\/div>\n<\/div>\n\n\n<div id=\"newsletter-item-block_613fb38157e43\" class=\"newsletter-item \">\n    <div class=\"row\">\n        <div class=\"medium-12 column\">\n            <div class=\"newsletter-title\">\n                                <a href=\"https:\/\/conta.cc\/3fhvegW\" target=\"_blank\">\n                    Juin 2020                <\/a>\n            <\/div>\n        <\/div>\n        <div class=\"medium-2 column\">\n            <div class=\"newsletter-thumbnail\">\n                <img loading=\"lazy\" decoding=\"async\" width=\"150\" height=\"220\" src=\"https:\/\/ontariocaregiver.ca\/wp-content\/uploads\/2020\/06\/Bulletin-Juin-2020.png\" class=\"attachment-full size-full wp-post-image\" alt=\"Bulletin Juin 2020\" \/>            <\/div>\n        <\/div>\n        <div class=\"medium-10 column\">\n            <div class=\"newsletter-links\">\n            <ul>            <li><a href=\"https:\/\/conta.cc\/3fhvegW\" target=\"_blank\">Webinaire : Parlons ouvertement de la sant\u00e9 mentale pendant la COVID-19<\/a><\/li>\n                        <li><a href=\"https:\/\/conta.cc\/3fhvegW\" target=\"_blank\">Inscrivez-vous gratuitement \u00e0 une consultation individuelle<\/a><\/li>\n                        <li><a href=\"https:\/\/conta.cc\/3fhvegW\" target=\"_blank\">S\u2019occuper d\u2019une personne \u00e2g\u00e9e fragile pendant la COVID-19 : d\u00e9couvrez ce qu\u2019est la fragilit\u00e9, comment pr\u00e9venir les chutes et le r\u00f4le de la nutrition <\/a><\/li>\n                        <li><a href=\"https:\/\/conta.cc\/3fhvegW\" target=\"_blank\">La nouvelle plateforme en ligne Communaut\u00e9 des #aidants naturels met en relation les personnes qui ont besoin d\u2019aide avec celles qui peuvent en procurer<\/a><\/li>\n            <\/ul>            <\/div>\n        <\/div>\n    <\/div>\n<\/div>\n\n\n<div id=\"newsletter-item-block_613fb38557e44\" class=\"newsletter-item \">\n    <div class=\"row\">\n        <div class=\"medium-12 column\">\n            <div class=\"newsletter-title\">\n                                <a href=\"https:\/\/conta.cc\/2PGI3qQ\" target=\"_blank\">\n                    Hiver 2020                <\/a>\n            <\/div>\n        <\/div>\n        <div class=\"medium-2 column\">\n            <div class=\"newsletter-thumbnail\">\n                <img loading=\"lazy\" decoding=\"async\" width=\"150\" height=\"220\" src=\"https:\/\/ontariocaregiver.ca\/wp-content\/uploads\/2020\/10\/Bulletin-hiver-2020.png\" class=\"attachment-full size-full wp-post-image\" alt=\"\" \/>            <\/div>\n        <\/div>\n        <div class=\"medium-10 column\">\n            <div class=\"newsletter-links\">\n            <ul>            <li><a href=\"https:\/\/conta.cc\/2PGI3qQ\" target=\"_blank\">Le programme de soutien aux Aidants naturels pour favoriser la Conscience de soi, la Reconnaissance et l\u2019\u00c9ducation (ANCR\u00c9)<\/a><\/li>\n                        <li><a href=\"https:\/\/conta.cc\/2PGI3qQ\" target=\"_blank\">Bo\u00eete \u00e0 outils pour les aidants naturels occupant un emploi<\/a><\/li>\n                        <li><a href=\"https:\/\/conta.cc\/2PGI3qQ\" target=\"_blank\">Listes de lecture vid\u00e9o sur la prestation de soins (en anglais)<\/a><\/li>\n            <\/ul>            <\/div>\n        <\/div>\n    <\/div>\n<\/div>\n","protected":false},"excerpt":{"rendered":"","protected":false},"author":7,"featured_media":8301,"parent":6247,"menu_order":0,"comment_status":"closed","ping_status":"closed","template":"","meta":{"_acf_changed":false,"_relevanssi_hide_post":"","_relevanssi_hide_content":"","_relevanssi_pin_for_all":"","_relevanssi_pin_keywords":"","_relevanssi_unpin_keywords":"","_relevanssi_related_keywords":"","_relevanssi_related_include_ids":"","_relevanssi_related_exclude_ids":"","_relevanssi_related_no_append":"","_relevanssi_related_not_related":"","_relevanssi_related_posts":"","_relevanssi_noindex_reason":"","_price":"","_stock":"","_tribe_ticket_header":"","_tribe_default_ticket_provider":"","_tribe_ticket_capacity":"0","_ticket_start_date":"","_ticket_end_date":"","_tribe_ticket_show_description":"","_tribe_ticket_show_not_going":false,"_tribe_ticket_use_global_stock":"","_tribe_ticket_global_stock_level":"","_global_stock_mode":"","_global_stock_cap":"","_tribe_rsvp_for_event":"","_tribe_ticket_going_count":"","_tribe_ticket_not_going_count":"","_tribe_tickets_list":[],"_tribe_ticket_has_attendee_info_fields":false,"footnotes":""},"class_list":["post-12141","page","type-page","status-publish","has-post-thumbnail","hentry"],"acf":[],"yoast_head":"<!-- This site is optimized with the Yoast SEO plugin v25.8 - https:\/\/yoast.com\/wordpress\/plugins\/seo\/ -->\n<title>Bulletins de nouvelles 2020 - Organisme de soutien aux aidants naturels de l\u2019Ontario<\/title>\n<meta name=\"robots\" content=\"noindex, follow, max-snippet:-1, max-image-preview:large, max-video-preview:-1\" \/>\n<meta property=\"og:locale\" content=\"fr_FR\" \/>\n<meta property=\"og:type\" content=\"article\" \/>\n<meta property=\"og:title\" content=\"Bulletins de nouvelles 2020 - Organisme de soutien aux aidants naturels de l\u2019Ontario\" \/>\n<meta property=\"og:url\" content=\"https:\/\/archive.ontariocaregiver.ca\/fr\/bulletin-de-nouvelles\/nouvelles-2020\/\" \/>\n<meta property=\"og:site_name\" content=\"Organisme de soutien aux aidants naturels de l\u2019Ontario\" \/>\n<meta property=\"article:modified_time\" content=\"2021-09-13T20:53:11+00:00\" \/>\n<meta property=\"og:image\" content=\"https:\/\/ontariocaregiver.ca\/wp-content\/uploads\/2021\/01\/SCALE-program.jpg\" \/>\n\t<meta property=\"og:image:width\" content=\"800\" \/>\n\t<meta property=\"og:image:height\" content=\"400\" \/>\n\t<meta property=\"og:image:type\" content=\"image\/jpeg\" \/>\n<meta name=\"twitter:card\" content=\"summary_large_image\" \/>\n<script type=\"application\/ld+json\" class=\"yoast-schema-graph\">{\"@context\":\"https:\/\/schema.org\",\"@graph\":[{\"@type\":\"WebPage\",\"@id\":\"https:\/\/archive.ontariocaregiver.ca\/fr\/bulletin-de-nouvelles\/nouvelles-2020\/\",\"url\":\"https:\/\/archive.ontariocaregiver.ca\/fr\/bulletin-de-nouvelles\/nouvelles-2020\/\",\"name\":\"Bulletins de nouvelles 2020 - Organisme de soutien aux aidants naturels de l\u2019Ontario\",\"isPartOf\":{\"@id\":\"https:\/\/archive.ontariocaregiver.ca\/fr\/#website\"},\"primaryImageOfPage\":{\"@id\":\"https:\/\/archive.ontariocaregiver.ca\/fr\/bulletin-de-nouvelles\/nouvelles-2020\/#primaryimage\"},\"image\":{\"@id\":\"https:\/\/archive.ontariocaregiver.ca\/fr\/bulletin-de-nouvelles\/nouvelles-2020\/#primaryimage\"},\"thumbnailUrl\":\"https:\/\/ontariocaregiver.ca\/wp-content\/uploads\/2021\/01\/SCALE-program.jpg\",\"datePublished\":\"2021-09-13T20:53:08+00:00\",\"dateModified\":\"2021-09-13T20:53:11+00:00\",\"breadcrumb\":{\"@id\":\"https:\/\/archive.ontariocaregiver.ca\/fr\/bulletin-de-nouvelles\/nouvelles-2020\/#breadcrumb\"},\"inLanguage\":\"fr-FR\",\"potentialAction\":[{\"@type\":\"ReadAction\",\"target\":[\"https:\/\/archive.ontariocaregiver.ca\/fr\/bulletin-de-nouvelles\/nouvelles-2020\/\"]}]},{\"@type\":\"ImageObject\",\"inLanguage\":\"fr-FR\",\"@id\":\"https:\/\/archive.ontariocaregiver.ca\/fr\/bulletin-de-nouvelles\/nouvelles-2020\/#primaryimage\",\"url\":\"https:\/\/ontariocaregiver.ca\/wp-content\/uploads\/2021\/01\/SCALE-program.jpg\",\"contentUrl\":\"https:\/\/ontariocaregiver.ca\/wp-content\/uploads\/2021\/01\/SCALE-program.jpg\",\"width\":800,\"height\":400},{\"@type\":\"BreadcrumbList\",\"@id\":\"https:\/\/archive.ontariocaregiver.ca\/fr\/bulletin-de-nouvelles\/nouvelles-2020\/#breadcrumb\",\"itemListElement\":[{\"@type\":\"ListItem\",\"position\":1,\"name\":\"Page principale\",\"item\":\"https:\/\/archive.ontariocaregiver.ca\/fr\/\"},{\"@type\":\"ListItem\",\"position\":2,\"name\":\"Bulletin de nouvelles\",\"item\":\"https:\/\/archive.ontariocaregiver.ca\/fr\/newsletter\/\"},{\"@type\":\"ListItem\",\"position\":3,\"name\":\"Bulletins de nouvelles 2020\"}]},{\"@type\":\"WebSite\",\"@id\":\"https:\/\/archive.ontariocaregiver.ca\/fr\/#website\",\"url\":\"https:\/\/archive.ontariocaregiver.ca\/fr\/\",\"name\":\"Organisme de soutien aux aidants naturels de l\u2019Ontario\",\"description\":\"\",\"potentialAction\":[{\"@type\":\"SearchAction\",\"target\":{\"@type\":\"EntryPoint\",\"urlTemplate\":\"https:\/\/archive.ontariocaregiver.ca\/fr\/?s={search_term_string}\"},\"query-input\":{\"@type\":\"PropertyValueSpecification\",\"valueRequired\":true,\"valueName\":\"search_term_string\"}}],\"inLanguage\":\"fr-FR\"}]}<\/script>\n<!-- \/ Yoast SEO plugin. -->","yoast_head_json":{"title":"Bulletins de nouvelles 2020 - Organisme de soutien aux aidants naturels de l\u2019Ontario","robots":{"index":"noindex","follow":"follow","max-snippet":"max-snippet:-1","max-image-preview":"max-image-preview:large","max-video-preview":"max-video-preview:-1"},"og_locale":"fr_FR","og_type":"article","og_title":"Bulletins de nouvelles 2020 - Organisme de soutien aux aidants naturels de l\u2019Ontario","og_url":"https:\/\/archive.ontariocaregiver.ca\/fr\/bulletin-de-nouvelles\/nouvelles-2020\/","og_site_name":"Organisme de soutien aux aidants naturels de l\u2019Ontario","article_modified_time":"2021-09-13T20:53:11+00:00","og_image":[{"width":800,"height":400,"url":"https:\/\/ontariocaregiver.ca\/wp-content\/uploads\/2021\/01\/SCALE-program.jpg","type":"image\/jpeg"}],"twitter_card":"summary_large_image","schema":{"@context":"https:\/\/schema.org","@graph":[{"@type":"WebPage","@id":"https:\/\/archive.ontariocaregiver.ca\/fr\/bulletin-de-nouvelles\/nouvelles-2020\/","url":"https:\/\/archive.ontariocaregiver.ca\/fr\/bulletin-de-nouvelles\/nouvelles-2020\/","name":"Bulletins de nouvelles 2020 - Organisme de soutien aux aidants naturels de l\u2019Ontario","isPartOf":{"@id":"https:\/\/archive.ontariocaregiver.ca\/fr\/#website"},"primaryImageOfPage":{"@id":"https:\/\/archive.ontariocaregiver.ca\/fr\/bulletin-de-nouvelles\/nouvelles-2020\/#primaryimage"},"image":{"@id":"https:\/\/archive.ontariocaregiver.ca\/fr\/bulletin-de-nouvelles\/nouvelles-2020\/#primaryimage"},"thumbnailUrl":"https:\/\/ontariocaregiver.ca\/wp-content\/uploads\/2021\/01\/SCALE-program.jpg","datePublished":"2021-09-13T20:53:08+00:00","dateModified":"2021-09-13T20:53:11+00:00","breadcrumb":{"@id":"https:\/\/archive.ontariocaregiver.ca\/fr\/bulletin-de-nouvelles\/nouvelles-2020\/#breadcrumb"},"inLanguage":"fr-FR","potentialAction":[{"@type":"ReadAction","target":["https:\/\/archive.ontariocaregiver.ca\/fr\/bulletin-de-nouvelles\/nouvelles-2020\/"]}]},{"@type":"ImageObject","inLanguage":"fr-FR","@id":"https:\/\/archive.ontariocaregiver.ca\/fr\/bulletin-de-nouvelles\/nouvelles-2020\/#primaryimage","url":"https:\/\/ontariocaregiver.ca\/wp-content\/uploads\/2021\/01\/SCALE-program.jpg","contentUrl":"https:\/\/ontariocaregiver.ca\/wp-content\/uploads\/2021\/01\/SCALE-program.jpg","width":800,"height":400},{"@type":"BreadcrumbList","@id":"https:\/\/archive.ontariocaregiver.ca\/fr\/bulletin-de-nouvelles\/nouvelles-2020\/#breadcrumb","itemListElement":[{"@type":"ListItem","position":1,"name":"Page principale","item":"https:\/\/archive.ontariocaregiver.ca\/fr\/"},{"@type":"ListItem","position":2,"name":"Bulletin de nouvelles","item":"https:\/\/archive.ontariocaregiver.ca\/fr\/newsletter\/"},{"@type":"ListItem","position":3,"name":"Bulletins de nouvelles 2020"}]},{"@type":"WebSite","@id":"https:\/\/archive.ontariocaregiver.ca\/fr\/#website","url":"https:\/\/archive.ontariocaregiver.ca\/fr\/","name":"Organisme de soutien aux aidants naturels de l\u2019Ontario","description":"","potentialAction":[{"@type":"SearchAction","target":{"@type":"EntryPoint","urlTemplate":"https:\/\/archive.ontariocaregiver.ca\/fr\/?s={search_term_string}"},"query-input":{"@type":"PropertyValueSpecification","valueRequired":true,"valueName":"search_term_string"}}],"inLanguage":"fr-FR"}]}},"ticketed":false,"_links":{"self":[{"href":"https:\/\/archive.ontariocaregiver.ca\/fr\/wp-json\/wp\/v2\/pages\/12141","targetHints":{"allow":["GET"]}}],"collection":[{"href":"https:\/\/archive.ontariocaregiver.ca\/fr\/wp-json\/wp\/v2\/pages"}],"about":[{"href":"https:\/\/archive.ontariocaregiver.ca\/fr\/wp-json\/wp\/v2\/types\/page"}],"author":[{"embeddable":true,"href":"https:\/\/archive.ontariocaregiver.ca\/fr\/wp-json\/wp\/v2\/users\/7"}],"replies":[{"embeddable":true,"href":"https:\/\/archive.ontariocaregiver.ca\/fr\/wp-json\/wp\/v2\/comments?post=12141"}],"version-history":[{"count":2,"href":"https:\/\/archive.ontariocaregiver.ca\/fr\/wp-json\/wp\/v2\/pages\/12141\/revisions"}],"predecessor-version":[{"id":12147,"href":"https:\/\/archive.ontariocaregiver.ca\/fr\/wp-json\/wp\/v2\/pages\/12141\/revisions\/12147"}],"up":[{"embeddable":true,"href":"https:\/\/archive.ontariocaregiver.ca\/fr\/wp-json\/wp\/v2\/pages\/6247"}],"wp:featuredmedia":[{"embeddable":true,"href":"https:\/\/archive.ontariocaregiver.ca\/fr\/wp-json\/wp\/v2\/media\/8301"}],"wp:attachment":[{"href":"https:\/\/archive.ontariocaregiver.ca\/fr\/wp-json\/wp\/v2\/media?parent=12141"}],"curies":[{"name":"wp","href":"https:\/\/api.w.org\/{rel}","templated":true}]}}