{"id":12140,"date":"2021-09-13T16:46:19","date_gmt":"2021-09-13T20:46:19","guid":{"rendered":"https:\/\/archive.ontariocaregiver.ca\/?page_id=12140"},"modified":"2021-09-13T16:48:12","modified_gmt":"2021-09-13T20:48:12","slug":"nouvelles-2019","status":"publish","type":"page","link":"https:\/\/archive.ontariocaregiver.ca\/fr\/bulletin-de-nouvelles\/nouvelles-2019\/","title":{"rendered":"Bulletin de nouvelles 2019"},"content":{"rendered":"<div id=\"newsletter-item-block_613fafa94cac3\" class=\"newsletter-item \">\n    <div class=\"row\">\n        <div class=\"medium-12 column\">\n            <div class=\"newsletter-title\">\n                                <a href=\"https:\/\/conta.cc\/2sCUrQ6\" target=\"_blank\">\n                    Les f\u00eates 2019                <\/a>\n            <\/div>\n        <\/div>\n        <div class=\"medium-2 column\">\n            <div class=\"newsletter-thumbnail\">\n                <img loading=\"lazy\" decoding=\"async\" width=\"150\" height=\"220\" src=\"https:\/\/ontariocaregiver.ca\/wp-content\/uploads\/2020\/10\/Bulletin-f\u00eates-2019.png\" class=\"attachment-full size-full wp-post-image\" alt=\"Bulletin f\u00eates 2019\" \/>            <\/div>\n        <\/div>\n        <div class=\"medium-10 column\">\n            <div class=\"newsletter-links\">\n            <ul>            <li><a href=\"https:\/\/conta.cc\/2sCUrQ6\" target=\"_blank\">R\u00e9imaginez un temps des f\u00eates \u00ab parfait \u00bb<\/a><\/li>\n                        <li><a href=\"https:\/\/conta.cc\/2sCUrQ6\" target=\"_blank\">Groupe de travail Employeurs soutenant les aidants naturels <\/a><\/li>\n                        <li><a href=\"https:\/\/conta.cc\/2sCUrQ6\" target=\"_blank\">Message d\u2019int\u00e9r\u00eat public &#8211; lancement de la ligne d&rsquo;assistance<\/a><\/li>\n            <\/ul>            <\/div>\n        <\/div>\n    <\/div>\n<\/div>\n\n\n<div id=\"newsletter-item-block_613fafd74cac7\" class=\"newsletter-item \">\n    <div class=\"row\">\n        <div class=\"medium-12 column\">\n            <div class=\"newsletter-title\">\n                                <a href=\"\" target=\"\">\n                                    <\/a>\n            <\/div>\n        <\/div>\n        <div class=\"medium-2 column\">\n            <div class=\"newsletter-thumbnail\">\n                <img loading=\"lazy\" decoding=\"async\" width=\"150\" height=\"220\" src=\"https:\/\/ontariocaregiver.ca\/wp-content\/uploads\/2020\/06\/OCO-Fall-Newsletter-2019.png\" class=\"attachment-full size-full wp-post-image\" alt=\"Automne 2019\" \/>            <\/div>\n        <\/div>\n        <div class=\"medium-10 column\">\n            <div class=\"newsletter-links\">\n                        <\/div>\n        <\/div>\n    <\/div>\n<\/div>\n\n\n<div id=\"newsletter-item-block_613fafd44cac6\" class=\"newsletter-item \">\n    <div class=\"row\">\n        <div class=\"medium-12 column\">\n            <div class=\"newsletter-title\">\n                                <a href=\"\" target=\"\">\n                                    <\/a>\n            <\/div>\n        <\/div>\n        <div class=\"medium-2 column\">\n            <div class=\"newsletter-thumbnail\">\n                            <\/div>\n        <\/div>\n        <div class=\"medium-10 column\">\n            <div class=\"newsletter-links\">\n                        <\/div>\n        <\/div>\n    <\/div>\n<\/div>\n\n\n<div id=\"newsletter-item-block_613fafc94cac5\" class=\"newsletter-item \">\n    <div class=\"row\">\n        <div class=\"medium-12 column\">\n            <div class=\"newsletter-title\">\n                                <a href=\"https:\/\/conta.cc\/2JQ8irR\" target=\"_blank\">\n                    Hiver 2019                <\/a>\n            <\/div>\n        <\/div>\n        <div class=\"medium-2 column\">\n            <div class=\"newsletter-thumbnail\">\n                <img loading=\"lazy\" decoding=\"async\" width=\"150\" height=\"220\" src=\"https:\/\/ontariocaregiver.ca\/wp-content\/uploads\/2020\/10\/Bulletin-Hiver-2019-lancement-ligne-dassistance.png\" class=\"attachment-full size-full wp-post-image\" alt=\"Bulletin Hiver 2019 lancement ligne d&#039;assistance\" \/>            <\/div>\n        <\/div>\n        <div class=\"medium-10 column\">\n            <div class=\"newsletter-links\">\n            <ul>            <li><a href=\"https:\/\/conta.cc\/2JQ8irR\" target=\"_blank\">Lancement de la Ligne d\u2019assistance pour les aidants naturels de l\u2019Ontario <\/a><\/li>\n                        <li><a href=\"https:\/\/conta.cc\/2JQ8irR\" target=\"_blank\">Rapport Plein feux (Spotlight on Ontario\u2019s Caregivers) 2019<\/a><\/li>\n                        <li><a href=\"https:\/\/conta.cc\/2JQ8irR\" target=\"_blank\">Ateliers de cocr\u00e9ation  Les 20 et 23 novembre<\/a><\/li>\n                        <li><a href=\"https:\/\/conta.cc\/2JQ8irR\" target=\"_blank\">Devenez b\u00e9n\u00e9vole<\/a><\/li>\n            <\/ul>            <\/div>\n        <\/div>\n    <\/div>\n<\/div>\n\n\n<div id=\"newsletter-item-block_613fafc44cac4\" class=\"newsletter-item \">\n    <div class=\"row\">\n        <div class=\"medium-12 column\">\n            <div class=\"newsletter-title\">\n                                <a href=\"https:\/\/conta.cc\/2G7WjFd\" target=\"_blank\">\n                    Nouvel an 2019                <\/a>\n            <\/div>\n        <\/div>\n        <div class=\"medium-2 column\">\n            <div class=\"newsletter-thumbnail\">\n                <img loading=\"lazy\" decoding=\"async\" width=\"150\" height=\"220\" src=\"https:\/\/ontariocaregiver.ca\/wp-content\/uploads\/2020\/08\/Bulletin-nouvel-an-2019.png\" class=\"attachment-full size-full wp-post-image\" alt=\"Bulletin nouvel an 2019\" \/>            <\/div>\n        <\/div>\n        <div class=\"medium-10 column\">\n            <div class=\"newsletter-links\">\n            <ul>            <li><a href=\"https:\/\/conta.cc\/2G7WjFd\" target=\"_blank\">La r\u00e9solution du Nouvel An \u00e0 envisager s\u00e9rieusement si vous \u00eates une personne soignante<\/a><\/li>\n                        <li><a href=\"https:\/\/conta.cc\/2G7WjFd\" target=\"_blank\">Conseil sur les imp\u00f4ts pour les personnes soignantes<\/a><\/li>\n                        <li><a href=\"https:\/\/conta.cc\/2G7WjFd\" target=\"_blank\">Les jeunes personnes soignantes: la population invisible<\/a><\/li>\n                        <li><a href=\"https:\/\/conta.cc\/2G7WjFd\" target=\"_blank\">Nous voulons de vos nouvelles.<\/a><\/li>\n            <\/ul>            <\/div>\n        <\/div>\n    <\/div>\n<\/div>\n","protected":false},"excerpt":{"rendered":"","protected":false},"author":7,"featured_media":6131,"parent":6247,"menu_order":0,"comment_status":"closed","ping_status":"closed","template":"","meta":{"_acf_changed":false,"_relevanssi_hide_post":"","_relevanssi_hide_content":"","_relevanssi_pin_for_all":"","_relevanssi_pin_keywords":"","_relevanssi_unpin_keywords":"","_relevanssi_related_keywords":"","_relevanssi_related_include_ids":"","_relevanssi_related_exclude_ids":"","_relevanssi_related_no_append":"","_relevanssi_related_not_related":"","_relevanssi_related_posts":"","_relevanssi_noindex_reason":"","_price":"","_stock":"","_tribe_ticket_header":"","_tribe_default_ticket_provider":"","_tribe_ticket_capacity":"0","_ticket_start_date":"","_ticket_end_date":"","_tribe_ticket_show_description":"","_tribe_ticket_show_not_going":false,"_tribe_ticket_use_global_stock":"","_tribe_ticket_global_stock_level":"","_global_stock_mode":"","_global_stock_cap":"","_tribe_rsvp_for_event":"","_tribe_ticket_going_count":"","_tribe_ticket_not_going_count":"","_tribe_tickets_list":[],"_tribe_ticket_has_attendee_info_fields":false,"footnotes":""},"class_list":["post-12140","page","type-page","status-publish","has-post-thumbnail","hentry"],"acf":[],"yoast_head":"<!-- This site is optimized with the Yoast SEO plugin v25.8 - https:\/\/yoast.com\/wordpress\/plugins\/seo\/ -->\n<title>Bulletin de nouvelles 2019 - Organisme de soutien aux aidants naturels de l\u2019Ontario<\/title>\n<meta name=\"robots\" content=\"noindex, follow, max-snippet:-1, max-image-preview:large, max-video-preview:-1\" \/>\n<meta property=\"og:locale\" content=\"fr_FR\" \/>\n<meta property=\"og:type\" content=\"article\" \/>\n<meta property=\"og:title\" content=\"Bulletin de nouvelles 2019 - Organisme de soutien aux aidants naturels de l\u2019Ontario\" \/>\n<meta property=\"og:url\" content=\"https:\/\/archive.ontariocaregiver.ca\/fr\/bulletin-de-nouvelles\/nouvelles-2019\/\" \/>\n<meta property=\"og:site_name\" content=\"Organisme de soutien aux aidants naturels de l\u2019Ontario\" \/>\n<meta property=\"article:modified_time\" content=\"2021-09-13T20:48:12+00:00\" \/>\n<meta property=\"og:image\" content=\"https:\/\/ontariocaregiver.ca\/wp-content\/uploads\/2019\/10\/Banner_07_Newsletter-scaled.jpg\" \/>\n\t<meta property=\"og:image:width\" content=\"2560\" \/>\n\t<meta property=\"og:image:height\" content=\"612\" \/>\n\t<meta property=\"og:image:type\" content=\"image\/jpeg\" \/>\n<meta name=\"twitter:card\" content=\"summary_large_image\" \/>\n<script type=\"application\/ld+json\" class=\"yoast-schema-graph\">{\"@context\":\"https:\/\/schema.org\",\"@graph\":[{\"@type\":\"WebPage\",\"@id\":\"https:\/\/archive.ontariocaregiver.ca\/fr\/bulletin-de-nouvelles\/nouvelles-2019\/\",\"url\":\"https:\/\/archive.ontariocaregiver.ca\/fr\/bulletin-de-nouvelles\/nouvelles-2019\/\",\"name\":\"Bulletin de nouvelles 2019 - Organisme de soutien aux aidants naturels de l\u2019Ontario\",\"isPartOf\":{\"@id\":\"https:\/\/archive.ontariocaregiver.ca\/fr\/#website\"},\"primaryImageOfPage\":{\"@id\":\"https:\/\/archive.ontariocaregiver.ca\/fr\/bulletin-de-nouvelles\/nouvelles-2019\/#primaryimage\"},\"image\":{\"@id\":\"https:\/\/archive.ontariocaregiver.ca\/fr\/bulletin-de-nouvelles\/nouvelles-2019\/#primaryimage\"},\"thumbnailUrl\":\"https:\/\/ontariocaregiver.ca\/wp-content\/uploads\/2019\/10\/Banner_07_Newsletter-scaled.jpg\",\"datePublished\":\"2021-09-13T20:46:19+00:00\",\"dateModified\":\"2021-09-13T20:48:12+00:00\",\"breadcrumb\":{\"@id\":\"https:\/\/archive.ontariocaregiver.ca\/fr\/bulletin-de-nouvelles\/nouvelles-2019\/#breadcrumb\"},\"inLanguage\":\"fr-FR\",\"potentialAction\":[{\"@type\":\"ReadAction\",\"target\":[\"https:\/\/archive.ontariocaregiver.ca\/fr\/bulletin-de-nouvelles\/nouvelles-2019\/\"]}]},{\"@type\":\"ImageObject\",\"inLanguage\":\"fr-FR\",\"@id\":\"https:\/\/archive.ontariocaregiver.ca\/fr\/bulletin-de-nouvelles\/nouvelles-2019\/#primaryimage\",\"url\":\"https:\/\/ontariocaregiver.ca\/wp-content\/uploads\/2019\/10\/Banner_07_Newsletter-scaled.jpg\",\"contentUrl\":\"https:\/\/ontariocaregiver.ca\/wp-content\/uploads\/2019\/10\/Banner_07_Newsletter-scaled.jpg\",\"width\":2560,\"height\":612,\"caption\":\"Two young men smile over a laptop outside\"},{\"@type\":\"BreadcrumbList\",\"@id\":\"https:\/\/archive.ontariocaregiver.ca\/fr\/bulletin-de-nouvelles\/nouvelles-2019\/#breadcrumb\",\"itemListElement\":[{\"@type\":\"ListItem\",\"position\":1,\"name\":\"Page principale\",\"item\":\"https:\/\/archive.ontariocaregiver.ca\/fr\/\"},{\"@type\":\"ListItem\",\"position\":2,\"name\":\"Bulletin de nouvelles\",\"item\":\"https:\/\/archive.ontariocaregiver.ca\/fr\/newsletter\/\"},{\"@type\":\"ListItem\",\"position\":3,\"name\":\"Bulletin de nouvelles 2019\"}]},{\"@type\":\"WebSite\",\"@id\":\"https:\/\/archive.ontariocaregiver.ca\/fr\/#website\",\"url\":\"https:\/\/archive.ontariocaregiver.ca\/fr\/\",\"name\":\"Organisme de soutien aux aidants naturels de l\u2019Ontario\",\"description\":\"\",\"potentialAction\":[{\"@type\":\"SearchAction\",\"target\":{\"@type\":\"EntryPoint\",\"urlTemplate\":\"https:\/\/archive.ontariocaregiver.ca\/fr\/?s={search_term_string}\"},\"query-input\":{\"@type\":\"PropertyValueSpecification\",\"valueRequired\":true,\"valueName\":\"search_term_string\"}}],\"inLanguage\":\"fr-FR\"}]}<\/script>\n<!-- \/ Yoast SEO plugin. -->","yoast_head_json":{"title":"Bulletin de nouvelles 2019 - Organisme de soutien aux aidants naturels de l\u2019Ontario","robots":{"index":"noindex","follow":"follow","max-snippet":"max-snippet:-1","max-image-preview":"max-image-preview:large","max-video-preview":"max-video-preview:-1"},"og_locale":"fr_FR","og_type":"article","og_title":"Bulletin de nouvelles 2019 - Organisme de soutien aux aidants naturels de l\u2019Ontario","og_url":"https:\/\/archive.ontariocaregiver.ca\/fr\/bulletin-de-nouvelles\/nouvelles-2019\/","og_site_name":"Organisme de soutien aux aidants naturels de l\u2019Ontario","article_modified_time":"2021-09-13T20:48:12+00:00","og_image":[{"width":2560,"height":612,"url":"https:\/\/ontariocaregiver.ca\/wp-content\/uploads\/2019\/10\/Banner_07_Newsletter-scaled.jpg","type":"image\/jpeg"}],"twitter_card":"summary_large_image","schema":{"@context":"https:\/\/schema.org","@graph":[{"@type":"WebPage","@id":"https:\/\/archive.ontariocaregiver.ca\/fr\/bulletin-de-nouvelles\/nouvelles-2019\/","url":"https:\/\/archive.ontariocaregiver.ca\/fr\/bulletin-de-nouvelles\/nouvelles-2019\/","name":"Bulletin de nouvelles 2019 - Organisme de soutien aux aidants naturels de l\u2019Ontario","isPartOf":{"@id":"https:\/\/archive.ontariocaregiver.ca\/fr\/#website"},"primaryImageOfPage":{"@id":"https:\/\/archive.ontariocaregiver.ca\/fr\/bulletin-de-nouvelles\/nouvelles-2019\/#primaryimage"},"image":{"@id":"https:\/\/archive.ontariocaregiver.ca\/fr\/bulletin-de-nouvelles\/nouvelles-2019\/#primaryimage"},"thumbnailUrl":"https:\/\/ontariocaregiver.ca\/wp-content\/uploads\/2019\/10\/Banner_07_Newsletter-scaled.jpg","datePublished":"2021-09-13T20:46:19+00:00","dateModified":"2021-09-13T20:48:12+00:00","breadcrumb":{"@id":"https:\/\/archive.ontariocaregiver.ca\/fr\/bulletin-de-nouvelles\/nouvelles-2019\/#breadcrumb"},"inLanguage":"fr-FR","potentialAction":[{"@type":"ReadAction","target":["https:\/\/archive.ontariocaregiver.ca\/fr\/bulletin-de-nouvelles\/nouvelles-2019\/"]}]},{"@type":"ImageObject","inLanguage":"fr-FR","@id":"https:\/\/archive.ontariocaregiver.ca\/fr\/bulletin-de-nouvelles\/nouvelles-2019\/#primaryimage","url":"https:\/\/ontariocaregiver.ca\/wp-content\/uploads\/2019\/10\/Banner_07_Newsletter-scaled.jpg","contentUrl":"https:\/\/ontariocaregiver.ca\/wp-content\/uploads\/2019\/10\/Banner_07_Newsletter-scaled.jpg","width":2560,"height":612,"caption":"Two young men smile over a laptop outside"},{"@type":"BreadcrumbList","@id":"https:\/\/archive.ontariocaregiver.ca\/fr\/bulletin-de-nouvelles\/nouvelles-2019\/#breadcrumb","itemListElement":[{"@type":"ListItem","position":1,"name":"Page principale","item":"https:\/\/archive.ontariocaregiver.ca\/fr\/"},{"@type":"ListItem","position":2,"name":"Bulletin de nouvelles","item":"https:\/\/archive.ontariocaregiver.ca\/fr\/newsletter\/"},{"@type":"ListItem","position":3,"name":"Bulletin de nouvelles 2019"}]},{"@type":"WebSite","@id":"https:\/\/archive.ontariocaregiver.ca\/fr\/#website","url":"https:\/\/archive.ontariocaregiver.ca\/fr\/","name":"Organisme de soutien aux aidants naturels de l\u2019Ontario","description":"","potentialAction":[{"@type":"SearchAction","target":{"@type":"EntryPoint","urlTemplate":"https:\/\/archive.ontariocaregiver.ca\/fr\/?s={search_term_string}"},"query-input":{"@type":"PropertyValueSpecification","valueRequired":true,"valueName":"search_term_string"}}],"inLanguage":"fr-FR"}]}},"ticketed":false,"_links":{"self":[{"href":"https:\/\/archive.ontariocaregiver.ca\/fr\/wp-json\/wp\/v2\/pages\/12140","targetHints":{"allow":["GET"]}}],"collection":[{"href":"https:\/\/archive.ontariocaregiver.ca\/fr\/wp-json\/wp\/v2\/pages"}],"about":[{"href":"https:\/\/archive.ontariocaregiver.ca\/fr\/wp-json\/wp\/v2\/types\/page"}],"author":[{"embeddable":true,"href":"https:\/\/archive.ontariocaregiver.ca\/fr\/wp-json\/wp\/v2\/users\/7"}],"replies":[{"embeddable":true,"href":"https:\/\/archive.ontariocaregiver.ca\/fr\/wp-json\/wp\/v2\/comments?post=12140"}],"version-history":[{"count":3,"href":"https:\/\/archive.ontariocaregiver.ca\/fr\/wp-json\/wp\/v2\/pages\/12140\/revisions"}],"predecessor-version":[{"id":12144,"href":"https:\/\/archive.ontariocaregiver.ca\/fr\/wp-json\/wp\/v2\/pages\/12140\/revisions\/12144"}],"up":[{"embeddable":true,"href":"https:\/\/archive.ontariocaregiver.ca\/fr\/wp-json\/wp\/v2\/pages\/6247"}],"wp:featuredmedia":[{"embeddable":true,"href":"https:\/\/archive.ontariocaregiver.ca\/fr\/wp-json\/wp\/v2\/media\/6131"}],"wp:attachment":[{"href":"https:\/\/archive.ontariocaregiver.ca\/fr\/wp-json\/wp\/v2\/media?parent=12140"}],"curies":[{"name":"wp","href":"https:\/\/api.w.org\/{rel}","templated":true}]}}