{"id":1213,"date":"2020-01-06T14:55:51","date_gmt":"2020-01-06T19:55:51","guid":{"rendered":"https:\/\/archive.ontariocaregiver.ca\/?page_id=1213"},"modified":"2020-12-09T05:51:06","modified_gmt":"2020-12-09T10:51:06","slug":"rapport-pleins-feux-2019","status":"publish","type":"page","link":"https:\/\/archive.ontariocaregiver.ca\/fr\/publications\/rapport-pleins-feux-2019\/","title":{"rendered":"Rapport pleins feux"},"content":{"rendered":"\n<h2 class=\"wp-block-heading\"><strong>Rapport \u201cPleins feux\u201d <\/strong><\/h2>\n\n\n\n<h3 class=\"wp-block-heading\">Un sondage r\u00e9alis\u00e9 en 2019 r\u00e9v\u00e8le que les aidants naturels de l\u2019Ontario, qui sont en difficult\u00e9, ont besoin de plus de soutien &nbsp;&nbsp;<\/h3>\n\n\n\n<p>Le deuxi\u00e8me rapport annuel <em>Pleins feux&nbsp;sur les aidants naturels de\nl\u2019Ontario<\/em> r\u00e9dig\u00e9 en partenariat avec <em>The\nChange Foundation<\/em> et qui inclut un sondage men\u00e9 par <em>Pollara Strategic Insights<\/em> continue sur la lanc\u00e9e du rapport\ninaugural de 2018 et, pour la premi\u00e8re fois, identifie certaines tendances dans\nles exp\u00e9riences des aidants naturels ontariens. &nbsp;<\/p>\n\n\n\n<p>Ce sondage examine de mani\u00e8re\napprofondie le r\u00f4le des aidants naturels au sein du syst\u00e8me de sant\u00e9, le type\nde t\u00e2ches qu\u2019ils ex\u00e9cutent, les obligations financi\u00e8res et en mati\u00e8re de temps connexes\net l\u2019impact du r\u00f4le des aidants sur leur sant\u00e9 mentale, physique et \u00e9motionnelle.\n<\/p>\n\n\n\n<p>Pr\u00e8s d\u2019un tiers de la\npopulation canadienne s\u2019occupe d\u2019un membre de la famille \u00e0 un moment donn\u00e9. Les\nattentes&nbsp;li\u00e9es au r\u00f4le de ces aidants&nbsp;naturels ont grandi \u00e0 tel point\nque ce r\u00f4le est devenu l\u2019un des plus importants dans la soci\u00e9t\u00e9. Le sondage\nmontre que les aidants naturels fournissent entre 11 et 30 heures de soins par\nsemaine et certains passent tellement d\u2019heures \u00e0 aider un membre de la famille\nqu\u2019il leur est impossible de compter les heures.&nbsp; <em>The Change\nFoundation<\/em> estime que la contribution apport\u00e9e par ces aidants naturels \u00e0\nla soci\u00e9t\u00e9 est \u00e9quivalente \u00e0 entre 26 et 72 milliards de dollars chaque ann\u00e9e. <\/p>\n\n\n\n<p>Un des points tr\u00e8s importants surlign\u00e9 dans le rapport \u201cPleins feux\u201d est qu\u2019une majorit\u00e9 \u00e9crasante des aidants d\u00e9sire un seul point d\u2019acc\u00e8s \u00e0 l\u2019information. Le nouveau sondage a confirm\u00e9 ceci, puisque 77 % des r\u00e9pondants ont indiqu\u00e9 qu\u2019ils voulaient un seul point d\u2019acc\u00e8s \u00e0 l\u2019information et au soutien. Pour r\u00e9pondre \u00e0 cette demande, l\u2019Organisme de soutien aux aidants naturels de l\u2019Ontario (OSANO) a lanc\u00e9 une <a href=\"https:\/\/archive.ontariocaregiver.ca\/fr\/find-support\/helpline\/\">Ligne d\u2019assistance pour les aidants naturels de l\u2019Ontario<\/a>, ouverte 24\/7. <\/p>\n\n\n\n<p><a rel=\"noreferrer noopener\" aria-label=\"Lisez le Rapport Pleins feux sur les aidants naturels de l\u2019Ontario 2019. (opens in a new tab)\" href=\"https:\/\/ontariocaregiver.ca\/wp-content\/uploads\/2019\/12\/Spotlight-on-ontarios-caregivers-2019_FR.pdf\" target=\"_blank\">Lisez le <\/a><em><a rel=\"noreferrer noopener\" aria-label=\"Lisez le Rapport Pleins feux sur les aidants naturels de l\u2019Ontario 2019. (opens in a new tab)\" href=\"https:\/\/ontariocaregiver.ca\/wp-content\/uploads\/2019\/12\/Spotlight-on-ontarios-caregivers-2019_FR.pdf\" target=\"_blank\">Rapport Pleins feux sur les aidants naturels de l\u2019Ontario 2019<\/a><\/em><\/p>\n\n\n\n<figure class=\"wp-block-image\"><a href=\"https:\/\/ontariocaregiver.ca\/wp-content\/uploads\/2019\/12\/Spotlight-on-ontarios-caregivers-2019_FR.pdf\" target=\"_blank\" rel=\"noreferrer noopener\"><img loading=\"lazy\" decoding=\"async\" width=\"233\" height=\"300\" src=\"https:\/\/ontariocaregiver.ca\/wp-content\/uploads\/2020\/01\/Spotlight_FR-233x300.png\" alt=\"\" class=\"wp-image-1253\" srcset=\"https:\/\/ontariocaregiver.ca\/wp-content\/uploads\/2020\/01\/Spotlight_FR-233x300.png 233w, https:\/\/ontariocaregiver.ca\/wp-content\/uploads\/2020\/01\/Spotlight_FR-600x773.png 600w, https:\/\/ontariocaregiver.ca\/wp-content\/uploads\/2020\/01\/Spotlight_FR.png 661w\" sizes=\"auto, (max-width: 233px) 100vw, 233px\" \/><\/a><\/figure>\n\n\n\n<p>Pour acc\u00e9der \u00e0 plus de donn\u00e9es et au contenu multim\u00e9dia, visitez : <a href=\"https:\/\/www.changefoundation.ca\/spotlight-on-caregivers\/\" target=\"_blank\" rel=\"noreferrer noopener\" aria-label=\" (opens in a new tab)\">changefoundation.ca\/spotlight-on-caregivers<\/a><\/p>\n\n\n\n<h4 class=\"wp-block-heading\"><strong>M\u00e9thodologie utilis\u00e9e dans le cadre de l\u2019enqu\u00eate <\/strong><\/h4>\n\n\n\n<p>Un sondage en ligne a \u00e9t\u00e9\nmen\u00e9 aupr\u00e8s de plus de 800 aidants naturels auto-d\u00e9clar\u00e9s de l\u2019Ontario, de 16\nans ou plus. Ce sondage a eu lieu au printemps 2019. La marge d\u2019erreur n\u2019est\npas applicable \u00e0 cette \u00e9tude, en raison de la m\u00e9thodologie utilis\u00e9e pour le\nformat en ligne. Remarquons cependant, \u00e0 titre de ligne directrice, que la\nmarge d\u2019erreur pour un \u00e9chantillon de 800 r\u00e9pondants serait de +\/- 3,5 %\ndix-neuf fois sur vingt. <\/p>\n\n\n\n<h4 class=\"wp-block-heading\"><strong>Tendances parmi les aidants naturels <\/strong><\/h4>\n\n\n\n<p><strong>2018\nvs 2019<\/strong><em>&nbsp; <\/em><strong><\/strong><\/p>\n\n\n\n<p><em>Ce\nqui a chang<\/em><em>\u00e9<\/em><em> <\/em><em><\/em><\/p>\n\n\n\n<ul class=\"wp-block-list\"><li>Bien\nque le nombre d\u2019aidants naturels impliqu\u00e9s dans l\u2019organisation des soins soit\nle m\u00eame, 56 % des r\u00e9pondants au sondage de cette ann\u00e9e trouvent le processus difficile,\ncompar\u00e9 \u00e0 seulement 39 % l\u2019ann\u00e9e derni\u00e8re. &nbsp;<\/li><li>31 %\ndes aidants naturels assument la plus grande partie des d\u00e9penses, compar\u00e9 \u00e0 41\n% en 2018. &nbsp;<\/li><li>Cette\nann\u00e9e, un nombre l\u00e9g\u00e8rement inf\u00e9rieur d\u2019aidants a assum\u00e9 seul la responsabilit\u00e9\ndes soins, et, en cons\u00e9quence, un nombre l\u00e9g\u00e8rement sup\u00e9rieur d\u2019aidants a partag\u00e9\nles responsabilit\u00e9s. <\/li><li>L\u2019impact\nsur les finances \u00e9tait plus prononc\u00e9 cette ann\u00e9e &#8211; 32 % ont indiqu\u00e9 avoir fait\nface \u00e0 des difficult\u00e9s financi\u00e8res compar\u00e9 \u00e0 22 % en 2018. <\/li><li>79 % des\naidants naturels consid\u00e8rent \u00e0 pr\u00e9sent que leur r\u00f4le au sein du syst\u00e8me de sant\u00e9\nest important, compar\u00e9 \u00e0 70 % l\u2019ann\u00e9e derni\u00e8re. 18 % des aidants naturels\ncontinuent \u00e0 penser que leur r\u00f4le est le plus important et un pourcentage\nsimilaire pense que leurs prestataires de soins de sant\u00e9 les consid\u00e8rent comme\ndes membres importants de l\u2019\u00e9quipe. <\/li><\/ul>\n\n\n\n<p><em>Ce\nqui n\u2019a pas chang\u00e9<\/em><\/p>\n\n\n\n<ul class=\"wp-block-list\"><li>Il\nn\u2019y a pas de diff\u00e9rences en ce qui concerne les b\u00e9n\u00e9ficiaires de soins par\nrapport aux r\u00e9sultats de l\u2019ann\u00e9e derni\u00e8re, car la plupart des aidants naturels\ns\u2019occupent de parents qui font face \u00e0 des probl\u00e8mes de sant\u00e9 li\u00e9s \u00e0 leur \u00e2ge. <\/li><li>Nous\navons d\u00e9termin\u00e9 en 2018 qu\u2019un peu plus de la moiti\u00e9 des aidants naturels\nappartenait \u00e0 la g\u00e9n\u00e9ration sandwich \u2013 \u00e0 savoir les personnes qui s\u2019occupent\nd\u2019un parent \u00e2g\u00e9, mais qui ont \u00e9galement des enfants de moins de 18 ans. Ce\nchiffre est rest\u00e9 le m\u00eame en 2019. <\/li><li>Parmi\nles t\u00e2ches les plus couramment ex\u00e9cut\u00e9es par un aidant, se trouvent l\u2019apport de\nsoutien \u00e9motionnel et l\u2019aide au transport, suivies par les t\u00e2ches m\u00e9nag\u00e8res et\nl\u2019organisation de rendez-vous. <\/li><li>La\nproportion d\u2019aidants qui disposent de l\u2019information n\u00e9cessaire sur le probl\u00e8me de\nsant\u00e9 de la personne dont ils s\u2019occupent est similaire \u00e0 celle de l\u2019ann\u00e9e derni\u00e8re.\nLe counseling en mati\u00e8re de sant\u00e9 \u00e9motionnelle continue \u00e0 \u00eatre l\u2019un des\ndomaines \u00e0 am\u00e9liorer, car 77 % des aidants souhaiteraient avoir acc\u00e8s \u00e0 un\npoint d\u2019acc\u00e8s unique \u00e0 des services de soutien et de conseil. <\/li><li>La majorit\u00e9\ndes aidants continuent \u00e0 avoir une exp\u00e9rience positive dans leur capacit\u00e9\nd\u2019aidant et g\u00e8rent, en g\u00e9n\u00e9ral, bien la situation. Mais 31 % des aidants ont du\nmal sur le plan \u00e9motionnel et le niveau de stress \u00e9lev\u00e9 et les \u00e9motions n\u00e9gatives\nidentifi\u00e9es l\u2019ann\u00e9e derni\u00e8re restent inchang\u00e9s. <\/li><\/ul>\n","protected":false},"excerpt":{"rendered":"<p>Rapport \u201cPleins feux\u201d Un sondage r\u00e9alis\u00e9 en 2019 r\u00e9v\u00e8le que les aidants naturels de l\u2019Ontario, qui sont en difficult\u00e9, ont besoin de plus de..<\/p>\n","protected":false},"author":2,"featured_media":1249,"parent":6565,"menu_order":0,"comment_status":"closed","ping_status":"closed","template":"","meta":{"_acf_changed":false,"_relevanssi_hide_post":"","_relevanssi_hide_content":"","_relevanssi_pin_for_all":"","_relevanssi_pin_keywords":"","_relevanssi_unpin_keywords":"","_relevanssi_related_keywords":"","_relevanssi_related_include_ids":"","_relevanssi_related_exclude_ids":"","_relevanssi_related_no_append":"","_relevanssi_related_not_related":"","_relevanssi_related_posts":"","_relevanssi_noindex_reason":"","_price":"","_stock":"","_tribe_ticket_header":"","_tribe_default_ticket_provider":"","_tribe_ticket_capacity":"0","_ticket_start_date":"","_ticket_end_date":"","_tribe_ticket_show_description":"","_tribe_ticket_show_not_going":false,"_tribe_ticket_use_global_stock":"","_tribe_ticket_global_stock_level":"","_global_stock_mode":"","_global_stock_cap":"","_tribe_rsvp_for_event":"","_tribe_ticket_going_count":"","_tribe_ticket_not_going_count":"","_tribe_tickets_list":[],"_tribe_ticket_has_attendee_info_fields":false,"footnotes":""},"class_list":["post-1213","page","type-page","status-publish","has-post-thumbnail","hentry"],"acf":[],"yoast_head":"<!-- This site is optimized with the Yoast SEO plugin v25.8 - https:\/\/yoast.com\/wordpress\/plugins\/seo\/ -->\n<title>Rapport pleins feux - Organisme de soutien aux aidants naturels de l\u2019Ontario<\/title>\n<meta name=\"robots\" content=\"noindex, follow, max-snippet:-1, max-image-preview:large, max-video-preview:-1\" \/>\n<meta property=\"og:locale\" content=\"fr_FR\" \/>\n<meta property=\"og:type\" content=\"article\" \/>\n<meta property=\"og:title\" content=\"Rapport pleins feux - Organisme de soutien aux aidants naturels de l\u2019Ontario\" \/>\n<meta property=\"og:description\" content=\"Rapport \u201cPleins feux\u201d Un sondage r\u00e9alis\u00e9 en 2019 r\u00e9v\u00e8le que les aidants naturels de l\u2019Ontario, qui sont en difficult\u00e9, ont besoin de plus de..\" \/>\n<meta property=\"og:url\" content=\"https:\/\/archive.ontariocaregiver.ca\/fr\/publications\/rapport-pleins-feux-2019\/\" \/>\n<meta property=\"og:site_name\" content=\"Organisme de soutien aux aidants naturels de l\u2019Ontario\" \/>\n<meta property=\"article:modified_time\" content=\"2020-12-09T10:51:06+00:00\" \/>\n<meta property=\"og:image\" content=\"https:\/\/ontariocaregiver.ca\/wp-content\/uploads\/2020\/01\/Spotlight_feature-image.png\" \/>\n\t<meta property=\"og:image:width\" content=\"1350\" \/>\n\t<meta property=\"og:image:height\" content=\"351\" \/>\n\t<meta property=\"og:image:type\" content=\"image\/png\" \/>\n<meta name=\"twitter:card\" content=\"summary_large_image\" \/>\n<meta name=\"twitter:label1\" content=\"Dur\u00e9e de lecture estim\u00e9e\" \/>\n\t<meta name=\"twitter:data1\" content=\"5 minutes\" \/>\n<script type=\"application\/ld+json\" class=\"yoast-schema-graph\">{\"@context\":\"https:\/\/schema.org\",\"@graph\":[{\"@type\":\"WebPage\",\"@id\":\"https:\/\/archive.ontariocaregiver.ca\/fr\/publications\/rapport-pleins-feux-2019\/\",\"url\":\"https:\/\/archive.ontariocaregiver.ca\/fr\/publications\/rapport-pleins-feux-2019\/\",\"name\":\"Rapport pleins feux - Organisme de soutien aux aidants naturels de l\u2019Ontario\",\"isPartOf\":{\"@id\":\"https:\/\/archive.ontariocaregiver.ca\/fr\/#website\"},\"primaryImageOfPage\":{\"@id\":\"https:\/\/archive.ontariocaregiver.ca\/fr\/publications\/rapport-pleins-feux-2019\/#primaryimage\"},\"image\":{\"@id\":\"https:\/\/archive.ontariocaregiver.ca\/fr\/publications\/rapport-pleins-feux-2019\/#primaryimage\"},\"thumbnailUrl\":\"https:\/\/ontariocaregiver.ca\/wp-content\/uploads\/2020\/01\/Spotlight_feature-image.png\",\"datePublished\":\"2020-01-06T19:55:51+00:00\",\"dateModified\":\"2020-12-09T10:51:06+00:00\",\"breadcrumb\":{\"@id\":\"https:\/\/archive.ontariocaregiver.ca\/fr\/publications\/rapport-pleins-feux-2019\/#breadcrumb\"},\"inLanguage\":\"fr-FR\",\"potentialAction\":[{\"@type\":\"ReadAction\",\"target\":[\"https:\/\/archive.ontariocaregiver.ca\/fr\/publications\/rapport-pleins-feux-2019\/\"]}]},{\"@type\":\"ImageObject\",\"inLanguage\":\"fr-FR\",\"@id\":\"https:\/\/archive.ontariocaregiver.ca\/fr\/publications\/rapport-pleins-feux-2019\/#primaryimage\",\"url\":\"https:\/\/ontariocaregiver.ca\/wp-content\/uploads\/2020\/01\/Spotlight_feature-image.png\",\"contentUrl\":\"https:\/\/ontariocaregiver.ca\/wp-content\/uploads\/2020\/01\/Spotlight_feature-image.png\",\"width\":1350,\"height\":351,\"caption\":\"Line drawing of a caregiver pushing person in a wheelchair. Caption: Spotlight on Ontario's Caregivers, November 2019.\"},{\"@type\":\"BreadcrumbList\",\"@id\":\"https:\/\/archive.ontariocaregiver.ca\/fr\/publications\/rapport-pleins-feux-2019\/#breadcrumb\",\"itemListElement\":[{\"@type\":\"ListItem\",\"position\":1,\"name\":\"Page principale\",\"item\":\"https:\/\/archive.ontariocaregiver.ca\/fr\/\"},{\"@type\":\"ListItem\",\"position\":2,\"name\":\"Publications\",\"item\":\"https:\/\/archive.ontariocaregiver.ca\/fr\/publications\/\"},{\"@type\":\"ListItem\",\"position\":3,\"name\":\"Rapport pleins feux\"}]},{\"@type\":\"WebSite\",\"@id\":\"https:\/\/archive.ontariocaregiver.ca\/fr\/#website\",\"url\":\"https:\/\/archive.ontariocaregiver.ca\/fr\/\",\"name\":\"Organisme de soutien aux aidants naturels de l\u2019Ontario\",\"description\":\"\",\"potentialAction\":[{\"@type\":\"SearchAction\",\"target\":{\"@type\":\"EntryPoint\",\"urlTemplate\":\"https:\/\/archive.ontariocaregiver.ca\/fr\/?s={search_term_string}\"},\"query-input\":{\"@type\":\"PropertyValueSpecification\",\"valueRequired\":true,\"valueName\":\"search_term_string\"}}],\"inLanguage\":\"fr-FR\"}]}<\/script>\n<!-- \/ Yoast SEO plugin. -->","yoast_head_json":{"title":"Rapport pleins feux - Organisme de soutien aux aidants naturels de l\u2019Ontario","robots":{"index":"noindex","follow":"follow","max-snippet":"max-snippet:-1","max-image-preview":"max-image-preview:large","max-video-preview":"max-video-preview:-1"},"og_locale":"fr_FR","og_type":"article","og_title":"Rapport pleins feux - Organisme de soutien aux aidants naturels de l\u2019Ontario","og_description":"Rapport \u201cPleins feux\u201d Un sondage r\u00e9alis\u00e9 en 2019 r\u00e9v\u00e8le que les aidants naturels de l\u2019Ontario, qui sont en difficult\u00e9, ont besoin de plus de..","og_url":"https:\/\/archive.ontariocaregiver.ca\/fr\/publications\/rapport-pleins-feux-2019\/","og_site_name":"Organisme de soutien aux aidants naturels de l\u2019Ontario","article_modified_time":"2020-12-09T10:51:06+00:00","og_image":[{"width":1350,"height":351,"url":"https:\/\/ontariocaregiver.ca\/wp-content\/uploads\/2020\/01\/Spotlight_feature-image.png","type":"image\/png"}],"twitter_card":"summary_large_image","twitter_misc":{"Dur\u00e9e de lecture estim\u00e9e":"5 minutes"},"schema":{"@context":"https:\/\/schema.org","@graph":[{"@type":"WebPage","@id":"https:\/\/archive.ontariocaregiver.ca\/fr\/publications\/rapport-pleins-feux-2019\/","url":"https:\/\/archive.ontariocaregiver.ca\/fr\/publications\/rapport-pleins-feux-2019\/","name":"Rapport pleins feux - Organisme de soutien aux aidants naturels de l\u2019Ontario","isPartOf":{"@id":"https:\/\/archive.ontariocaregiver.ca\/fr\/#website"},"primaryImageOfPage":{"@id":"https:\/\/archive.ontariocaregiver.ca\/fr\/publications\/rapport-pleins-feux-2019\/#primaryimage"},"image":{"@id":"https:\/\/archive.ontariocaregiver.ca\/fr\/publications\/rapport-pleins-feux-2019\/#primaryimage"},"thumbnailUrl":"https:\/\/ontariocaregiver.ca\/wp-content\/uploads\/2020\/01\/Spotlight_feature-image.png","datePublished":"2020-01-06T19:55:51+00:00","dateModified":"2020-12-09T10:51:06+00:00","breadcrumb":{"@id":"https:\/\/archive.ontariocaregiver.ca\/fr\/publications\/rapport-pleins-feux-2019\/#breadcrumb"},"inLanguage":"fr-FR","potentialAction":[{"@type":"ReadAction","target":["https:\/\/archive.ontariocaregiver.ca\/fr\/publications\/rapport-pleins-feux-2019\/"]}]},{"@type":"ImageObject","inLanguage":"fr-FR","@id":"https:\/\/archive.ontariocaregiver.ca\/fr\/publications\/rapport-pleins-feux-2019\/#primaryimage","url":"https:\/\/ontariocaregiver.ca\/wp-content\/uploads\/2020\/01\/Spotlight_feature-image.png","contentUrl":"https:\/\/ontariocaregiver.ca\/wp-content\/uploads\/2020\/01\/Spotlight_feature-image.png","width":1350,"height":351,"caption":"Line drawing of a caregiver pushing person in a wheelchair. Caption: Spotlight on Ontario's Caregivers, November 2019."},{"@type":"BreadcrumbList","@id":"https:\/\/archive.ontariocaregiver.ca\/fr\/publications\/rapport-pleins-feux-2019\/#breadcrumb","itemListElement":[{"@type":"ListItem","position":1,"name":"Page principale","item":"https:\/\/archive.ontariocaregiver.ca\/fr\/"},{"@type":"ListItem","position":2,"name":"Publications","item":"https:\/\/archive.ontariocaregiver.ca\/fr\/publications\/"},{"@type":"ListItem","position":3,"name":"Rapport pleins feux"}]},{"@type":"WebSite","@id":"https:\/\/archive.ontariocaregiver.ca\/fr\/#website","url":"https:\/\/archive.ontariocaregiver.ca\/fr\/","name":"Organisme de soutien aux aidants naturels de l\u2019Ontario","description":"","potentialAction":[{"@type":"SearchAction","target":{"@type":"EntryPoint","urlTemplate":"https:\/\/archive.ontariocaregiver.ca\/fr\/?s={search_term_string}"},"query-input":{"@type":"PropertyValueSpecification","valueRequired":true,"valueName":"search_term_string"}}],"inLanguage":"fr-FR"}]}},"ticketed":false,"_links":{"self":[{"href":"https:\/\/archive.ontariocaregiver.ca\/fr\/wp-json\/wp\/v2\/pages\/1213","targetHints":{"allow":["GET"]}}],"collection":[{"href":"https:\/\/archive.ontariocaregiver.ca\/fr\/wp-json\/wp\/v2\/pages"}],"about":[{"href":"https:\/\/archive.ontariocaregiver.ca\/fr\/wp-json\/wp\/v2\/types\/page"}],"author":[{"embeddable":true,"href":"https:\/\/archive.ontariocaregiver.ca\/fr\/wp-json\/wp\/v2\/users\/2"}],"replies":[{"embeddable":true,"href":"https:\/\/archive.ontariocaregiver.ca\/fr\/wp-json\/wp\/v2\/comments?post=1213"}],"version-history":[{"count":6,"href":"https:\/\/archive.ontariocaregiver.ca\/fr\/wp-json\/wp\/v2\/pages\/1213\/revisions"}],"predecessor-version":[{"id":1255,"href":"https:\/\/archive.ontariocaregiver.ca\/fr\/wp-json\/wp\/v2\/pages\/1213\/revisions\/1255"}],"up":[{"embeddable":true,"href":"https:\/\/archive.ontariocaregiver.ca\/fr\/wp-json\/wp\/v2\/pages\/6565"}],"wp:featuredmedia":[{"embeddable":true,"href":"https:\/\/archive.ontariocaregiver.ca\/fr\/wp-json\/wp\/v2\/media\/1249"}],"wp:attachment":[{"href":"https:\/\/archive.ontariocaregiver.ca\/fr\/wp-json\/wp\/v2\/media?parent=1213"}],"curies":[{"name":"wp","href":"https:\/\/api.w.org\/{rel}","templated":true}]}}