{"id":1211,"date":"2020-01-06T14:46:11","date_gmt":"2020-01-06T19:46:11","guid":{"rendered":"https:\/\/archive.ontariocaregiver.ca\/?page_id=1211"},"modified":"2022-03-18T11:50:50","modified_gmt":"2022-03-18T15:50:50","slug":"liste-de-souhaits-en-sante-mentale","status":"publish","type":"page","link":"https:\/\/archive.ontariocaregiver.ca\/fr\/publications\/liste-de-souhaits-en-sante-mentale\/","title":{"rendered":"Liste de souhaits en sant\u00e9 mentale"},"content":{"rendered":"\n<h2 class=\"wp-block-heading\"><strong>Liste de souhaits en sant\u00e9 mentale<\/strong><\/h2>\n\n\n\n<h3 class=\"wp-block-heading\"><strong>Un plus grand nombre d\u2019aidants naturels en d\u00e9tresse\n\u2013 La liste de souhaits r\u00e9v\u00e8le ce que les aidants naturels d\u00e9sirent &nbsp;<\/strong><\/h3>\n\n\n\n<p>En Ontario, 4 millions de personnes ordinaires, ce qui inclut des enfants et des jeunes, s\u2019occupent de membres de la famille, de partenaires, d\u2019amis ou de voisins qui ont des besoins en mati\u00e8re de sant\u00e9 physique et\/ou mentale. <\/p>\n\n\n\n<p>Bien que de nombreux aidants naturels pensent que leur r\u00f4le est valorisant,\ndes \u00e9tudes men\u00e9es au pr\u00e9alable par Qualit\u00e9 Sant\u00e9 Ontario ont montr\u00e9 qu\u2019un\naidant sur quatre est en d\u00e9tresse, anxieux ou d\u00e9prim\u00e9. Et selon des \u00e9tudes men\u00e9es\npar l\u2019ICIS, presque la moiti\u00e9 (45 %) des aidants qui s\u2019occupent de personnes souffrant\nde d\u00e9mence sont en d\u00e9tresse. &nbsp;&nbsp;<\/p>\n\n\n\n<p>Un sondage d\u2019opinions men\u00e9 par l\u2019OSANO en 2019 indique que 46 % des aidants\nnaturels qui s\u2019occupent d\u2019une personne souffrant d\u2019un probl\u00e8me de sant\u00e9 mentale\nne g\u00e8rent pas bien la situation. 57 % disent ne pas bien g\u00e9rer la situation sur\nle plan \u00e9motionnel et 47 % disent ne pas bien la g\u00e9rer sur le plan physique. Une\nforte majorit\u00e9 d\u2019aidants s\u2019entend sur le fait qu\u2019ils sont souvent anxieux ou\ninquiets (87 %), d\u00e9pass\u00e9s par les \u00e9v\u00e8nements (85 %), frustr\u00e9s, impuissants et\npris au pi\u00e8ge (82 %) et qu\u2019ils ont du mal \u00e0 dormir (80 %). &nbsp;&nbsp;<\/p>\n\n\n\n<p>L\u2019OSANO a donc d\u00e9cid\u00e9 de faire des recherches plus approfondies pour mieux\ncomprendre comment promouvoir le bien-\u00eatre des aidants naturels et les facteurs\nqui contribuent \u00e0 leur d\u00e9tresse, \u00e0 leur anxi\u00e9t\u00e9 et&nbsp;\u00e0 leur d\u00e9pression. Les r\u00e9sultats\nde ces \u00e9tudes ont \u00e9t\u00e9 r\u00e9v\u00e9l\u00e9s dans la <em>Liste\nde souhaits des aidants naturels \u2013 Promouvoir la sant\u00e9 mentale des aidants\nnaturels<\/em>. Dans cette <em>Liste de\nsouhaits<\/em>, les aidants naturels identifient les mesures qui, d\u2019apr\u00e8s eux,\npeuvent les aider \u00e0 am\u00e9liorer leur sant\u00e9 mentale. <\/p>\n\n\n\n<p>Nos conclusions d\u00e9coulent des entretiens et sondages men\u00e9s aupr\u00e8s de plus\nde 1000 aidants naturels en Ontario, y compris les aidants qui soutiennent un\nenfant\/un jeune ou un adulte souffrant de troubles de sant\u00e9 mentale. <\/p>\n\n\n\n<h4 class=\"wp-block-heading\">Voici quelques exemples de souhaits d\u2019aidants naturels les plus courants et les plus importants : <\/h4>\n\n\n\n<ol class=\"wp-block-list\"><li><strong>Plus grande empathie et plus de respect<\/strong> \u2013&nbsp;Ils veulent \u00eatre un partenaire et contribuer \u00e0 la prise de d\u00e9cisions et \u00e0 la planification des soins. <\/li><li><strong>Aide pour s\u2019orienter au sein du syst\u00e8me de soins de sant\u00e9<\/strong> \u2013&nbsp;Les aidants veulent de l\u2019aide pour pouvoir utiliser le syst\u00e8me de soins de sant\u00e9 plus facilement et de mani\u00e8re plus efficace. Certains d\u2019entre eux ne savent m\u00eame pas o\u00f9 commencer. <\/li><li><strong>Acc\u00e8s plus facile \u00e0 l\u2019information et aux ressources<\/strong> \u2013&nbsp;Les aidants naturels veulent avoir acc\u00e8s&nbsp;\u00e0 l\u2019information pertinente quand ils en ont besoin \u2013 de l\u2019information concernant le probl\u00e8me m\u00e9dical de la personne dont ils s\u2019occupent et sur les ressources n\u00e9cessaires pour fournir les soins \u2013 mais aussi de l\u2019information sur les ressources n\u00e9cessaires pour s\u2019occuper de leur propre bien-\u00eatre. <\/li><li><strong>Acc\u00e8s aux services dans des d\u00e9lais appropri\u00e9s <\/strong>\u2013&nbsp;Les listes d\u2019attente sont longues \u2013 les aidants naturels veulent que les personnes dont ils s\u2019occupent aient acc\u00e8s aux soins dans des d\u00e9lais appropri\u00e9s. <\/li><li><strong>Soutien de sant\u00e9 mentale pour les aidants naturels<\/strong> \u2013&nbsp;Les aidants naturels reconnaissent qu\u2019il est important qu\u2019ils s\u2019occupent d\u2019eux-m\u00eames. Ils consultent surtout des th\u00e9rapeutes, participent \u00e0 des groupes de soutien de pairs et profitent de services de rel\u00e8ve pour prendre soin de leur propre sant\u00e9 mentale. &nbsp;&nbsp;<\/li><\/ol>\n\n\n\n<p><a rel=\"noreferrer noopener\" href=\"https:\/\/ontariocaregiver.ca\/wp-content\/uploads\/2019\/12\/Caregiver-Wishlist-Report_FR.pdf\" target=\"_blank\">Consultez la <em>liste de souhaits des<\/em> <em>aidants naturels<\/em><\/a><\/p>\n","protected":false},"excerpt":{"rendered":"<p>Liste de souhaits en sant\u00e9 mentale Un plus grand nombre d\u2019aidants naturels en d\u00e9tresse \u2013 La liste de souhaits r\u00e9v\u00e8le ce que les aidants..<\/p>\n","protected":false},"author":2,"featured_media":0,"parent":6565,"menu_order":0,"comment_status":"closed","ping_status":"closed","template":"","meta":{"_acf_changed":false,"_relevanssi_hide_post":"","_relevanssi_hide_content":"","_relevanssi_pin_for_all":"","_relevanssi_pin_keywords":"","_relevanssi_unpin_keywords":"","_relevanssi_related_keywords":"","_relevanssi_related_include_ids":"","_relevanssi_related_exclude_ids":"","_relevanssi_related_no_append":"","_relevanssi_related_not_related":"","_relevanssi_related_posts":"13464,5652,11618,8416,12694,10350","_relevanssi_noindex_reason":"","_price":"","_stock":"","_tribe_ticket_header":"","_tribe_default_ticket_provider":"","_tribe_ticket_capacity":"0","_ticket_start_date":"","_ticket_end_date":"","_tribe_ticket_show_description":"","_tribe_ticket_show_not_going":false,"_tribe_ticket_use_global_stock":"","_tribe_ticket_global_stock_level":"","_global_stock_mode":"","_global_stock_cap":"","_tribe_rsvp_for_event":"","_tribe_ticket_going_count":"","_tribe_ticket_not_going_count":"","_tribe_tickets_list":[],"_tribe_ticket_has_attendee_info_fields":false,"footnotes":""},"class_list":["post-1211","page","type-page","status-publish","hentry"],"acf":[],"yoast_head":"<!-- This site is optimized with the Yoast SEO plugin v25.8 - https:\/\/yoast.com\/wordpress\/plugins\/seo\/ -->\n<title>Liste de souhaits en sant\u00e9 mentale - Organisme de soutien aux aidants naturels de l\u2019Ontario<\/title>\n<meta name=\"robots\" content=\"noindex, follow, max-snippet:-1, max-image-preview:large, max-video-preview:-1\" \/>\n<meta property=\"og:locale\" content=\"fr_FR\" \/>\n<meta property=\"og:type\" content=\"article\" \/>\n<meta property=\"og:title\" content=\"Liste de souhaits en sant\u00e9 mentale - Organisme de soutien aux aidants naturels de l\u2019Ontario\" \/>\n<meta property=\"og:description\" content=\"Liste de souhaits en sant\u00e9 mentale Un plus grand nombre d\u2019aidants naturels en d\u00e9tresse \u2013 La liste de souhaits r\u00e9v\u00e8le ce que les aidants..\" \/>\n<meta property=\"og:url\" content=\"https:\/\/archive.ontariocaregiver.ca\/fr\/publications\/liste-de-souhaits-en-sante-mentale\/\" \/>\n<meta property=\"og:site_name\" content=\"Organisme de soutien aux aidants naturels de l\u2019Ontario\" \/>\n<meta property=\"article:modified_time\" content=\"2022-03-18T15:50:50+00:00\" \/>\n<meta name=\"twitter:card\" content=\"summary_large_image\" \/>\n<meta name=\"twitter:label1\" content=\"Dur\u00e9e de lecture estim\u00e9e\" \/>\n\t<meta name=\"twitter:data1\" content=\"3 minutes\" \/>\n<script type=\"application\/ld+json\" class=\"yoast-schema-graph\">{\"@context\":\"https:\/\/schema.org\",\"@graph\":[{\"@type\":\"WebPage\",\"@id\":\"https:\/\/archive.ontariocaregiver.ca\/fr\/publications\/liste-de-souhaits-en-sante-mentale\/\",\"url\":\"https:\/\/archive.ontariocaregiver.ca\/fr\/publications\/liste-de-souhaits-en-sante-mentale\/\",\"name\":\"Liste de souhaits en sant\u00e9 mentale - Organisme de soutien aux aidants naturels de l\u2019Ontario\",\"isPartOf\":{\"@id\":\"https:\/\/archive.ontariocaregiver.ca\/fr\/#website\"},\"datePublished\":\"2020-01-06T19:46:11+00:00\",\"dateModified\":\"2022-03-18T15:50:50+00:00\",\"breadcrumb\":{\"@id\":\"https:\/\/archive.ontariocaregiver.ca\/fr\/publications\/liste-de-souhaits-en-sante-mentale\/#breadcrumb\"},\"inLanguage\":\"fr-FR\",\"potentialAction\":[{\"@type\":\"ReadAction\",\"target\":[\"https:\/\/archive.ontariocaregiver.ca\/fr\/publications\/liste-de-souhaits-en-sante-mentale\/\"]}]},{\"@type\":\"BreadcrumbList\",\"@id\":\"https:\/\/archive.ontariocaregiver.ca\/fr\/publications\/liste-de-souhaits-en-sante-mentale\/#breadcrumb\",\"itemListElement\":[{\"@type\":\"ListItem\",\"position\":1,\"name\":\"Page principale\",\"item\":\"https:\/\/archive.ontariocaregiver.ca\/fr\/\"},{\"@type\":\"ListItem\",\"position\":2,\"name\":\"Publications\",\"item\":\"https:\/\/archive.ontariocaregiver.ca\/fr\/publications\/\"},{\"@type\":\"ListItem\",\"position\":3,\"name\":\"Liste de souhaits en sant\u00e9 mentale\"}]},{\"@type\":\"WebSite\",\"@id\":\"https:\/\/archive.ontariocaregiver.ca\/fr\/#website\",\"url\":\"https:\/\/archive.ontariocaregiver.ca\/fr\/\",\"name\":\"Organisme de soutien aux aidants naturels de l\u2019Ontario\",\"description\":\"\",\"potentialAction\":[{\"@type\":\"SearchAction\",\"target\":{\"@type\":\"EntryPoint\",\"urlTemplate\":\"https:\/\/archive.ontariocaregiver.ca\/fr\/?s={search_term_string}\"},\"query-input\":{\"@type\":\"PropertyValueSpecification\",\"valueRequired\":true,\"valueName\":\"search_term_string\"}}],\"inLanguage\":\"fr-FR\"}]}<\/script>\n<!-- \/ Yoast SEO plugin. -->","yoast_head_json":{"title":"Liste de souhaits en sant\u00e9 mentale - Organisme de soutien aux aidants naturels de l\u2019Ontario","robots":{"index":"noindex","follow":"follow","max-snippet":"max-snippet:-1","max-image-preview":"max-image-preview:large","max-video-preview":"max-video-preview:-1"},"og_locale":"fr_FR","og_type":"article","og_title":"Liste de souhaits en sant\u00e9 mentale - Organisme de soutien aux aidants naturels de l\u2019Ontario","og_description":"Liste de souhaits en sant\u00e9 mentale Un plus grand nombre d\u2019aidants naturels en d\u00e9tresse \u2013 La liste de souhaits r\u00e9v\u00e8le ce que les aidants..","og_url":"https:\/\/archive.ontariocaregiver.ca\/fr\/publications\/liste-de-souhaits-en-sante-mentale\/","og_site_name":"Organisme de soutien aux aidants naturels de l\u2019Ontario","article_modified_time":"2022-03-18T15:50:50+00:00","twitter_card":"summary_large_image","twitter_misc":{"Dur\u00e9e de lecture estim\u00e9e":"3 minutes"},"schema":{"@context":"https:\/\/schema.org","@graph":[{"@type":"WebPage","@id":"https:\/\/archive.ontariocaregiver.ca\/fr\/publications\/liste-de-souhaits-en-sante-mentale\/","url":"https:\/\/archive.ontariocaregiver.ca\/fr\/publications\/liste-de-souhaits-en-sante-mentale\/","name":"Liste de souhaits en sant\u00e9 mentale - Organisme de soutien aux aidants naturels de l\u2019Ontario","isPartOf":{"@id":"https:\/\/archive.ontariocaregiver.ca\/fr\/#website"},"datePublished":"2020-01-06T19:46:11+00:00","dateModified":"2022-03-18T15:50:50+00:00","breadcrumb":{"@id":"https:\/\/archive.ontariocaregiver.ca\/fr\/publications\/liste-de-souhaits-en-sante-mentale\/#breadcrumb"},"inLanguage":"fr-FR","potentialAction":[{"@type":"ReadAction","target":["https:\/\/archive.ontariocaregiver.ca\/fr\/publications\/liste-de-souhaits-en-sante-mentale\/"]}]},{"@type":"BreadcrumbList","@id":"https:\/\/archive.ontariocaregiver.ca\/fr\/publications\/liste-de-souhaits-en-sante-mentale\/#breadcrumb","itemListElement":[{"@type":"ListItem","position":1,"name":"Page principale","item":"https:\/\/archive.ontariocaregiver.ca\/fr\/"},{"@type":"ListItem","position":2,"name":"Publications","item":"https:\/\/archive.ontariocaregiver.ca\/fr\/publications\/"},{"@type":"ListItem","position":3,"name":"Liste de souhaits en sant\u00e9 mentale"}]},{"@type":"WebSite","@id":"https:\/\/archive.ontariocaregiver.ca\/fr\/#website","url":"https:\/\/archive.ontariocaregiver.ca\/fr\/","name":"Organisme de soutien aux aidants naturels de l\u2019Ontario","description":"","potentialAction":[{"@type":"SearchAction","target":{"@type":"EntryPoint","urlTemplate":"https:\/\/archive.ontariocaregiver.ca\/fr\/?s={search_term_string}"},"query-input":{"@type":"PropertyValueSpecification","valueRequired":true,"valueName":"search_term_string"}}],"inLanguage":"fr-FR"}]}},"ticketed":false,"_links":{"self":[{"href":"https:\/\/archive.ontariocaregiver.ca\/fr\/wp-json\/wp\/v2\/pages\/1211","targetHints":{"allow":["GET"]}}],"collection":[{"href":"https:\/\/archive.ontariocaregiver.ca\/fr\/wp-json\/wp\/v2\/pages"}],"about":[{"href":"https:\/\/archive.ontariocaregiver.ca\/fr\/wp-json\/wp\/v2\/types\/page"}],"author":[{"embeddable":true,"href":"https:\/\/archive.ontariocaregiver.ca\/fr\/wp-json\/wp\/v2\/users\/2"}],"replies":[{"embeddable":true,"href":"https:\/\/archive.ontariocaregiver.ca\/fr\/wp-json\/wp\/v2\/comments?post=1211"}],"version-history":[{"count":3,"href":"https:\/\/archive.ontariocaregiver.ca\/fr\/wp-json\/wp\/v2\/pages\/1211\/revisions"}],"predecessor-version":[{"id":16688,"href":"https:\/\/archive.ontariocaregiver.ca\/fr\/wp-json\/wp\/v2\/pages\/1211\/revisions\/16688"}],"up":[{"embeddable":true,"href":"https:\/\/archive.ontariocaregiver.ca\/fr\/wp-json\/wp\/v2\/pages\/6565"}],"wp:attachment":[{"href":"https:\/\/archive.ontariocaregiver.ca\/fr\/wp-json\/wp\/v2\/media?parent=1211"}],"curies":[{"name":"wp","href":"https:\/\/api.w.org\/{rel}","templated":true}]}}