{"id":11959,"date":"2021-09-01T13:13:43","date_gmt":"2021-09-01T17:13:43","guid":{"rendered":"https:\/\/archive.ontariocaregiver.ca\/?page_id=11959"},"modified":"2024-03-18T09:23:03","modified_gmt":"2024-03-18T13:23:03","slug":"subventionsrsf","status":"publish","type":"page","link":"https:\/\/archive.ontariocaregiver.ca\/fr\/subventionsrsf\/","title":{"rendered":"Subventions sur le renforcement des capacit\u00e9s pour les r\u00e9seaux de soutien aux familles\u00a0"},"content":{"rendered":"\n<h1 class=\"wp-block-heading\">Subventions sur le renforcement des capacit\u00e9s pour les r\u00e9seaux de soutien aux familles&nbsp;<\/h1>\n\n\n\n<p class=\"has-text-color\" style=\"color:#7659b1\"><strong><strong><strong><strong><strong>L&rsquo;appel de demandes de subventions 2024-2025 est maintenant ferm\u00e9.<\/strong><\/strong><\/strong><\/strong><\/strong><\/p>\n\n\n\n<p>L\u2019OSANO accorde des subventions aux r\u00e9seaux de soutien aux familles (RSF) de l\u2019Ontario \u2013 des groupes de pairs pour les membres de la famille et autres personnes aidantes naturelles non r\u00e9mun\u00e9r\u00e9es qui soutiennent des adultes ayant une d\u00e9ficience intellectuelle. Ce programme est financ\u00e9 par le Minist\u00e8re des Services \u00e0 l\u2019enfance et des Services sociaux et communautaires (MSESSC).<\/p>\n\n\n\n<p>Ce programme de subventions vise \u00e0 faciliter la t\u00e2che aux familles et aux personnes aidantes naturelles des adultes ayant une d\u00e9ficience intellectuelle. Les subventions ont pour but de favoriser le soutien entre les pairs dans leurs communaut\u00e9s, de partager de l\u2019information et de cr\u00e9er des liens pour leur propre bien-\u00eatre et celui des personnes dont elles s\u2019occupent. Ces subventions sur le renforcement des capacit\u00e9s sont destin\u00e9es \u00e0 soutenir, \u00e0 renforcer et \u00e0 agrandir les RSF dans toute la province.<\/p>\n\n\n\n<p><a href=\"https:\/\/www.youtube.com\/watch?v=ZUHAZ4omINY\" target=\"_blank\" rel=\"noreferrer noopener\">Regardez cette vid\u00e9o pour en savoir plus et entendre les anciens b\u00e9n\u00e9ficiaires!&nbsp;<\/a><\/p>\n\n\n\n<h2 class=\"wp-block-heading\">Le programme de subventions 2024-2025 est ferm\u00e9<\/h2>\n\n\n\n<p class=\"has-text-color\" style=\"color:#7659b1\"><strong><strong><strong><strong>Veuillez voir ci-dessous les directives de subvention et le formulaire de demande.\u00a0<\/strong><\/strong><\/strong><\/strong><\/p>\n\n\n<div id=\"accordion-content-block_0f302f14f6588db279d48e0a15bbe83a\" class=\"accordion-wrapper \">\n    <ul class=\"accordion\" data-accordion data-multi-expand=\"true\"  data-allow-all-closed=\"true\" data-deep-link=\"true\" data-update-history=\"true\">\n                <li class=\"accordion-item\" data-accordion-item>\n            <a href=\"#demande\" class=\"accordion-title\">Qui peut pr\u00e9senter une demande?<\/a>\n            <div class=\"accordion-content\" data-tab-content id=\"demande\">\n                <ul>\n<li>\u00cates-vous membre d\u2019un r\u00e9seau de soutien aux familles (RSF)?<\/li>\n<li>\u00cates-vous membre d\u2019un organisme qui soutient un ou plusieurs RSF?<\/li>\n<li>\u00cates-vous membre d\u2019un groupe informel de familles ou de personnes aidantes naturelles qui soutient des personnes ayant une d\u00e9ficience intellectuelle?<\/li>\n<\/ul>\n<p>Ce programme de subventions est ouvert aux RSF de l\u2019Ontario, qu\u2019ils soient nouveaux ou d\u00e9j\u00e0 \u00e9tablis. Ces r\u00e9seaux sont compos\u00e9s de membres de familles ou de personnes aidantes naturelles non r\u00e9mun\u00e9r\u00e9es qui soutiennent des adultes ayant une d\u00e9ficience intellectuelle. Les organismes qui soutiennent les RSF dirig\u00e9s par les familles peuvent \u00e9galement pr\u00e9senter une demande.<\/p>\n<p>Les subventions sont disponibles seulement pour les RSF en tant que groupe au sein de la communaut\u00e9. Ces subventions ne visent pas le soutien direct aux familles ou aux individus. Voir les Directives et le Formulaire de demande pour plus d\u2019informations sur l\u2019admissibilit\u00e9.<\/p>\n            <\/div>\n        <\/li>\n                <li class=\"accordion-item\" data-accordion-item>\n            <a href=\"#objectifs\" class=\"accordion-title\">Objectifs du programme de subvention<\/a>\n            <div class=\"accordion-content\" data-tab-content id=\"objectifs\">\n                <p>Les subventions permettront de renforcer les capacit\u00e9s et faire en sorte que les RSF existants, comme d\u00e9fini ci-dessus, soient durables. Les subventions permettront \u00e9galement d\u2019encourager la cr\u00e9ation de nouveaux RSF afin d\u2019obtenir les r\u00e9sultats suivants\u00a0:<\/p>\n<ul>\n<li>accro\u00eetre le nombre de membres et favoriser leur engagement afin d\u2019approfondir les liens sociaux et le sentiment d\u2019appartenance des familles d\u2019adultes ayant une d\u00e9ficience intellectuelle;<\/li>\n<li>fournir des forums aux familles et aux personnes aidantes naturelles pour leur permettre de se soutenir et de s\u2019encadrer mutuellement;<\/li>\n<li>offrir aux membres des occasions de partager des initiatives locales et des informations relatives aux services pour les personnes ayant une d\u00e9ficience intellectuelle, au soutien aux familles et aux personnes aidantes naturelles;<\/li>\n<li>soutenir les besoins administratifs du r\u00e9seau;<\/li>\n<li>\u00e9tendre la port\u00e9e des activit\u00e9s locales et cr\u00e9er des ressources propres au r\u00e9seau;<\/li>\n<li>partager de l\u2019information et des pratiques exemplaires avec d\u2019autres RSF et communaut\u00e9s.<\/li>\n<\/ul>\n<p>Toutes les activit\u00e9s propos\u00e9es dans le cadre du financement doivent correspondent avec un ou plusieurs de ces objectifs.<\/p>\n            <\/div>\n        <\/li>\n                <li class=\"accordion-item\" data-accordion-item>\n            <a href=\"#financement\" class=\"accordion-title\">Types de financement et montants des subventions\u00a0:<\/a>\n            <div class=\"accordion-content\" data-tab-content id=\"financement\">\n                <p>Les demandeurs peuvent postuler pour l\u2019un des trois types de financement\u00a0:<\/p>\n<ul>\n<li><span style=\"color: #7659b1;\">Les RSF nouveaux et \u00e9mergents (1\u2009000 $ \u00e0 4\u2009500 $) :<\/span> pour soutenir la cr\u00e9ation de nouveaux RSF et renforcer les capacit\u00e9s des RSF moins \u00e9tablis.<\/li>\n<li><span style=\"color: #7659b1;\">Croissance et soutien des RSF existants (1\u2009000 $ \u00e0 4\u2009500 $) :<\/span> pour renforcer la capacit\u00e9 des RSF d\u00e9j\u00e0 \u00e9tablis, mais qui ont besoin de financement pour se maintenir, se renforcer et se d\u00e9velopper.<\/li>\n<li><span style=\"color: #7659b1;\">Subventions Impact et Collaboration (2\u2009500 $ \u00e0 10\u2009000 $) :<\/span> pour soutenir les initiatives de collaboration qui auront un impact plus important et qui profiteront aux familles et aux personnes aidantes naturelles d\u2019adultes de plus d\u2019un RSF ou qui toucheront plusieurs communaut\u00e9s dans la province.<\/li>\n<\/ul>\n            <\/div>\n        <\/li>\n                <li class=\"accordion-item\" data-accordion-item>\n            <a href=\"#Directives\" class=\"accordion-title\">Directives et formulaire de demande (maintenant ferm\u00e9es pour 2023-2024)\u00a0<\/a>\n            <div class=\"accordion-content\" data-tab-content id=\"Directives\">\n                <p><strong>Guide pour demandes de subventions<\/strong> (<a href=\"https:\/\/ontariocaregiver.ca\/wp-content\/uploads\/2024\/02\/Guidelines-2024-25-Final-FRENCH.pdf\" target=\"_blank\" rel=\"noopener\"><strong>PDF<\/strong><\/a> \/ <a href=\"https:\/\/ontariocaregiver.ca\/wp-content\/uploads\/2024\/02\/Guidelines-2024-25-Final-FRENCH.docx\" target=\"_blank\" rel=\"noopener\"><strong>Document Word<\/strong><\/a>)<\/p>\n<p><strong>Subventions de r\u00e9seaux de soutien aux familles \u2013 Demande de financement<\/strong> (<a href=\"https:\/\/ontariocaregiver.ca\/wp-content\/uploads\/2024\/02\/Application-FSN-2024-25-final_FRENCH.pdf\"><strong>PDF<\/strong><\/a> \/ <a href=\"https:\/\/ontariocaregiver.ca\/wp-content\/uploads\/2024\/02\/Application-FSN-2024-25-final_FRENCH.docx\" target=\"_blank\" rel=\"noopener\"><strong>Document Word<\/strong><\/a>)<\/p>\n<p><strong>FAQ<\/strong> (<a href=\"https:\/\/ontariocaregiver.ca\/wp-content\/uploads\/2024\/02\/FAQs-FR-2024-25-Final_FRENCH.pdf\" target=\"_blank\" rel=\"noopener\"><strong>PDF<\/strong><\/a> \/ <a href=\"https:\/\/ontariocaregiver.ca\/wp-content\/uploads\/2024\/02\/FAQs-2024-25-FR-final.docx\" target=\"_blank\" rel=\"noopener\"><strong>Document Word<\/strong><\/a>)<\/p>\n            <\/div>\n        <\/li>\n                <li class=\"accordion-item\" data-accordion-item>\n            <a href=\"#s\u00e9ances\" class=\"accordion-title\">S\u00e9ances d\u2019information pour les candidats int\u00e9ress\u00e9s <\/a>\n            <div class=\"accordion-content\" data-tab-content id=\"s\u00e9ances\">\n                <p>Les candidats sont encourag\u00e9s \u00e0 participer \u00e0 une s\u00e9ance d\u2019information (via Zoom) offerte \u00e0 deux dates diff\u00e9rentes. Les deux sessions aborderont le m\u00eame contenu. Veuillez noter que ces s\u00e9ances seront uniquement disponibles en anglais. Si vous souhaitez parler \u00e0 quelqu\u2019un en fran\u00e7ais, veuillez contacter grants@archive.ontariocaregiver.ca.<\/p>\n<p>&nbsp;<\/p>\n<p><strong>Le mardi 20 f\u00e9vrier 2024 \u00e0 19 h (HNE)<\/strong><\/p>\n<p><a href=\"https:\/\/us02web.zoom.us\/j\/83338516540?pwd=enN5ckgyeHFiT200RDBSVzNGSGxKQT09\">Participer \u00e0 une r\u00e9union Zoom<\/a><\/p>\n<p>Meeting ID: 833 3851 6540<\/p>\n<p>Passcode: 012568<\/p>\n<p>&nbsp;<\/p>\n<p><strong>Le mardi 27 f\u00e9vrier 2024 \u00e0 12 h (HNE) <\/strong><\/p>\n<p><a href=\"https:\/\/us02web.zoom.us\/j\/81666306418?pwd=V0wwZUlXdVhob2cydm82eTI2RDRpdz09\">Participer \u00e0 une r\u00e9union Zoom<\/a><\/p>\n<p>Meeting ID: 816 6630 6418<\/p>\n<p>Passcode: 701316<\/p>\n            <\/div>\n        <\/li>\n                <li class=\"accordion-item\" data-accordion-item>\n            <a href=\"#Contactez\" class=\"accordion-title\">Contactez-nous<\/a>\n            <div class=\"accordion-content\" data-tab-content id=\"Contactez\">\n                <p>Avoir des questions? Contactez-nous \u00e0 <a href=\"mailto:grant@archive.ontariocaregiver.ca\">grant@archive.ontariocaregiver.ca<\/a>.<\/p>\n            <\/div>\n        <\/li>\n                <li class=\"accordion-item\" data-accordion-item>\n            <a href=\"#accordion69e25feb8b3bf\" class=\"accordion-title\">Subventions octroy\u00e9es en 2023-2024<\/a>\n            <div class=\"accordion-content\" data-tab-content id=\"accordion69e25feb8b3bf\">\n                <p>La phase de demande du programme de subventions sur le renforcement des capacit\u00e9s pour les RSF est maintenant cl\u00f4tur\u00e9e. Ayant re\u00e7u 56\u202fdemandes de RSF en l\u2019Ontario, des subventions ont \u00e9t\u00e9 octroy\u00e9es \u00e0 42\u202fRSF nouveaux et \u00e9tablis.<\/p>\n<table width=\"962\">\n<tbody>\n<tr>\n<td width=\"493\">Autism Home Base Durham<\/td>\n<td width=\"469\">Hamilton FASD Parent &amp; Caregiver Support Group<\/td>\n<\/tr>\n<tr>\n<td width=\"493\">Coalition Des Familles Francophones D&rsquo;Ottawa<\/td>\n<td width=\"469\">Kingston &amp; Area Family Network<\/td>\n<\/tr>\n<tr>\n<td width=\"493\">Connected Families (Community Living Burlington)<\/td>\n<td width=\"469\">Leeds and Grenville Family Network<\/td>\n<\/tr>\n<tr>\n<td width=\"493\">Connect-In FSN<\/td>\n<td width=\"469\">Microboards Ontario<\/td>\n<\/tr>\n<tr>\n<td width=\"493\">Courage Culture Club<\/td>\n<td width=\"469\">Moeen Centre<\/td>\n<\/tr>\n<tr>\n<td width=\"493\">Danforth Family Network<\/td>\n<td width=\"469\">New Paths Brant<\/td>\n<\/tr>\n<tr>\n<td width=\"493\">Disability Family Advocacy Network<\/td>\n<td width=\"469\">Ontario Prader-Willi Syndrome Association<\/td>\n<\/tr>\n<tr>\n<td width=\"493\">Down Syndrome Association of Peterborough<\/td>\n<td width=\"469\">P.A.D.D. Parents of Adults with Developmental Disabilities<\/td>\n<\/tr>\n<tr>\n<td width=\"493\">Down Syndrome Association of Simcoe County<\/td>\n<td width=\"469\">Perth County Family Network (Facile Perth)<\/td>\n<\/tr>\n<tr>\n<td width=\"493\">Durham Down Syndrome Association<\/td>\n<td width=\"469\">Prisms Options Program<\/td>\n<\/tr>\n<tr>\n<td width=\"493\">Ensemble (Community Living Essex)<\/td>\n<td width=\"469\">R\u00e9seau francophone des Conseils de familles Ontario<\/td>\n<\/tr>\n<tr>\n<td width=\"493\">Everyday Families (Miles Nadal Jewish Community Centre)<\/td>\n<td width=\"469\">Sawubona Africentric Circle of Support<\/td>\n<\/tr>\n<tr>\n<td width=\"493\">Families as Partners (Community Living\u00a0 Ajax Pickering)<\/td>\n<td width=\"469\">Scarborough Residential Alternatives<\/td>\n<\/tr>\n<tr>\n<td width=\"493\">Families Matter Cooperative<\/td>\n<td>Stormont Dundas Glengarry (SDG) Caregivers Network<\/td>\n<\/tr>\n<tr>\n<td width=\"493\">Family Alliance Ontario<\/td>\n<td width=\"469\">Temiskaming &amp; Area Family Nework<\/td>\n<\/tr>\n<tr>\n<td width=\"493\">Family Connections Cheer Group<\/td>\n<td width=\"469\">Thames Valley Family Network<\/td>\n<\/tr>\n<tr>\n<td width=\"493\">Family Suport Network Newmarket\/Aurora<\/td>\n<td width=\"469\">TRM: The Right Madittude<\/td>\n<\/tr>\n<tr>\n<td width=\"493\">Family Support Network supported by Community Living York South<\/td>\n<td width=\"469\">Thunder Bay Family Network<\/td>\n<\/tr>\n<tr>\n<td width=\"493\">Family Voice of Lanark County<\/td>\n<td width=\"469\">Waterloo Region Family Network<\/td>\n<\/tr>\n<tr>\n<td width=\"493\">Guelph Wellington Family Network (Community Living\u00a0 Guelph Wellington)<\/td>\n<td width=\"469\">Waterloo Wellington Down Syndrome Association<\/td>\n<\/tr>\n<tr>\n<td width=\"493\">Halton FASD Support for Parents &amp; Caregivers<\/td>\n<td width=\"469\">York South Family Support Network<\/td>\n<\/tr>\n<\/tbody>\n<\/table>\n            <\/div>\n        <\/li>\n            <\/ul>\n<\/div>\n\n\n\n<p><\/p>\n","protected":false},"excerpt":{"rendered":"<p>Subventions sur le renforcement des capacit\u00e9s pour les r\u00e9seaux de soutien aux familles&nbsp; L&rsquo;appel de demandes de subventions 2024-2025 est maintenant ferm\u00e9. L\u2019OSANO accorde..<\/p>\n","protected":false},"author":7,"featured_media":11964,"parent":0,"menu_order":0,"comment_status":"closed","ping_status":"closed","template":"","meta":{"_acf_changed":false,"_relevanssi_hide_post":"","_relevanssi_hide_content":"","_relevanssi_pin_for_all":"","_relevanssi_pin_keywords":"","_relevanssi_unpin_keywords":"","_relevanssi_related_keywords":"","_relevanssi_related_include_ids":"","_relevanssi_related_exclude_ids":"","_relevanssi_related_no_append":"","_relevanssi_related_not_related":"","_relevanssi_related_posts":"13464,7899,7429,2001,12694,8416","_relevanssi_noindex_reason":"","_price":"","_stock":"","_tribe_ticket_header":"","_tribe_default_ticket_provider":"","_tribe_ticket_capacity":"0","_ticket_start_date":"","_ticket_end_date":"","_tribe_ticket_show_description":"","_tribe_ticket_show_not_going":false,"_tribe_ticket_use_global_stock":"","_tribe_ticket_global_stock_level":"","_global_stock_mode":"","_global_stock_cap":"","_tribe_rsvp_for_event":"","_tribe_ticket_going_count":"","_tribe_ticket_not_going_count":"","_tribe_tickets_list":[],"_tribe_ticket_has_attendee_info_fields":false,"footnotes":""},"class_list":["post-11959","page","type-page","status-publish","has-post-thumbnail","hentry"],"acf":[],"yoast_head":"<!-- This site is optimized with the Yoast SEO plugin v25.8 - https:\/\/yoast.com\/wordpress\/plugins\/seo\/ -->\n<title>Subventions sur le renforcement des capacit\u00e9s pour les r\u00e9seaux de soutien aux familles\u00a0 - Organisme de soutien aux aidants naturels de l\u2019Ontario<\/title>\n<meta name=\"robots\" content=\"noindex, follow, max-snippet:-1, max-image-preview:large, max-video-preview:-1\" \/>\n<meta property=\"og:locale\" content=\"fr_FR\" \/>\n<meta property=\"og:type\" content=\"article\" \/>\n<meta property=\"og:title\" content=\"Subventions sur le renforcement des capacit\u00e9s pour les r\u00e9seaux de soutien aux familles\u00a0 - Organisme de soutien aux aidants naturels de l\u2019Ontario\" \/>\n<meta property=\"og:description\" content=\"Subventions sur le renforcement des capacit\u00e9s pour les r\u00e9seaux de soutien aux familles&nbsp; L&rsquo;appel de demandes de subventions 2024-2025 est maintenant ferm\u00e9. L\u2019OSANO accorde..\" \/>\n<meta property=\"og:url\" content=\"https:\/\/archive.ontariocaregiver.ca\/fr\/subventionsrsf\/\" \/>\n<meta property=\"og:site_name\" content=\"Organisme de soutien aux aidants naturels de l\u2019Ontario\" \/>\n<meta property=\"article:modified_time\" content=\"2024-03-18T13:23:03+00:00\" \/>\n<meta property=\"og:image\" content=\"https:\/\/ontariocaregiver.ca\/wp-content\/uploads\/2021\/09\/iStock-1044762498.jpg\" \/>\n\t<meta property=\"og:image:width\" content=\"2121\" \/>\n\t<meta property=\"og:image:height\" content=\"1414\" \/>\n\t<meta property=\"og:image:type\" content=\"image\/jpeg\" \/>\n<meta name=\"twitter:card\" content=\"summary_large_image\" \/>\n<meta name=\"twitter:label1\" content=\"Dur\u00e9e de lecture estim\u00e9e\" \/>\n\t<meta name=\"twitter:data1\" content=\"2 minutes\" \/>\n<script type=\"application\/ld+json\" class=\"yoast-schema-graph\">{\"@context\":\"https:\/\/schema.org\",\"@graph\":[{\"@type\":\"WebPage\",\"@id\":\"https:\/\/archive.ontariocaregiver.ca\/fr\/subventionsrsf\/\",\"url\":\"https:\/\/archive.ontariocaregiver.ca\/fr\/subventionsrsf\/\",\"name\":\"Subventions sur le renforcement des capacit\u00e9s pour les r\u00e9seaux de soutien aux familles\u00a0 - Organisme de soutien aux aidants naturels de l\u2019Ontario\",\"isPartOf\":{\"@id\":\"https:\/\/archive.ontariocaregiver.ca\/fr\/#website\"},\"primaryImageOfPage\":{\"@id\":\"https:\/\/archive.ontariocaregiver.ca\/fr\/subventionsrsf\/#primaryimage\"},\"image\":{\"@id\":\"https:\/\/archive.ontariocaregiver.ca\/fr\/subventionsrsf\/#primaryimage\"},\"thumbnailUrl\":\"https:\/\/ontariocaregiver.ca\/wp-content\/uploads\/2021\/09\/iStock-1044762498.jpg\",\"datePublished\":\"2021-09-01T17:13:43+00:00\",\"dateModified\":\"2024-03-18T13:23:03+00:00\",\"breadcrumb\":{\"@id\":\"https:\/\/archive.ontariocaregiver.ca\/fr\/subventionsrsf\/#breadcrumb\"},\"inLanguage\":\"fr-FR\",\"potentialAction\":[{\"@type\":\"ReadAction\",\"target\":[\"https:\/\/archive.ontariocaregiver.ca\/fr\/subventionsrsf\/\"]}]},{\"@type\":\"ImageObject\",\"inLanguage\":\"fr-FR\",\"@id\":\"https:\/\/archive.ontariocaregiver.ca\/fr\/subventionsrsf\/#primaryimage\",\"url\":\"https:\/\/ontariocaregiver.ca\/wp-content\/uploads\/2021\/09\/iStock-1044762498.jpg\",\"contentUrl\":\"https:\/\/ontariocaregiver.ca\/wp-content\/uploads\/2021\/09\/iStock-1044762498.jpg\",\"width\":2121,\"height\":1414,\"caption\":\"Famille dans la cuisine avec une fille handicap\u00e9e en fauteuil roulant\"},{\"@type\":\"BreadcrumbList\",\"@id\":\"https:\/\/archive.ontariocaregiver.ca\/fr\/subventionsrsf\/#breadcrumb\",\"itemListElement\":[{\"@type\":\"ListItem\",\"position\":1,\"name\":\"Page principale\",\"item\":\"https:\/\/archive.ontariocaregiver.ca\/fr\/\"},{\"@type\":\"ListItem\",\"position\":2,\"name\":\"Subventions sur le renforcement des capacit\u00e9s pour les r\u00e9seaux de soutien aux familles\u00a0\"}]},{\"@type\":\"WebSite\",\"@id\":\"https:\/\/archive.ontariocaregiver.ca\/fr\/#website\",\"url\":\"https:\/\/archive.ontariocaregiver.ca\/fr\/\",\"name\":\"Organisme de soutien aux aidants naturels de l\u2019Ontario\",\"description\":\"\",\"potentialAction\":[{\"@type\":\"SearchAction\",\"target\":{\"@type\":\"EntryPoint\",\"urlTemplate\":\"https:\/\/archive.ontariocaregiver.ca\/fr\/?s={search_term_string}\"},\"query-input\":{\"@type\":\"PropertyValueSpecification\",\"valueRequired\":true,\"valueName\":\"search_term_string\"}}],\"inLanguage\":\"fr-FR\"}]}<\/script>\n<!-- \/ Yoast SEO plugin. -->","yoast_head_json":{"title":"Subventions sur le renforcement des capacit\u00e9s pour les r\u00e9seaux de soutien aux familles\u00a0 - Organisme de soutien aux aidants naturels de l\u2019Ontario","robots":{"index":"noindex","follow":"follow","max-snippet":"max-snippet:-1","max-image-preview":"max-image-preview:large","max-video-preview":"max-video-preview:-1"},"og_locale":"fr_FR","og_type":"article","og_title":"Subventions sur le renforcement des capacit\u00e9s pour les r\u00e9seaux de soutien aux familles\u00a0 - Organisme de soutien aux aidants naturels de l\u2019Ontario","og_description":"Subventions sur le renforcement des capacit\u00e9s pour les r\u00e9seaux de soutien aux familles&nbsp; L&rsquo;appel de demandes de subventions 2024-2025 est maintenant ferm\u00e9. L\u2019OSANO accorde..","og_url":"https:\/\/archive.ontariocaregiver.ca\/fr\/subventionsrsf\/","og_site_name":"Organisme de soutien aux aidants naturels de l\u2019Ontario","article_modified_time":"2024-03-18T13:23:03+00:00","og_image":[{"width":2121,"height":1414,"url":"https:\/\/ontariocaregiver.ca\/wp-content\/uploads\/2021\/09\/iStock-1044762498.jpg","type":"image\/jpeg"}],"twitter_card":"summary_large_image","twitter_misc":{"Dur\u00e9e de lecture estim\u00e9e":"2 minutes"},"schema":{"@context":"https:\/\/schema.org","@graph":[{"@type":"WebPage","@id":"https:\/\/archive.ontariocaregiver.ca\/fr\/subventionsrsf\/","url":"https:\/\/archive.ontariocaregiver.ca\/fr\/subventionsrsf\/","name":"Subventions sur le renforcement des capacit\u00e9s pour les r\u00e9seaux de soutien aux familles\u00a0 - Organisme de soutien aux aidants naturels de l\u2019Ontario","isPartOf":{"@id":"https:\/\/archive.ontariocaregiver.ca\/fr\/#website"},"primaryImageOfPage":{"@id":"https:\/\/archive.ontariocaregiver.ca\/fr\/subventionsrsf\/#primaryimage"},"image":{"@id":"https:\/\/archive.ontariocaregiver.ca\/fr\/subventionsrsf\/#primaryimage"},"thumbnailUrl":"https:\/\/ontariocaregiver.ca\/wp-content\/uploads\/2021\/09\/iStock-1044762498.jpg","datePublished":"2021-09-01T17:13:43+00:00","dateModified":"2024-03-18T13:23:03+00:00","breadcrumb":{"@id":"https:\/\/archive.ontariocaregiver.ca\/fr\/subventionsrsf\/#breadcrumb"},"inLanguage":"fr-FR","potentialAction":[{"@type":"ReadAction","target":["https:\/\/archive.ontariocaregiver.ca\/fr\/subventionsrsf\/"]}]},{"@type":"ImageObject","inLanguage":"fr-FR","@id":"https:\/\/archive.ontariocaregiver.ca\/fr\/subventionsrsf\/#primaryimage","url":"https:\/\/ontariocaregiver.ca\/wp-content\/uploads\/2021\/09\/iStock-1044762498.jpg","contentUrl":"https:\/\/ontariocaregiver.ca\/wp-content\/uploads\/2021\/09\/iStock-1044762498.jpg","width":2121,"height":1414,"caption":"Famille dans la cuisine avec une fille handicap\u00e9e en fauteuil roulant"},{"@type":"BreadcrumbList","@id":"https:\/\/archive.ontariocaregiver.ca\/fr\/subventionsrsf\/#breadcrumb","itemListElement":[{"@type":"ListItem","position":1,"name":"Page principale","item":"https:\/\/archive.ontariocaregiver.ca\/fr\/"},{"@type":"ListItem","position":2,"name":"Subventions sur le renforcement des capacit\u00e9s pour les r\u00e9seaux de soutien aux familles\u00a0"}]},{"@type":"WebSite","@id":"https:\/\/archive.ontariocaregiver.ca\/fr\/#website","url":"https:\/\/archive.ontariocaregiver.ca\/fr\/","name":"Organisme de soutien aux aidants naturels de l\u2019Ontario","description":"","potentialAction":[{"@type":"SearchAction","target":{"@type":"EntryPoint","urlTemplate":"https:\/\/archive.ontariocaregiver.ca\/fr\/?s={search_term_string}"},"query-input":{"@type":"PropertyValueSpecification","valueRequired":true,"valueName":"search_term_string"}}],"inLanguage":"fr-FR"}]}},"ticketed":false,"_links":{"self":[{"href":"https:\/\/archive.ontariocaregiver.ca\/fr\/wp-json\/wp\/v2\/pages\/11959","targetHints":{"allow":["GET"]}}],"collection":[{"href":"https:\/\/archive.ontariocaregiver.ca\/fr\/wp-json\/wp\/v2\/pages"}],"about":[{"href":"https:\/\/archive.ontariocaregiver.ca\/fr\/wp-json\/wp\/v2\/types\/page"}],"author":[{"embeddable":true,"href":"https:\/\/archive.ontariocaregiver.ca\/fr\/wp-json\/wp\/v2\/users\/7"}],"replies":[{"embeddable":true,"href":"https:\/\/archive.ontariocaregiver.ca\/fr\/wp-json\/wp\/v2\/comments?post=11959"}],"version-history":[{"count":44,"href":"https:\/\/archive.ontariocaregiver.ca\/fr\/wp-json\/wp\/v2\/pages\/11959\/revisions"}],"predecessor-version":[{"id":25503,"href":"https:\/\/archive.ontariocaregiver.ca\/fr\/wp-json\/wp\/v2\/pages\/11959\/revisions\/25503"}],"wp:featuredmedia":[{"embeddable":true,"href":"https:\/\/archive.ontariocaregiver.ca\/fr\/wp-json\/wp\/v2\/media\/11964"}],"wp:attachment":[{"href":"https:\/\/archive.ontariocaregiver.ca\/fr\/wp-json\/wp\/v2\/media?parent=11959"}],"curies":[{"name":"wp","href":"https:\/\/api.w.org\/{rel}","templated":true}]}}