{"id":11550,"date":"2021-07-20T13:56:36","date_gmt":"2021-07-20T17:56:36","guid":{"rendered":"https:\/\/archive.ontariocaregiver.ca\/?page_id=11550"},"modified":"2023-10-26T08:20:28","modified_gmt":"2023-10-26T12:20:28","slug":"soutenir-les-aidants-naturels-pendant-covid-19","status":"publish","type":"page","link":"https:\/\/archive.ontariocaregiver.ca\/fr\/pour-aidants-naturels\/soutien-par-les-pairs-en-aidance-naturelle\/soutenir-les-aidants-naturels-pendant-covid-19\/","title":{"rendered":"Soutenir les aidants naturels pendant COVID-19"},"content":{"rendered":"\n<h2 class=\"wp-block-heading\">Rejoignez notre groupe de soutien en ligne<\/h2>\n\n\n\n<p>Connectez-vous avec d\u2019autres personnes aidantes naturelles dans nos groupes de soutien en ligne. Nous sommes l\u00e0 pour vous aider.<\/p>\n\n\n\n<p>Nous vous invitons \u00e0 rejoindre d\u2019autres personnes aidantes naturelles (des personnes ordinaires qui apportent un soutien physique et \u00e9motionnel \u00e0 un membre de leur familleou de leur entourage) dans un milieu accueillant o\u00f9 vous pouvez partager les d\u00e9fis, les succ\u00e8s et les pr\u00e9occupations de votre situation d\u2019aidance naturelle. La discussion est men\u00e9e par des personnes aidantes naturelles pour discuter des sujets qui sont importants pour elles. Veuillez noter que les groupes de soutien en ligne ne sont pas des services de crise et ne constituent pas des conseils en mati\u00e8re de sant\u00e9 mentale.<\/p>\n\n\n\n<p>Chaque groupe est anim\u00e9 par une personne form\u00e9e en soutien aux pairs, avec de l\u2019exp\u00e9rience comme personne aidante naturelle actuelle ou pass\u00e9e.&nbsp;<\/p>\n\n\n\n<p><strong>Les inscriptions sont d\u00e9sormais ouvertes pour le groupe de soutien en ligne (en fran\u00e7ais) pour les personnes aidantes naturelles. <\/strong>Le groupe de soutien en ligne (en fran\u00e7ais) pour les personnes aidantes naturelles aura lieu&nbsp;:<\/p>\n\n\n\n<p><strong>Deux fois par mois <\/strong><strong>\u2013<\/strong><strong> le deuxi\u00e8me et quatri\u00e8me mardi du mois de 15&nbsp;h \u00e0 16&nbsp;h HNE.<\/strong><\/p>\n\n\n\n<p>Veuillez vous inscrire ici&nbsp;: <a href=\"https:\/\/www.eventbrite.ca\/e\/billets-les-groupes-de-soutien-en-ligne-329789187337\">https:\/\/www.eventbrite.ca\/e\/billets-les-groupes-de-soutien-en-ligne-329789187337<\/a><\/p>\n\n\n\n<p>Toutes les discussions sont enti\u00e8rement confidentielles.&nbsp;<strong>Nous demandons \u00e0 tous les participants de signer un promesse de non-divulgation avant de joindre le groupe de soutien en ligne pour assurer la protection de la vie priv\u00e9e et de la confidentialit\u00e9.<\/strong><\/p>\n\n\n\n<p>Nous vous enverrons un lien vers l\u2019promesse de non-divulgation au moment de votre inscription au groupe de soutien en ligne. Veuillez v\u00e9rifier votre courriel d\u2019inscription pour plus de d\u00e9tails. Veuillez noter que vous ne pourrez pas participer au groupe de soutien en ligne avant de nous envoyer votre promesse de non-divulgation sign\u00e9. &nbsp;<\/p>\n\n\n\n<h2 class=\"wp-block-heading\">Les groupes de soutien en ligne (disponible en anglais) ont lieu les jours suivants&nbsp;:<\/h2>\n\n\n\n<p>Mardi entre 10 h et 11 h HNE (places libres) \u2013 offert le premier et troisi\u00e8me mardi du mois<\/p>\n\n\n\n<p>Mercredi entre 10 h 30 et 11 h 30 HNE (places libres) \u2013 offert le deuxi\u00e8me et quatri\u00e8me mercredi du mois<\/p>\n\n\n\n<p>Jeudi entre 14 h et 15 h HNE (places libres) \u2013 offert le premier et troisi\u00e8me jeudi du mois<\/p>\n\n\n\n<p>Jeudi entre 18 h 30 et 19 h 30 HNE (places libres) \u2013 offert le premier et troisi\u00e8me jeudi du mois<\/p>\n\n\n\n<p>Vendredi entre 10 h 30 et 11 h 30 HNE (places libres) \u2013 offert le premier et troisi\u00e8me vendredi du mois<\/p>\n\n\n\n<p>Si ces horaires ne vous conviennent pas ou si vous souhaitez en savoir plus sur d\u2019autres services de soutien et programmes propos\u00e9s par l\u2019OSANO, communiquez avec nous \u00e0 l\u2019adresse&nbsp;<a href=\"mailto:info@archive.ontariocaregiver.ca\"><strong>info@archive.ontariocaregiver.ca<\/strong><\/a>.<\/p>\n\n\n\n<p>Vous pouvez \u00e9galement vous&nbsp;<a href=\"https:\/\/archive.ontariocaregiver.ca\/fr\/impliquez-vous\/abonnez-vous\/\"><strong>abonner \u00e0 notre liste de diffusion<\/strong><\/a>&nbsp;pour recevoir des nouvelles d\u00e8s que des nouveaux groupes de soutien en ligne ou d\u2019autres programmes sont disponibles.<\/p>\n\n\n\n<p>Remarque&nbsp;: ces groupes sont uniquement destin\u00e9s aux personnes aidantes naturelles qui cherchent du soutien. Afin d\u2019assurer un espace s\u00fbr et encourageant, les \u00e9tudiants, les apprentis, les investigateurs ou les personnes qui cherchent \u00e0 en savoir plus sur l\u2019aidance naturelle&nbsp;<strong>ne seront pas admises<\/strong>&nbsp;aux groupes, mais sont plut\u00f4t invit\u00e9es \u00e0 explorer nos ressources et nos informations \u00e0&nbsp;<a href=\"https:\/\/archive.ontariocaregiver.ca\/fr\/\"><strong>ontariocaregiver.ca\/fr\/<\/strong><\/a>.<\/p>\n","protected":false},"excerpt":{"rendered":"<p>Rejoignez notre groupe de soutien en ligne Connectez-vous avec d\u2019autres personnes aidantes naturelles dans nos groupes de soutien en ligne. Nous sommes l\u00e0 pour..<\/p>\n","protected":false},"author":7,"featured_media":0,"parent":13159,"menu_order":-1,"comment_status":"closed","ping_status":"closed","template":"","meta":{"_acf_changed":false,"_relevanssi_hide_post":"","_relevanssi_hide_content":"","_relevanssi_pin_for_all":"","_relevanssi_pin_keywords":"","_relevanssi_unpin_keywords":"","_relevanssi_related_keywords":"","_relevanssi_related_include_ids":"","_relevanssi_related_exclude_ids":"","_relevanssi_related_no_append":"","_relevanssi_related_not_related":"","_relevanssi_related_posts":"13464,7429,7899,2001,5652,12694","_relevanssi_noindex_reason":"","_price":"","_stock":"","_tribe_ticket_header":"","_tribe_default_ticket_provider":"","_tribe_ticket_capacity":"0","_ticket_start_date":"","_ticket_end_date":"","_tribe_ticket_show_description":"","_tribe_ticket_show_not_going":false,"_tribe_ticket_use_global_stock":"","_tribe_ticket_global_stock_level":"","_global_stock_mode":"","_global_stock_cap":"","_tribe_rsvp_for_event":"","_tribe_ticket_going_count":"","_tribe_ticket_not_going_count":"","_tribe_tickets_list":[],"_tribe_ticket_has_attendee_info_fields":false,"footnotes":""},"class_list":["post-11550","page","type-page","status-publish","hentry"],"acf":[],"yoast_head":"<!-- This site is optimized with the Yoast SEO plugin v25.8 - https:\/\/yoast.com\/wordpress\/plugins\/seo\/ -->\n<title>Soutenir les aidants naturels pendant COVID-19 - Organisme de soutien aux aidants naturels de l\u2019Ontario<\/title>\n<meta name=\"robots\" content=\"noindex, follow, max-snippet:-1, max-image-preview:large, max-video-preview:-1\" \/>\n<meta property=\"og:locale\" content=\"fr_FR\" \/>\n<meta property=\"og:type\" content=\"article\" \/>\n<meta property=\"og:title\" content=\"Soutenir les aidants naturels pendant COVID-19 - Organisme de soutien aux aidants naturels de l\u2019Ontario\" \/>\n<meta property=\"og:description\" content=\"Rejoignez notre groupe de soutien en ligne Connectez-vous avec d\u2019autres personnes aidantes naturelles dans nos groupes de soutien en ligne. Nous sommes l\u00e0 pour..\" \/>\n<meta property=\"og:url\" content=\"https:\/\/archive.ontariocaregiver.ca\/fr\/pour-aidants-naturels\/soutien-par-les-pairs-en-aidance-naturelle\/soutenir-les-aidants-naturels-pendant-covid-19\/\" \/>\n<meta property=\"og:site_name\" content=\"Organisme de soutien aux aidants naturels de l\u2019Ontario\" \/>\n<meta property=\"article:modified_time\" content=\"2023-10-26T12:20:28+00:00\" \/>\n<meta name=\"twitter:card\" content=\"summary_large_image\" \/>\n<meta name=\"twitter:label1\" content=\"Dur\u00e9e de lecture estim\u00e9e\" \/>\n\t<meta name=\"twitter:data1\" content=\"3 minutes\" \/>\n<script type=\"application\/ld+json\" class=\"yoast-schema-graph\">{\"@context\":\"https:\/\/schema.org\",\"@graph\":[{\"@type\":\"WebPage\",\"@id\":\"https:\/\/archive.ontariocaregiver.ca\/fr\/pour-aidants-naturels\/soutien-par-les-pairs-en-aidance-naturelle\/soutenir-les-aidants-naturels-pendant-covid-19\/\",\"url\":\"https:\/\/archive.ontariocaregiver.ca\/fr\/pour-aidants-naturels\/soutien-par-les-pairs-en-aidance-naturelle\/soutenir-les-aidants-naturels-pendant-covid-19\/\",\"name\":\"Soutenir les aidants naturels pendant COVID-19 - Organisme de soutien aux aidants naturels de l\u2019Ontario\",\"isPartOf\":{\"@id\":\"https:\/\/archive.ontariocaregiver.ca\/fr\/#website\"},\"datePublished\":\"2021-07-20T17:56:36+00:00\",\"dateModified\":\"2023-10-26T12:20:28+00:00\",\"breadcrumb\":{\"@id\":\"https:\/\/archive.ontariocaregiver.ca\/fr\/pour-aidants-naturels\/soutien-par-les-pairs-en-aidance-naturelle\/soutenir-les-aidants-naturels-pendant-covid-19\/#breadcrumb\"},\"inLanguage\":\"fr-FR\",\"potentialAction\":[{\"@type\":\"ReadAction\",\"target\":[\"https:\/\/archive.ontariocaregiver.ca\/fr\/pour-aidants-naturels\/soutien-par-les-pairs-en-aidance-naturelle\/soutenir-les-aidants-naturels-pendant-covid-19\/\"]}]},{\"@type\":\"BreadcrumbList\",\"@id\":\"https:\/\/archive.ontariocaregiver.ca\/fr\/pour-aidants-naturels\/soutien-par-les-pairs-en-aidance-naturelle\/soutenir-les-aidants-naturels-pendant-covid-19\/#breadcrumb\",\"itemListElement\":[{\"@type\":\"ListItem\",\"position\":1,\"name\":\"Page principale\",\"item\":\"https:\/\/archive.ontariocaregiver.ca\/fr\/\"},{\"@type\":\"ListItem\",\"position\":2,\"name\":\"Soutien pour personnes aidantes naturelles\",\"item\":\"https:\/\/archive.ontariocaregiver.ca\/fr\/pour-aidants-naturels\/\"},{\"@type\":\"ListItem\",\"position\":3,\"name\":\"Soutien par les pairs en aidance naturelle\",\"item\":\"https:\/\/archive.ontariocaregiver.ca\/fr\/for-caregivers\/peer-support-for-caregivers\/\"},{\"@type\":\"ListItem\",\"position\":4,\"name\":\"Soutenir les aidants naturels pendant COVID-19\"}]},{\"@type\":\"WebSite\",\"@id\":\"https:\/\/archive.ontariocaregiver.ca\/fr\/#website\",\"url\":\"https:\/\/archive.ontariocaregiver.ca\/fr\/\",\"name\":\"Organisme de soutien aux aidants naturels de l\u2019Ontario\",\"description\":\"\",\"potentialAction\":[{\"@type\":\"SearchAction\",\"target\":{\"@type\":\"EntryPoint\",\"urlTemplate\":\"https:\/\/archive.ontariocaregiver.ca\/fr\/?s={search_term_string}\"},\"query-input\":{\"@type\":\"PropertyValueSpecification\",\"valueRequired\":true,\"valueName\":\"search_term_string\"}}],\"inLanguage\":\"fr-FR\"}]}<\/script>\n<!-- \/ Yoast SEO plugin. -->","yoast_head_json":{"title":"Soutenir les aidants naturels pendant COVID-19 - Organisme de soutien aux aidants naturels de l\u2019Ontario","robots":{"index":"noindex","follow":"follow","max-snippet":"max-snippet:-1","max-image-preview":"max-image-preview:large","max-video-preview":"max-video-preview:-1"},"og_locale":"fr_FR","og_type":"article","og_title":"Soutenir les aidants naturels pendant COVID-19 - Organisme de soutien aux aidants naturels de l\u2019Ontario","og_description":"Rejoignez notre groupe de soutien en ligne Connectez-vous avec d\u2019autres personnes aidantes naturelles dans nos groupes de soutien en ligne. Nous sommes l\u00e0 pour..","og_url":"https:\/\/archive.ontariocaregiver.ca\/fr\/pour-aidants-naturels\/soutien-par-les-pairs-en-aidance-naturelle\/soutenir-les-aidants-naturels-pendant-covid-19\/","og_site_name":"Organisme de soutien aux aidants naturels de l\u2019Ontario","article_modified_time":"2023-10-26T12:20:28+00:00","twitter_card":"summary_large_image","twitter_misc":{"Dur\u00e9e de lecture estim\u00e9e":"3 minutes"},"schema":{"@context":"https:\/\/schema.org","@graph":[{"@type":"WebPage","@id":"https:\/\/archive.ontariocaregiver.ca\/fr\/pour-aidants-naturels\/soutien-par-les-pairs-en-aidance-naturelle\/soutenir-les-aidants-naturels-pendant-covid-19\/","url":"https:\/\/archive.ontariocaregiver.ca\/fr\/pour-aidants-naturels\/soutien-par-les-pairs-en-aidance-naturelle\/soutenir-les-aidants-naturels-pendant-covid-19\/","name":"Soutenir les aidants naturels pendant COVID-19 - Organisme de soutien aux aidants naturels de l\u2019Ontario","isPartOf":{"@id":"https:\/\/archive.ontariocaregiver.ca\/fr\/#website"},"datePublished":"2021-07-20T17:56:36+00:00","dateModified":"2023-10-26T12:20:28+00:00","breadcrumb":{"@id":"https:\/\/archive.ontariocaregiver.ca\/fr\/pour-aidants-naturels\/soutien-par-les-pairs-en-aidance-naturelle\/soutenir-les-aidants-naturels-pendant-covid-19\/#breadcrumb"},"inLanguage":"fr-FR","potentialAction":[{"@type":"ReadAction","target":["https:\/\/archive.ontariocaregiver.ca\/fr\/pour-aidants-naturels\/soutien-par-les-pairs-en-aidance-naturelle\/soutenir-les-aidants-naturels-pendant-covid-19\/"]}]},{"@type":"BreadcrumbList","@id":"https:\/\/archive.ontariocaregiver.ca\/fr\/pour-aidants-naturels\/soutien-par-les-pairs-en-aidance-naturelle\/soutenir-les-aidants-naturels-pendant-covid-19\/#breadcrumb","itemListElement":[{"@type":"ListItem","position":1,"name":"Page principale","item":"https:\/\/archive.ontariocaregiver.ca\/fr\/"},{"@type":"ListItem","position":2,"name":"Soutien pour personnes aidantes naturelles","item":"https:\/\/archive.ontariocaregiver.ca\/fr\/pour-aidants-naturels\/"},{"@type":"ListItem","position":3,"name":"Soutien par les pairs en aidance naturelle","item":"https:\/\/archive.ontariocaregiver.ca\/fr\/for-caregivers\/peer-support-for-caregivers\/"},{"@type":"ListItem","position":4,"name":"Soutenir les aidants naturels pendant COVID-19"}]},{"@type":"WebSite","@id":"https:\/\/archive.ontariocaregiver.ca\/fr\/#website","url":"https:\/\/archive.ontariocaregiver.ca\/fr\/","name":"Organisme de soutien aux aidants naturels de l\u2019Ontario","description":"","potentialAction":[{"@type":"SearchAction","target":{"@type":"EntryPoint","urlTemplate":"https:\/\/archive.ontariocaregiver.ca\/fr\/?s={search_term_string}"},"query-input":{"@type":"PropertyValueSpecification","valueRequired":true,"valueName":"search_term_string"}}],"inLanguage":"fr-FR"}]}},"ticketed":false,"_links":{"self":[{"href":"https:\/\/archive.ontariocaregiver.ca\/fr\/wp-json\/wp\/v2\/pages\/11550","targetHints":{"allow":["GET"]}}],"collection":[{"href":"https:\/\/archive.ontariocaregiver.ca\/fr\/wp-json\/wp\/v2\/pages"}],"about":[{"href":"https:\/\/archive.ontariocaregiver.ca\/fr\/wp-json\/wp\/v2\/types\/page"}],"author":[{"embeddable":true,"href":"https:\/\/archive.ontariocaregiver.ca\/fr\/wp-json\/wp\/v2\/users\/7"}],"replies":[{"embeddable":true,"href":"https:\/\/archive.ontariocaregiver.ca\/fr\/wp-json\/wp\/v2\/comments?post=11550"}],"version-history":[{"count":12,"href":"https:\/\/archive.ontariocaregiver.ca\/fr\/wp-json\/wp\/v2\/pages\/11550\/revisions"}],"predecessor-version":[{"id":24275,"href":"https:\/\/archive.ontariocaregiver.ca\/fr\/wp-json\/wp\/v2\/pages\/11550\/revisions\/24275"}],"up":[{"embeddable":true,"href":"https:\/\/archive.ontariocaregiver.ca\/fr\/wp-json\/wp\/v2\/pages\/13159"}],"wp:attachment":[{"href":"https:\/\/archive.ontariocaregiver.ca\/fr\/wp-json\/wp\/v2\/media?parent=11550"}],"curies":[{"name":"wp","href":"https:\/\/api.w.org\/{rel}","templated":true}]}}