{"id":11403,"date":"2021-07-15T16:27:45","date_gmt":"2021-07-15T20:27:45","guid":{"rendered":"https:\/\/archive.ontariocaregiver.ca\/?page_id=11403"},"modified":"2021-08-20T17:06:24","modified_gmt":"2021-08-20T21:06:24","slug":"vie-privee-consentement","status":"publish","type":"page","link":"https:\/\/archive.ontariocaregiver.ca\/fr\/pour-prestataires\/inclusion-de-laidant-naturel-dans-lequipe-de-soins\/vie-privee-consentement\/","title":{"rendered":"Ressources sur la vie priv\u00e9e et le consentement en mati\u00e8re de sant\u00e9"},"content":{"rendered":"\n<h2 class=\"wp-block-heading\">Ressources sur la vie priv\u00e9e et le consentement&nbsp;en mati\u00e8re de sant\u00e9<\/h2>\n\n\n\n<p>Disposer de renseignements sur les soins et le r\u00e9tablissement des patients\/clients peut constituer une partie importante du r\u00f4le des aidants naturels. Cependant, les lois et r\u00e8gles de l\u2019Ontario en mati\u00e8re de protection de la vie priv\u00e9e dans le domaine de la sant\u00e9 sont complexes et il peut \u00eatre difficile pour les&nbsp;prestataires&nbsp;de soins de sant\u00e9 et les aidants naturels de comprendre comment communiquer en tant que partenaires de soins tout en assurant la protection de la vie priv\u00e9e des patients.&nbsp;&nbsp;&nbsp;<\/p>\n\n\n\n<p>Lorsque les aidants naturels et les&nbsp;prestataires&nbsp;de soins de sant\u00e9 ont une meilleure compr\u00e9hension des lois sur la protection de la vie priv\u00e9e dans le domaine de la sant\u00e9, tout le monde peut se sentir mieux inform\u00e9 et avoir les moyens de faire en sorte que ces lois fonctionnent de mani\u00e8re \u00e0 assurer les meilleurs soins possibles aux patients.&nbsp;&nbsp;&nbsp;<\/p>\n\n\n\n<p>Il n\u2019est pas toujours facile de r\u00e9pondre par&nbsp;\u00ab\u202foui\u202f\u00bb&nbsp;ou par&nbsp;\u00ab\u202fnon\u202f\u00bb&nbsp;aux questions relatives \u00e0 la protection de la sant\u00e9.&nbsp; Les ressources suivantes* fournissent des informations g\u00e9n\u00e9rales&nbsp;et&nbsp;peuvent&nbsp;\u00eatre&nbsp;utilis\u00e9es&nbsp;\u00e0&nbsp;diff\u00e9rentes&nbsp;fins. Par exemple\u202f:&nbsp;&nbsp;<\/p>\n\n\n\n<ul class=\"wp-block-list\"><li>Am\u00e9lioration de&nbsp;la formation et&nbsp;de&nbsp;l\u2019\u00e9ducation des&nbsp;prestataires&nbsp;de soins<\/li><li>Prise&nbsp;en charge de soi-m\u00eame et des autres dans le contexte de l&rsquo;aidance naturelle&nbsp;<\/li><li>Meilleure compr\u00e9hension&nbsp;des exigences de la l\u00e9gislation en mati\u00e8re de consentement et de protection de la vie priv\u00e9e afin que chacun puisse travailler en tant que partenaire de soins pour optimiser les soins et le soutien aux patients&nbsp;<\/li><\/ul>\n\n\n<div id=\"corona-resources-block_60c3cb36a1b98\" class=\"corona-resources \">\n    <div class=\"row\" data-equalizer data-equalize-on=\"medium\">\n                    <div class=\"medium-6 column\">\n                <div class=\"col-title\"><div class=\"inner\"><h2 data-equalizer-watch><\/h2><\/div><\/div>\n                <a href=\"https:\/\/archive.ontariocaregiver.ca\/wp-content\/uploads\/2021\/08\/Understanding-health-privacy-and-consent-in-Ontario-a-guide-for-caregivers-and-providers-FRENCH-Aug4.pdf\" target=\"_blank\">\n                <div class=\"box\" style=\"background-image:url('https:\/\/ontariocaregiver.ca\/wp-content\/uploads\/2021\/06\/iStock-493831355-700x467.jpg');\">\n                    <div class=\"box-content\">\n                        La vie priv\u00e9e et le consentement : un guide pour les aidants naturels et prestataires de soins                    <\/div>\n                    <div class=\"arrow\">\n                        <i class=\"icon icon-arrow-right\"><\/i>\n                    <\/div>\n                <\/div>\n                <\/a>\n            <\/div>\n                    <div class=\"medium-6 column\">\n                <div class=\"col-title\"><div class=\"inner\"><h2 data-equalizer-watch><\/h2><\/div><\/div>\n                <a href=\"https:\/\/archive.ontariocaregiver.ca\/wp-content\/uploads\/2021\/08\/At-a-glance-Understanding-health-privacy-and-consent-for-CAREGIVERS-FRENCH-Aug4.pdf\" target=\"_blank\">\n                <div class=\"box\" style=\"background-image:url('https:\/\/ontariocaregiver.ca\/wp-content\/uploads\/2021\/08\/iStock-1213797483-700x529.jpg');\">\n                    <div class=\"box-content\">\n                        En bref : La vie priv\u00e9e et le consentement en mati\u00e8re de sant\u00e9 \u2013 pour aidants naturels                    <\/div>\n                    <div class=\"arrow\">\n                        <i class=\"icon icon-arrow-right\"><\/i>\n                    <\/div>\n                <\/div>\n                <\/a>\n            <\/div>\n                    <div class=\"medium-6 column\">\n                <div class=\"col-title\"><div class=\"inner\"><h2 data-equalizer-watch><\/h2><\/div><\/div>\n                <a href=\"https:\/\/archive.ontariocaregiver.ca\/wp-content\/uploads\/2021\/08\/At-a-glance-Understanding-health-privacy-and-consent-for-CARE-PROVIDERS-FRENCH-Aug4.pdf\" target=\"_blank\">\n                <div class=\"box\" style=\"background-image:url('https:\/\/ontariocaregiver.ca\/wp-content\/uploads\/2021\/06\/iStock-1189302646-700x466.jpg');\">\n                    <div class=\"box-content\">\n                        En bref : La vie priv\u00e9e et le consentement en mati\u00e8re de sant\u00e9 \u2013 pour prestataires de soins                    <\/div>\n                    <div class=\"arrow\">\n                        <i class=\"icon icon-arrow-right\"><\/i>\n                    <\/div>\n                <\/div>\n                <\/a>\n            <\/div>\n                    <div class=\"medium-6 column\">\n                <div class=\"col-title\"><div class=\"inner\"><h2 data-equalizer-watch><\/h2><\/div><\/div>\n                <a href=\"https:\/\/archive.ontariocaregiver.ca\/wp-content\/uploads\/2021\/08\/FAQs-on-Privacy-and-Consent-for-Caregivers-of-Children-and-Youth-FRENCH-Aug4.pdf\" target=\"_blank\">\n                <div class=\"box\" style=\"background-image:url('https:\/\/ontariocaregiver.ca\/wp-content\/uploads\/2021\/08\/iStock-1165345367-700x467.jpg');\">\n                    <div class=\"box-content\">\n                        FAQ sur la vie priv\u00e9e et le consentement pour les aidants naturels d\u2019enfants ou de jeunes                    <\/div>\n                    <div class=\"arrow\">\n                        <i class=\"icon icon-arrow-right\"><\/i>\n                    <\/div>\n                <\/div>\n                <\/a>\n            <\/div>\n                    <div class=\"medium-6 column\">\n                <div class=\"col-title\"><div class=\"inner\"><h2 data-equalizer-watch><\/h2><\/div><\/div>\n                <a href=\"https:\/\/archive.ontariocaregiver.ca\/wp-content\/uploads\/2021\/08\/FAQs-on-Privacy-and-Consent-for-Caregivers-Supporting-Someone-Incapable-of-Making-Their-Own-Decisions-FRENCH-Aug4.pdf\" target=\"_blank\">\n                <div class=\"box\" style=\"background-image:url('https:\/\/ontariocaregiver.ca\/wp-content\/uploads\/2021\/06\/iStock-1259152630-700x467.jpg');\">\n                    <div class=\"box-content\">\n                        FAQ sur la vie priv\u00e9e et le consentement pour les aidants naturels d\u2019une personne incapable de prendre des d\u00e9cisions                    <\/div>\n                    <div class=\"arrow\">\n                        <i class=\"icon icon-arrow-right\"><\/i>\n                    <\/div>\n                <\/div>\n                <\/a>\n            <\/div>\n                    <div class=\"medium-6 column\">\n                <div class=\"col-title\"><div class=\"inner\"><h2 data-equalizer-watch><\/h2><\/div><\/div>\n                <a href=\"https:\/\/archive.ontariocaregiver.ca\/wp-content\/uploads\/2021\/08\/FAQs-on-Privacy-and-Consent-for-Caregivers-Supporting-Someone-Capable-of-Making-Their-Own-Decisions-FRENCH-Aug4.pdf\" target=\"_blank\">\n                <div class=\"box\" style=\"background-image:url('https:\/\/ontariocaregiver.ca\/wp-content\/uploads\/2021\/06\/iStock-1165264619-700x467.jpg');\">\n                    <div class=\"box-content\">\n                        FAQ sur la vie priv\u00e9e et le consentement pour les aidants naturels d\u2019une personne capable de prendre des d\u00e9cisions                    <\/div>\n                    <div class=\"arrow\">\n                        <i class=\"icon icon-arrow-right\"><\/i>\n                    <\/div>\n                <\/div>\n                <\/a>\n            <\/div>\n                    <div class=\"medium-6 column\">\n                <div class=\"col-title\"><div class=\"inner\"><h2 data-equalizer-watch><\/h2><\/div><\/div>\n                <a href=\"https:\/\/archive.ontariocaregiver.ca\/wp-content\/uploads\/2021\/08\/FAQs-on-Privacy-and-Consent-for-Caregivers-Supporting-Someone-in-the-Mental-Health-and-Addiction-System-FRENCH-Aug4.pdf\" target=\"_blank\">\n                <div class=\"box\" style=\"background-image:url('https:\/\/ontariocaregiver.ca\/wp-content\/uploads\/2021\/06\/iStock-1026611056-700x467.jpg');\">\n                    <div class=\"box-content\">\n                        FAQ sur la vie priv\u00e9e et le consentement pour les aidants naturels d\u2019une personne au sein du syst\u00e8me de sant\u00e9 mentale et de d\u00e9pendances                    <\/div>\n                    <div class=\"arrow\">\n                        <i class=\"icon icon-arrow-right\"><\/i>\n                    <\/div>\n                <\/div>\n                <\/a>\n            <\/div>\n                    <div class=\"medium-6 column\">\n                <div class=\"col-title\"><div class=\"inner\"><h2 data-equalizer-watch><\/h2><\/div><\/div>\n                <a href=\"https:\/\/archive.ontariocaregiver.ca\/wp-content\/uploads\/2021\/08\/FR_Its-All-in-the-Ask_FINAL.pptx\" target=\"_blank\">\n                <div class=\"box\" style=\"background-image:url('https:\/\/ontariocaregiver.ca\/wp-content\/uploads\/2021\/06\/iStock-968907272-700x467.jpg');\">\n                    <div class=\"box-content\">\n                        Tout est dans la question \u2013 un outil d\u2019\u00e9ducation pour prestataires de soins sur le consentement                    <\/div>\n                    <div class=\"arrow\">\n                        <i class=\"icon icon-arrow-right\"><\/i>\n                    <\/div>\n                <\/div>\n                <\/a>\n            <\/div>\n            <\/div>\n<\/div>\n\n\n\n<p>*&nbsp;Ressources adapt\u00e9es de documents cr\u00e9\u00e9s \u00e0 l\u2019origine par&nbsp;The&nbsp;Change&nbsp;Foundation&nbsp;et l\u2019une de ses \u00e9quipes&nbsp;Changing&nbsp;CARE.<\/p>\n","protected":false},"excerpt":{"rendered":"<p>Ressources sur la vie priv\u00e9e et le consentement&nbsp;en mati\u00e8re de sant\u00e9 Disposer de renseignements sur les soins et le r\u00e9tablissement des patients\/clients peut constituer..<\/p>\n","protected":false},"author":7,"featured_media":0,"parent":7607,"menu_order":0,"comment_status":"closed","ping_status":"closed","template":"","meta":{"_acf_changed":false,"_relevanssi_hide_post":"","_relevanssi_hide_content":"","_relevanssi_pin_for_all":"","_relevanssi_pin_keywords":"","_relevanssi_unpin_keywords":"","_relevanssi_related_keywords":"","_relevanssi_related_include_ids":"","_relevanssi_related_exclude_ids":"","_relevanssi_related_no_append":"","_relevanssi_related_not_related":"","_relevanssi_related_posts":"","_relevanssi_noindex_reason":"","_price":"","_stock":"","_tribe_ticket_header":"","_tribe_default_ticket_provider":"","_tribe_ticket_capacity":"0","_ticket_start_date":"","_ticket_end_date":"","_tribe_ticket_show_description":"","_tribe_ticket_show_not_going":false,"_tribe_ticket_use_global_stock":"","_tribe_ticket_global_stock_level":"","_global_stock_mode":"","_global_stock_cap":"","_tribe_rsvp_for_event":"","_tribe_ticket_going_count":"","_tribe_ticket_not_going_count":"","_tribe_tickets_list":[],"_tribe_ticket_has_attendee_info_fields":false,"footnotes":""},"class_list":["post-11403","page","type-page","status-publish","hentry"],"acf":[],"yoast_head":"<!-- This site is optimized with the Yoast SEO plugin v25.8 - https:\/\/yoast.com\/wordpress\/plugins\/seo\/ -->\n<title>Ressources sur la vie priv\u00e9e et le consentement en mati\u00e8re de sant\u00e9 - Organisme de soutien aux aidants naturels de l\u2019Ontario<\/title>\n<meta name=\"robots\" content=\"noindex, follow, max-snippet:-1, max-image-preview:large, max-video-preview:-1\" \/>\n<meta property=\"og:locale\" content=\"fr_FR\" \/>\n<meta property=\"og:type\" content=\"article\" \/>\n<meta property=\"og:title\" content=\"Ressources sur la vie priv\u00e9e et le consentement en mati\u00e8re de sant\u00e9 - Organisme de soutien aux aidants naturels de l\u2019Ontario\" \/>\n<meta property=\"og:description\" content=\"Ressources sur la vie priv\u00e9e et le consentement&nbsp;en mati\u00e8re de sant\u00e9 Disposer de renseignements sur les soins et le r\u00e9tablissement des patients\/clients peut constituer..\" \/>\n<meta property=\"og:url\" content=\"https:\/\/archive.ontariocaregiver.ca\/fr\/pour-prestataires\/inclusion-de-laidant-naturel-dans-lequipe-de-soins\/vie-privee-consentement\/\" \/>\n<meta property=\"og:site_name\" content=\"Organisme de soutien aux aidants naturels de l\u2019Ontario\" \/>\n<meta property=\"article:modified_time\" content=\"2021-08-20T21:06:24+00:00\" \/>\n<meta name=\"twitter:card\" content=\"summary_large_image\" \/>\n<meta name=\"twitter:label1\" content=\"Dur\u00e9e de lecture estim\u00e9e\" \/>\n\t<meta name=\"twitter:data1\" content=\"2 minutes\" \/>\n<script type=\"application\/ld+json\" class=\"yoast-schema-graph\">{\"@context\":\"https:\/\/schema.org\",\"@graph\":[{\"@type\":\"WebPage\",\"@id\":\"https:\/\/archive.ontariocaregiver.ca\/fr\/pour-prestataires\/inclusion-de-laidant-naturel-dans-lequipe-de-soins\/vie-privee-consentement\/\",\"url\":\"https:\/\/archive.ontariocaregiver.ca\/fr\/pour-prestataires\/inclusion-de-laidant-naturel-dans-lequipe-de-soins\/vie-privee-consentement\/\",\"name\":\"Ressources sur la vie priv\u00e9e et le consentement en mati\u00e8re de sant\u00e9 - Organisme de soutien aux aidants naturels de l\u2019Ontario\",\"isPartOf\":{\"@id\":\"https:\/\/archive.ontariocaregiver.ca\/fr\/#website\"},\"datePublished\":\"2021-07-15T20:27:45+00:00\",\"dateModified\":\"2021-08-20T21:06:24+00:00\",\"breadcrumb\":{\"@id\":\"https:\/\/archive.ontariocaregiver.ca\/fr\/pour-prestataires\/inclusion-de-laidant-naturel-dans-lequipe-de-soins\/vie-privee-consentement\/#breadcrumb\"},\"inLanguage\":\"fr-FR\",\"potentialAction\":[{\"@type\":\"ReadAction\",\"target\":[\"https:\/\/archive.ontariocaregiver.ca\/fr\/pour-prestataires\/inclusion-de-laidant-naturel-dans-lequipe-de-soins\/vie-privee-consentement\/\"]}]},{\"@type\":\"BreadcrumbList\",\"@id\":\"https:\/\/archive.ontariocaregiver.ca\/fr\/pour-prestataires\/inclusion-de-laidant-naturel-dans-lequipe-de-soins\/vie-privee-consentement\/#breadcrumb\",\"itemListElement\":[{\"@type\":\"ListItem\",\"position\":1,\"name\":\"Page principale\",\"item\":\"https:\/\/archive.ontariocaregiver.ca\/fr\/\"},{\"@type\":\"ListItem\",\"position\":2,\"name\":\"Centre de ressources pour les prestataires de soins de sant\u00e9\",\"item\":\"https:\/\/archive.ontariocaregiver.ca\/fr\/for-providers\/\"},{\"@type\":\"ListItem\",\"position\":3,\"name\":\"Inclusion des personnes aidantes naturelles dans l\u2019\u00e9quipe de soins\",\"item\":\"https:\/\/archive.ontariocaregiver.ca\/fr\/for-providers\/including-caregiver-as-part-of-the-care-team\/\"},{\"@type\":\"ListItem\",\"position\":4,\"name\":\"Ressources sur la vie priv\u00e9e et le consentement en mati\u00e8re de sant\u00e9\"}]},{\"@type\":\"WebSite\",\"@id\":\"https:\/\/archive.ontariocaregiver.ca\/fr\/#website\",\"url\":\"https:\/\/archive.ontariocaregiver.ca\/fr\/\",\"name\":\"Organisme de soutien aux aidants naturels de l\u2019Ontario\",\"description\":\"\",\"potentialAction\":[{\"@type\":\"SearchAction\",\"target\":{\"@type\":\"EntryPoint\",\"urlTemplate\":\"https:\/\/archive.ontariocaregiver.ca\/fr\/?s={search_term_string}\"},\"query-input\":{\"@type\":\"PropertyValueSpecification\",\"valueRequired\":true,\"valueName\":\"search_term_string\"}}],\"inLanguage\":\"fr-FR\"}]}<\/script>\n<!-- \/ Yoast SEO plugin. -->","yoast_head_json":{"title":"Ressources sur la vie priv\u00e9e et le consentement en mati\u00e8re de sant\u00e9 - Organisme de soutien aux aidants naturels de l\u2019Ontario","robots":{"index":"noindex","follow":"follow","max-snippet":"max-snippet:-1","max-image-preview":"max-image-preview:large","max-video-preview":"max-video-preview:-1"},"og_locale":"fr_FR","og_type":"article","og_title":"Ressources sur la vie priv\u00e9e et le consentement en mati\u00e8re de sant\u00e9 - Organisme de soutien aux aidants naturels de l\u2019Ontario","og_description":"Ressources sur la vie priv\u00e9e et le consentement&nbsp;en mati\u00e8re de sant\u00e9 Disposer de renseignements sur les soins et le r\u00e9tablissement des patients\/clients peut constituer..","og_url":"https:\/\/archive.ontariocaregiver.ca\/fr\/pour-prestataires\/inclusion-de-laidant-naturel-dans-lequipe-de-soins\/vie-privee-consentement\/","og_site_name":"Organisme de soutien aux aidants naturels de l\u2019Ontario","article_modified_time":"2021-08-20T21:06:24+00:00","twitter_card":"summary_large_image","twitter_misc":{"Dur\u00e9e de lecture estim\u00e9e":"2 minutes"},"schema":{"@context":"https:\/\/schema.org","@graph":[{"@type":"WebPage","@id":"https:\/\/archive.ontariocaregiver.ca\/fr\/pour-prestataires\/inclusion-de-laidant-naturel-dans-lequipe-de-soins\/vie-privee-consentement\/","url":"https:\/\/archive.ontariocaregiver.ca\/fr\/pour-prestataires\/inclusion-de-laidant-naturel-dans-lequipe-de-soins\/vie-privee-consentement\/","name":"Ressources sur la vie priv\u00e9e et le consentement en mati\u00e8re de sant\u00e9 - Organisme de soutien aux aidants naturels de l\u2019Ontario","isPartOf":{"@id":"https:\/\/archive.ontariocaregiver.ca\/fr\/#website"},"datePublished":"2021-07-15T20:27:45+00:00","dateModified":"2021-08-20T21:06:24+00:00","breadcrumb":{"@id":"https:\/\/archive.ontariocaregiver.ca\/fr\/pour-prestataires\/inclusion-de-laidant-naturel-dans-lequipe-de-soins\/vie-privee-consentement\/#breadcrumb"},"inLanguage":"fr-FR","potentialAction":[{"@type":"ReadAction","target":["https:\/\/archive.ontariocaregiver.ca\/fr\/pour-prestataires\/inclusion-de-laidant-naturel-dans-lequipe-de-soins\/vie-privee-consentement\/"]}]},{"@type":"BreadcrumbList","@id":"https:\/\/archive.ontariocaregiver.ca\/fr\/pour-prestataires\/inclusion-de-laidant-naturel-dans-lequipe-de-soins\/vie-privee-consentement\/#breadcrumb","itemListElement":[{"@type":"ListItem","position":1,"name":"Page principale","item":"https:\/\/archive.ontariocaregiver.ca\/fr\/"},{"@type":"ListItem","position":2,"name":"Centre de ressources pour les prestataires de soins de sant\u00e9","item":"https:\/\/archive.ontariocaregiver.ca\/fr\/for-providers\/"},{"@type":"ListItem","position":3,"name":"Inclusion des personnes aidantes naturelles dans l\u2019\u00e9quipe de soins","item":"https:\/\/archive.ontariocaregiver.ca\/fr\/for-providers\/including-caregiver-as-part-of-the-care-team\/"},{"@type":"ListItem","position":4,"name":"Ressources sur la vie priv\u00e9e et le consentement en mati\u00e8re de sant\u00e9"}]},{"@type":"WebSite","@id":"https:\/\/archive.ontariocaregiver.ca\/fr\/#website","url":"https:\/\/archive.ontariocaregiver.ca\/fr\/","name":"Organisme de soutien aux aidants naturels de l\u2019Ontario","description":"","potentialAction":[{"@type":"SearchAction","target":{"@type":"EntryPoint","urlTemplate":"https:\/\/archive.ontariocaregiver.ca\/fr\/?s={search_term_string}"},"query-input":{"@type":"PropertyValueSpecification","valueRequired":true,"valueName":"search_term_string"}}],"inLanguage":"fr-FR"}]}},"ticketed":false,"_links":{"self":[{"href":"https:\/\/archive.ontariocaregiver.ca\/fr\/wp-json\/wp\/v2\/pages\/11403","targetHints":{"allow":["GET"]}}],"collection":[{"href":"https:\/\/archive.ontariocaregiver.ca\/fr\/wp-json\/wp\/v2\/pages"}],"about":[{"href":"https:\/\/archive.ontariocaregiver.ca\/fr\/wp-json\/wp\/v2\/types\/page"}],"author":[{"embeddable":true,"href":"https:\/\/archive.ontariocaregiver.ca\/fr\/wp-json\/wp\/v2\/users\/7"}],"replies":[{"embeddable":true,"href":"https:\/\/archive.ontariocaregiver.ca\/fr\/wp-json\/wp\/v2\/comments?post=11403"}],"version-history":[{"count":12,"href":"https:\/\/archive.ontariocaregiver.ca\/fr\/wp-json\/wp\/v2\/pages\/11403\/revisions"}],"predecessor-version":[{"id":11807,"href":"https:\/\/archive.ontariocaregiver.ca\/fr\/wp-json\/wp\/v2\/pages\/11403\/revisions\/11807"}],"up":[{"embeddable":true,"href":"https:\/\/archive.ontariocaregiver.ca\/fr\/wp-json\/wp\/v2\/pages\/7607"}],"wp:attachment":[{"href":"https:\/\/archive.ontariocaregiver.ca\/fr\/wp-json\/wp\/v2\/media?parent=11403"}],"curies":[{"name":"wp","href":"https:\/\/api.w.org\/{rel}","templated":true}]}}