{"id":11100,"date":"2021-06-29T12:13:53","date_gmt":"2021-06-29T16:13:53","guid":{"rendered":"https:\/\/archive.ontariocaregiver.ca\/?page_id=11100"},"modified":"2021-06-29T16:54:10","modified_gmt":"2021-06-29T20:54:10","slug":"creer-des-solutions-conjointes-avec-et-pour-les-aidantes-naturelles-et-aidants-naturels","status":"publish","type":"page","link":"https:\/\/archive.ontariocaregiver.ca\/fr\/rapport-annuel-2020-2021-de-losano\/creer-des-solutions-conjointes-avec-et-pour-les-aidantes-naturelles-et-aidants-naturels\/","title":{"rendered":"Cr\u00e9er des solutions conjointes avec et pour les aidantes naturelles et aidants naturels"},"content":{"rendered":"\n<h1 class=\"wp-block-heading\">Cr\u00e9er des solutions conjointes avec et pour les aidantes naturelles et aidants naturels<\/h1>\n\n\n\n<p>Rien sur nous sans nous. Cette philosophie dirige notre travail avec et pour les aidantes naturelles et les aidants naturels. \u00c0 l\u2019OSANO, nous savons que la participation des aidantes naturelles et des aidants naturels enrichit la cr\u00e9ation de mesures de soutien et de programmes pertinents. Nous tenons tout sp\u00e9cialement \u00e0 remercier les plus de 400&nbsp;partenaires d\u2019aidance naturelle b\u00e9n\u00e9voles de l\u2019OSANO qui ont consacr\u00e9 du temps et partag\u00e9 leurs exp\u00e9riences et points de vue pour veiller \u00e0 ce que le soutien gratuit offert par l\u2019OSANO comble les besoins et les lacunes &nbsp;au niveau des appuis disponibles pour les aidantes naturelles et aidants naturels.<\/p>\n\n\n\n<h2 class=\"wp-block-heading\"><em>\u00ab&nbsp;Je suis fier d\u2019\u00eatre un mentor aupr\u00e8s de l\u2019OSANO depuis deux mois maintenant et cette exp\u00e9rience s\u2019est av\u00e9r\u00e9e tr\u00e8s positive. Je crois que le b\u00e9n\u00e9volat est quelque chose de personnel qui peut \u00eatre pr\u00e9cieux et aller au-del\u00e0 du simple fait d\u2019\u00eatre b\u00e9n\u00e9vole&nbsp;\u00bb <\/em><\/h2>\n\n\n\n<h2 class=\"wp-block-heading\"><em>\u2013 Un mentor b\u00e9n\u00e9vole<\/em><\/h2>\n\n\n\n<figure class=\"wp-block-embed is-type-video is-provider-youtube wp-block-embed-youtube wp-embed-aspect-16-9 wp-has-aspect-ratio\"><div class=\"wp-block-embed__wrapper\">\n<iframe loading=\"lazy\" title=\"Authentic and Meaningful Engagement: The Caregiver Perspective\" width=\"500\" height=\"281\" src=\"https:\/\/www.youtube.com\/embed\/jCw-JXoqIKo?feature=oembed\" frameborder=\"0\" allow=\"accelerometer; autoplay; clipboard-write; encrypted-media; gyroscope; picture-in-picture; web-share\" referrerpolicy=\"strict-origin-when-cross-origin\" allowfullscreen><\/iframe>\n<\/div><figcaption><em>(Vid\u00e9o disponible en anglais seulement)<\/em><\/figcaption><\/figure>\n\n\n\n<p>Jusqu\u2019\u00e0 maintenant, les partenaires d\u2019aidance naturelle ont rendu possible les groupes, programmes et services suivants:<\/p>\n\n\n\n<ul class=\"wp-block-list\"><li><a href=\"https:\/\/archive.ontariocaregiver.ca\/peersupport\/fr\/\" target=\"_blank\" rel=\"noreferrer noopener\">Le programme de soutien individuel par les pairs<\/a><\/li><li><a href=\"http:\/\/youngcaregiversconnect.ca\/fr\/\" target=\"_blank\" rel=\"noreferrer noopener\">Le site Web youngcaregiversconnect.ca\/fr&nbsp;<\/a><\/li><li><a href=\"https:\/\/archive.ontariocaregiver.ca\/fr\/programme-ancre-soutien-aux-aidantes-naturelles-pour-favoriser-la-conscience-de-soi-la-reconnaissance-et-leducation\/\" target=\"_blank\" rel=\"noreferrer noopener\">Le programme ANCR\u00c9<\/a> et les <a href=\"https:\/\/learning.ontariocaregiver.ca\/?lang=fr_ca\" target=\"_blank\" rel=\"noreferrer noopener\">modules d\u2019apprentissage en ligne<\/a>&nbsp;<\/li><li>Un groupe d&rsquo;apprentissage collaboratif pour les adeptes pr\u00e9coces de la <a href=\"https:\/\/archive.ontariocaregiver.ca\/fr\/partenairesdesoins\/\" target=\"_blank\" rel=\"noreferrer noopener\">trousse de pand\u00e9mie \u00ab&nbsp;Partenaires de soins&nbsp;\u00bb<\/a><\/li><li><a href=\"https:\/\/www.youtube.com\/watch?v=znF9e9I9rCU\" target=\"_blank\" rel=\"noreferrer noopener\">Un webinaire pour les \u00e9quipes Sant\u00e9 Ontario<\/a> <em>(en anglais seulement)<\/em>&nbsp;<\/li><li>Des am\u00e9liorations \u00e0 <a href=\"https:\/\/archive.ontariocaregiver.ca\/fr\/trouverdusoutien\/ligne-dassistance\/\" target=\"_blank\" rel=\"noreferrer noopener\">la ligne d\u2019assistance<\/a><\/li><li>Des am\u00e9liorations au site Web de l\u2019OSANO<\/li><li><a href=\"https:\/\/archive.ontariocaregiver.ca\/fr\/jour-de-la-gentillesse\/\" target=\"_blank\" rel=\"noreferrer noopener\">La campagne de la gentillesse&nbsp;<\/a><\/li><li>Le groupe de travail sur la sant\u00e9 mentale<\/li><\/ul>\n\n\n\n<figure class=\"wp-block-gallery columns-3 is-cropped wp-block-gallery-1 is-layout-flex wp-block-gallery-is-layout-flex\"><ul class=\"blocks-gallery-grid\"><li class=\"blocks-gallery-item\"><figure><img loading=\"lazy\" decoding=\"async\" width=\"1024\" height=\"683\" src=\"https:\/\/ontariocaregiver.ca\/wp-content\/uploads\/2021\/05\/Grief-1024x683.jpg\" alt=\"Grief blog\" data-id=\"10336\" data-full-url=\"https:\/\/ontariocaregiver.ca\/wp-content\/uploads\/2021\/05\/Grief.jpg\" data-link=\"https:\/\/archive.ontariocaregiver.ca\/woman-hugging-her-crying-girlfriend-supporting-her-after-receiving-bad-news-2\/\" class=\"wp-image-10336\" srcset=\"https:\/\/ontariocaregiver.ca\/wp-content\/uploads\/2021\/05\/Grief-1024x683.jpg 1024w, https:\/\/ontariocaregiver.ca\/wp-content\/uploads\/2021\/05\/Grief-600x400.jpg 600w, https:\/\/ontariocaregiver.ca\/wp-content\/uploads\/2021\/05\/Grief-300x200.jpg 300w, https:\/\/ontariocaregiver.ca\/wp-content\/uploads\/2021\/05\/Grief-768x512.jpg 768w, https:\/\/ontariocaregiver.ca\/wp-content\/uploads\/2021\/05\/Grief-700x467.jpg 700w, https:\/\/ontariocaregiver.ca\/wp-content\/uploads\/2021\/05\/Grief.jpg 1254w\" sizes=\"auto, (max-width: 1024px) 100vw, 1024px\" \/><\/figure><\/li><li class=\"blocks-gallery-item\"><figure><img loading=\"lazy\" decoding=\"async\" width=\"1024\" height=\"683\" src=\"https:\/\/ontariocaregiver.ca\/wp-content\/uploads\/2021\/05\/iStock-1248779487-1024x683.jpg\" alt=\"Health conditions: Heart &amp; Stroke\" data-id=\"10291\" data-full-url=\"https:\/\/ontariocaregiver.ca\/wp-content\/uploads\/2021\/05\/iStock-1248779487-scaled.jpg\" data-link=\"https:\/\/archive.ontariocaregiver.ca\/woman-spending-time-with-her-elderly-mother\/\" class=\"wp-image-10291\" srcset=\"https:\/\/ontariocaregiver.ca\/wp-content\/uploads\/2021\/05\/iStock-1248779487-1024x683.jpg 1024w, https:\/\/ontariocaregiver.ca\/wp-content\/uploads\/2021\/05\/iStock-1248779487-scaled-600x400.jpg 600w, https:\/\/ontariocaregiver.ca\/wp-content\/uploads\/2021\/05\/iStock-1248779487-300x200.jpg 300w, https:\/\/ontariocaregiver.ca\/wp-content\/uploads\/2021\/05\/iStock-1248779487-768x512.jpg 768w, https:\/\/ontariocaregiver.ca\/wp-content\/uploads\/2021\/05\/iStock-1248779487-1536x1024.jpg 1536w, https:\/\/ontariocaregiver.ca\/wp-content\/uploads\/2021\/05\/iStock-1248779487-2048x1365.jpg 2048w, https:\/\/ontariocaregiver.ca\/wp-content\/uploads\/2021\/05\/iStock-1248779487-1600x1067.jpg 1600w, https:\/\/ontariocaregiver.ca\/wp-content\/uploads\/2021\/05\/iStock-1248779487-700x467.jpg 700w\" sizes=\"auto, (max-width: 1024px) 100vw, 1024px\" \/><\/figure><\/li><li class=\"blocks-gallery-item\"><figure><img loading=\"lazy\" decoding=\"async\" width=\"1024\" height=\"683\" src=\"https:\/\/ontariocaregiver.ca\/wp-content\/uploads\/2021\/05\/iStock-577639382-1-1024x683.jpg\" alt=\"Health conditions: addictions &amp; substance use\" data-id=\"10275\" data-full-url=\"https:\/\/ontariocaregiver.ca\/wp-content\/uploads\/2021\/05\/iStock-577639382-1-scaled.jpg\" data-link=\"https:\/\/archive.ontariocaregiver.ca\/bad-news-comes-calling-2\/\" class=\"wp-image-10275\" srcset=\"https:\/\/ontariocaregiver.ca\/wp-content\/uploads\/2021\/05\/iStock-577639382-1-1024x683.jpg 1024w, https:\/\/ontariocaregiver.ca\/wp-content\/uploads\/2021\/05\/iStock-577639382-1-scaled-600x401.jpg 600w, https:\/\/ontariocaregiver.ca\/wp-content\/uploads\/2021\/05\/iStock-577639382-1-300x200.jpg 300w, https:\/\/ontariocaregiver.ca\/wp-content\/uploads\/2021\/05\/iStock-577639382-1-768x513.jpg 768w, https:\/\/ontariocaregiver.ca\/wp-content\/uploads\/2021\/05\/iStock-577639382-1-1536x1025.jpg 1536w, https:\/\/ontariocaregiver.ca\/wp-content\/uploads\/2021\/05\/iStock-577639382-1-2048x1367.jpg 2048w, https:\/\/ontariocaregiver.ca\/wp-content\/uploads\/2021\/05\/iStock-577639382-1-1600x1068.jpg 1600w, https:\/\/ontariocaregiver.ca\/wp-content\/uploads\/2021\/05\/iStock-577639382-1-700x467.jpg 700w\" sizes=\"auto, (max-width: 1024px) 100vw, 1024px\" \/><\/figure><\/li><li class=\"blocks-gallery-item\"><figure><img loading=\"lazy\" decoding=\"async\" width=\"1024\" height=\"683\" src=\"https:\/\/ontariocaregiver.ca\/wp-content\/uploads\/2021\/05\/iStock-1158438320-1024x683.jpg\" alt=\"Health conditions: chronic illness\" data-id=\"10287\" data-full-url=\"https:\/\/ontariocaregiver.ca\/wp-content\/uploads\/2021\/05\/iStock-1158438320-scaled.jpg\" data-link=\"https:\/\/archive.ontariocaregiver.ca\/arab-friends-using-mobile-phones-sitting-on-the-sofa-at-home\/\" class=\"wp-image-10287\" srcset=\"https:\/\/ontariocaregiver.ca\/wp-content\/uploads\/2021\/05\/iStock-1158438320-1024x683.jpg 1024w, https:\/\/ontariocaregiver.ca\/wp-content\/uploads\/2021\/05\/iStock-1158438320-scaled-600x400.jpg 600w, https:\/\/ontariocaregiver.ca\/wp-content\/uploads\/2021\/05\/iStock-1158438320-300x200.jpg 300w, https:\/\/ontariocaregiver.ca\/wp-content\/uploads\/2021\/05\/iStock-1158438320-768x512.jpg 768w, https:\/\/ontariocaregiver.ca\/wp-content\/uploads\/2021\/05\/iStock-1158438320-1536x1025.jpg 1536w, https:\/\/ontariocaregiver.ca\/wp-content\/uploads\/2021\/05\/iStock-1158438320-2048x1366.jpg 2048w, https:\/\/ontariocaregiver.ca\/wp-content\/uploads\/2021\/05\/iStock-1158438320-1600x1067.jpg 1600w, https:\/\/ontariocaregiver.ca\/wp-content\/uploads\/2021\/05\/iStock-1158438320-700x467.jpg 700w\" sizes=\"auto, (max-width: 1024px) 100vw, 1024px\" \/><\/figure><\/li><\/ul><\/figure>\n","protected":false},"excerpt":{"rendered":"<p>Cr\u00e9er des solutions conjointes avec et pour les aidantes naturelles et aidants naturels Rien sur nous sans nous. Cette philosophie dirige notre travail avec..<\/p>\n","protected":false},"author":7,"featured_media":7532,"parent":11102,"menu_order":0,"comment_status":"closed","ping_status":"closed","template":"","meta":{"_acf_changed":false,"_relevanssi_hide_post":"","_relevanssi_hide_content":"","_relevanssi_pin_for_all":"","_relevanssi_pin_keywords":"","_relevanssi_unpin_keywords":"","_relevanssi_related_keywords":"","_relevanssi_related_include_ids":"","_relevanssi_related_exclude_ids":"","_relevanssi_related_no_append":"","_relevanssi_related_not_related":"","_relevanssi_related_posts":"","_relevanssi_noindex_reason":"","_price":"","_stock":"","_tribe_ticket_header":"","_tribe_default_ticket_provider":"","_tribe_ticket_capacity":"0","_ticket_start_date":"","_ticket_end_date":"","_tribe_ticket_show_description":"","_tribe_ticket_show_not_going":false,"_tribe_ticket_use_global_stock":"","_tribe_ticket_global_stock_level":"","_global_stock_mode":"","_global_stock_cap":"","_tribe_rsvp_for_event":"","_tribe_ticket_going_count":"","_tribe_ticket_not_going_count":"","_tribe_tickets_list":[],"_tribe_ticket_has_attendee_info_fields":false,"footnotes":""},"class_list":["post-11100","page","type-page","status-publish","has-post-thumbnail","hentry"],"acf":[],"yoast_head":"<!-- This site is optimized with the Yoast SEO plugin v25.8 - https:\/\/yoast.com\/wordpress\/plugins\/seo\/ -->\n<title>Cr\u00e9er des solutions conjointes avec et pour les aidantes naturelles et aidants naturels - Organisme de soutien aux aidants naturels de l\u2019Ontario<\/title>\n<meta name=\"robots\" content=\"noindex, follow, max-snippet:-1, max-image-preview:large, max-video-preview:-1\" \/>\n<meta property=\"og:locale\" content=\"fr_FR\" \/>\n<meta property=\"og:type\" content=\"article\" \/>\n<meta property=\"og:title\" content=\"Cr\u00e9er des solutions conjointes avec et pour les aidantes naturelles et aidants naturels - Organisme de soutien aux aidants naturels de l\u2019Ontario\" \/>\n<meta property=\"og:description\" content=\"Cr\u00e9er des solutions conjointes avec et pour les aidantes naturelles et aidants naturels Rien sur nous sans nous. Cette philosophie dirige notre travail avec..\" \/>\n<meta property=\"og:url\" content=\"https:\/\/archive.ontariocaregiver.ca\/fr\/rapport-annuel-2020-2021-de-losano\/creer-des-solutions-conjointes-avec-et-pour-les-aidantes-naturelles-et-aidants-naturels\/\" \/>\n<meta property=\"og:site_name\" content=\"Organisme de soutien aux aidants naturels de l\u2019Ontario\" \/>\n<meta property=\"article:modified_time\" content=\"2021-06-29T20:54:10+00:00\" \/>\n<meta property=\"og:image\" content=\"https:\/\/ontariocaregiver.ca\/wp-content\/uploads\/2020\/12\/iStock-1253442250-scaled.jpg\" \/>\n\t<meta property=\"og:image:width\" content=\"2560\" \/>\n\t<meta property=\"og:image:height\" content=\"1707\" \/>\n\t<meta property=\"og:image:type\" content=\"image\/jpeg\" \/>\n<meta name=\"twitter:card\" content=\"summary_large_image\" \/>\n<meta name=\"twitter:label1\" content=\"Dur\u00e9e de lecture estim\u00e9e\" \/>\n\t<meta name=\"twitter:data1\" content=\"2 minutes\" \/>\n<script type=\"application\/ld+json\" class=\"yoast-schema-graph\">{\"@context\":\"https:\/\/schema.org\",\"@graph\":[{\"@type\":\"WebPage\",\"@id\":\"https:\/\/archive.ontariocaregiver.ca\/fr\/rapport-annuel-2020-2021-de-losano\/creer-des-solutions-conjointes-avec-et-pour-les-aidantes-naturelles-et-aidants-naturels\/\",\"url\":\"https:\/\/archive.ontariocaregiver.ca\/fr\/rapport-annuel-2020-2021-de-losano\/creer-des-solutions-conjointes-avec-et-pour-les-aidantes-naturelles-et-aidants-naturels\/\",\"name\":\"Cr\u00e9er des solutions conjointes avec et pour les aidantes naturelles et aidants naturels - Organisme de soutien aux aidants naturels de l\u2019Ontario\",\"isPartOf\":{\"@id\":\"https:\/\/archive.ontariocaregiver.ca\/fr\/#website\"},\"primaryImageOfPage\":{\"@id\":\"https:\/\/archive.ontariocaregiver.ca\/fr\/rapport-annuel-2020-2021-de-losano\/creer-des-solutions-conjointes-avec-et-pour-les-aidantes-naturelles-et-aidants-naturels\/#primaryimage\"},\"image\":{\"@id\":\"https:\/\/archive.ontariocaregiver.ca\/fr\/rapport-annuel-2020-2021-de-losano\/creer-des-solutions-conjointes-avec-et-pour-les-aidantes-naturelles-et-aidants-naturels\/#primaryimage\"},\"thumbnailUrl\":\"https:\/\/ontariocaregiver.ca\/wp-content\/uploads\/2020\/12\/iStock-1253442250-scaled.jpg\",\"datePublished\":\"2021-06-29T16:13:53+00:00\",\"dateModified\":\"2021-06-29T20:54:10+00:00\",\"breadcrumb\":{\"@id\":\"https:\/\/archive.ontariocaregiver.ca\/fr\/rapport-annuel-2020-2021-de-losano\/creer-des-solutions-conjointes-avec-et-pour-les-aidantes-naturelles-et-aidants-naturels\/#breadcrumb\"},\"inLanguage\":\"fr-FR\",\"potentialAction\":[{\"@type\":\"ReadAction\",\"target\":[\"https:\/\/archive.ontariocaregiver.ca\/fr\/rapport-annuel-2020-2021-de-losano\/creer-des-solutions-conjointes-avec-et-pour-les-aidantes-naturelles-et-aidants-naturels\/\"]}]},{\"@type\":\"ImageObject\",\"inLanguage\":\"fr-FR\",\"@id\":\"https:\/\/archive.ontariocaregiver.ca\/fr\/rapport-annuel-2020-2021-de-losano\/creer-des-solutions-conjointes-avec-et-pour-les-aidantes-naturelles-et-aidants-naturels\/#primaryimage\",\"url\":\"https:\/\/ontariocaregiver.ca\/wp-content\/uploads\/2020\/12\/iStock-1253442250-scaled.jpg\",\"contentUrl\":\"https:\/\/ontariocaregiver.ca\/wp-content\/uploads\/2020\/12\/iStock-1253442250-scaled.jpg\",\"width\":2560,\"height\":1707,\"caption\":\"Soutenir les aidantes naturelles et aidants naturels\"},{\"@type\":\"BreadcrumbList\",\"@id\":\"https:\/\/archive.ontariocaregiver.ca\/fr\/rapport-annuel-2020-2021-de-losano\/creer-des-solutions-conjointes-avec-et-pour-les-aidantes-naturelles-et-aidants-naturels\/#breadcrumb\",\"itemListElement\":[{\"@type\":\"ListItem\",\"position\":1,\"name\":\"Page principale\",\"item\":\"https:\/\/archive.ontariocaregiver.ca\/fr\/\"},{\"@type\":\"ListItem\",\"position\":2,\"name\":\"Rapport Annuel 2020-2021 de l&#8217;OSANO\",\"item\":\"https:\/\/archive.ontariocaregiver.ca\/fr\/oco-2020-2021-annual-report\/\"},{\"@type\":\"ListItem\",\"position\":3,\"name\":\"Cr\u00e9er des solutions conjointes avec et pour les aidantes naturelles et aidants naturels\"}]},{\"@type\":\"WebSite\",\"@id\":\"https:\/\/archive.ontariocaregiver.ca\/fr\/#website\",\"url\":\"https:\/\/archive.ontariocaregiver.ca\/fr\/\",\"name\":\"Organisme de soutien aux aidants naturels de l\u2019Ontario\",\"description\":\"\",\"potentialAction\":[{\"@type\":\"SearchAction\",\"target\":{\"@type\":\"EntryPoint\",\"urlTemplate\":\"https:\/\/archive.ontariocaregiver.ca\/fr\/?s={search_term_string}\"},\"query-input\":{\"@type\":\"PropertyValueSpecification\",\"valueRequired\":true,\"valueName\":\"search_term_string\"}}],\"inLanguage\":\"fr-FR\"}]}<\/script>\n<!-- \/ Yoast SEO plugin. -->","yoast_head_json":{"title":"Cr\u00e9er des solutions conjointes avec et pour les aidantes naturelles et aidants naturels - Organisme de soutien aux aidants naturels de l\u2019Ontario","robots":{"index":"noindex","follow":"follow","max-snippet":"max-snippet:-1","max-image-preview":"max-image-preview:large","max-video-preview":"max-video-preview:-1"},"og_locale":"fr_FR","og_type":"article","og_title":"Cr\u00e9er des solutions conjointes avec et pour les aidantes naturelles et aidants naturels - Organisme de soutien aux aidants naturels de l\u2019Ontario","og_description":"Cr\u00e9er des solutions conjointes avec et pour les aidantes naturelles et aidants naturels Rien sur nous sans nous. Cette philosophie dirige notre travail avec..","og_url":"https:\/\/archive.ontariocaregiver.ca\/fr\/rapport-annuel-2020-2021-de-losano\/creer-des-solutions-conjointes-avec-et-pour-les-aidantes-naturelles-et-aidants-naturels\/","og_site_name":"Organisme de soutien aux aidants naturels de l\u2019Ontario","article_modified_time":"2021-06-29T20:54:10+00:00","og_image":[{"width":2560,"height":1707,"url":"https:\/\/ontariocaregiver.ca\/wp-content\/uploads\/2020\/12\/iStock-1253442250-scaled.jpg","type":"image\/jpeg"}],"twitter_card":"summary_large_image","twitter_misc":{"Dur\u00e9e de lecture estim\u00e9e":"2 minutes"},"schema":{"@context":"https:\/\/schema.org","@graph":[{"@type":"WebPage","@id":"https:\/\/archive.ontariocaregiver.ca\/fr\/rapport-annuel-2020-2021-de-losano\/creer-des-solutions-conjointes-avec-et-pour-les-aidantes-naturelles-et-aidants-naturels\/","url":"https:\/\/archive.ontariocaregiver.ca\/fr\/rapport-annuel-2020-2021-de-losano\/creer-des-solutions-conjointes-avec-et-pour-les-aidantes-naturelles-et-aidants-naturels\/","name":"Cr\u00e9er des solutions conjointes avec et pour les aidantes naturelles et aidants naturels - Organisme de soutien aux aidants naturels de l\u2019Ontario","isPartOf":{"@id":"https:\/\/archive.ontariocaregiver.ca\/fr\/#website"},"primaryImageOfPage":{"@id":"https:\/\/archive.ontariocaregiver.ca\/fr\/rapport-annuel-2020-2021-de-losano\/creer-des-solutions-conjointes-avec-et-pour-les-aidantes-naturelles-et-aidants-naturels\/#primaryimage"},"image":{"@id":"https:\/\/archive.ontariocaregiver.ca\/fr\/rapport-annuel-2020-2021-de-losano\/creer-des-solutions-conjointes-avec-et-pour-les-aidantes-naturelles-et-aidants-naturels\/#primaryimage"},"thumbnailUrl":"https:\/\/ontariocaregiver.ca\/wp-content\/uploads\/2020\/12\/iStock-1253442250-scaled.jpg","datePublished":"2021-06-29T16:13:53+00:00","dateModified":"2021-06-29T20:54:10+00:00","breadcrumb":{"@id":"https:\/\/archive.ontariocaregiver.ca\/fr\/rapport-annuel-2020-2021-de-losano\/creer-des-solutions-conjointes-avec-et-pour-les-aidantes-naturelles-et-aidants-naturels\/#breadcrumb"},"inLanguage":"fr-FR","potentialAction":[{"@type":"ReadAction","target":["https:\/\/archive.ontariocaregiver.ca\/fr\/rapport-annuel-2020-2021-de-losano\/creer-des-solutions-conjointes-avec-et-pour-les-aidantes-naturelles-et-aidants-naturels\/"]}]},{"@type":"ImageObject","inLanguage":"fr-FR","@id":"https:\/\/archive.ontariocaregiver.ca\/fr\/rapport-annuel-2020-2021-de-losano\/creer-des-solutions-conjointes-avec-et-pour-les-aidantes-naturelles-et-aidants-naturels\/#primaryimage","url":"https:\/\/ontariocaregiver.ca\/wp-content\/uploads\/2020\/12\/iStock-1253442250-scaled.jpg","contentUrl":"https:\/\/ontariocaregiver.ca\/wp-content\/uploads\/2020\/12\/iStock-1253442250-scaled.jpg","width":2560,"height":1707,"caption":"Soutenir les aidantes naturelles et aidants naturels"},{"@type":"BreadcrumbList","@id":"https:\/\/archive.ontariocaregiver.ca\/fr\/rapport-annuel-2020-2021-de-losano\/creer-des-solutions-conjointes-avec-et-pour-les-aidantes-naturelles-et-aidants-naturels\/#breadcrumb","itemListElement":[{"@type":"ListItem","position":1,"name":"Page principale","item":"https:\/\/archive.ontariocaregiver.ca\/fr\/"},{"@type":"ListItem","position":2,"name":"Rapport Annuel 2020-2021 de l&#8217;OSANO","item":"https:\/\/archive.ontariocaregiver.ca\/fr\/oco-2020-2021-annual-report\/"},{"@type":"ListItem","position":3,"name":"Cr\u00e9er des solutions conjointes avec et pour les aidantes naturelles et aidants naturels"}]},{"@type":"WebSite","@id":"https:\/\/archive.ontariocaregiver.ca\/fr\/#website","url":"https:\/\/archive.ontariocaregiver.ca\/fr\/","name":"Organisme de soutien aux aidants naturels de l\u2019Ontario","description":"","potentialAction":[{"@type":"SearchAction","target":{"@type":"EntryPoint","urlTemplate":"https:\/\/archive.ontariocaregiver.ca\/fr\/?s={search_term_string}"},"query-input":{"@type":"PropertyValueSpecification","valueRequired":true,"valueName":"search_term_string"}}],"inLanguage":"fr-FR"}]}},"ticketed":false,"_links":{"self":[{"href":"https:\/\/archive.ontariocaregiver.ca\/fr\/wp-json\/wp\/v2\/pages\/11100","targetHints":{"allow":["GET"]}}],"collection":[{"href":"https:\/\/archive.ontariocaregiver.ca\/fr\/wp-json\/wp\/v2\/pages"}],"about":[{"href":"https:\/\/archive.ontariocaregiver.ca\/fr\/wp-json\/wp\/v2\/types\/page"}],"author":[{"embeddable":true,"href":"https:\/\/archive.ontariocaregiver.ca\/fr\/wp-json\/wp\/v2\/users\/7"}],"replies":[{"embeddable":true,"href":"https:\/\/archive.ontariocaregiver.ca\/fr\/wp-json\/wp\/v2\/comments?post=11100"}],"version-history":[{"count":2,"href":"https:\/\/archive.ontariocaregiver.ca\/fr\/wp-json\/wp\/v2\/pages\/11100\/revisions"}],"predecessor-version":[{"id":11133,"href":"https:\/\/archive.ontariocaregiver.ca\/fr\/wp-json\/wp\/v2\/pages\/11100\/revisions\/11133"}],"up":[{"embeddable":true,"href":"https:\/\/archive.ontariocaregiver.ca\/fr\/wp-json\/wp\/v2\/pages\/11102"}],"wp:featuredmedia":[{"embeddable":true,"href":"https:\/\/archive.ontariocaregiver.ca\/fr\/wp-json\/wp\/v2\/media\/7532"}],"wp:attachment":[{"href":"https:\/\/archive.ontariocaregiver.ca\/fr\/wp-json\/wp\/v2\/media?parent=11100"}],"curies":[{"name":"wp","href":"https:\/\/api.w.org\/{rel}","templated":true}]}}