{"id":11059,"date":"2021-06-28T16:34:04","date_gmt":"2021-06-28T20:34:04","guid":{"rendered":"https:\/\/archive.ontariocaregiver.ca\/?page_id=11059"},"modified":"2021-06-29T16:54:30","modified_gmt":"2021-06-29T20:54:30","slug":"appuyer-la-conciliation-le-entre-le-travail-et-laidance-naturelle","status":"publish","type":"page","link":"https:\/\/archive.ontariocaregiver.ca\/fr\/rapport-annuel-2020-2021-de-losano\/appuyer-la-conciliation-le-entre-le-travail-et-laidance-naturelle\/","title":{"rendered":"Appuyer la conciliation le entre le travail et l\u2019aidance naturelle"},"content":{"rendered":"\n<h1 class=\"wp-block-heading\">Appuyer la conciliation le entre le travail et l\u2019aidance naturelle<\/h1>\n\n\n\n<p>Les aidantes naturelles et les aidants naturels en milieu de travail sont vos coll\u00e8gues ou votre \u00e9quipe, qui conjuguent les exigences de leur emploi et leurs responsabilit\u00e9s en mati\u00e8re d\u2019aidance naturelle au quotidien. Ces personnes repr\u00e9sentent 35&nbsp;% de la population active canadienne.<\/p>\n\n\n\n<h2 class=\"wp-block-heading\"><em><em>Pr\u00e8s de la moiti\u00e9 des aidantes naturelles et des aidants naturels s\u2019inqui\u00e8tent \u00e0 un certain degr\u00e9 de perdre leur emploi en raison de leur r\u00f4le d\u2019aidance naturelle.<\/em><\/em><\/h2>\n\n\n\n<p><strong><br><\/strong>On estime que les deux tiers des 3,3&nbsp;millions d\u2019aidantes naturelles et d\u2019aidants naturels de l\u2019Ontario occupent un emploi; 53&nbsp;% de ces personnes admettent que la gestion globale de leurs responsabilit\u00e9s en mati\u00e8re d\u2019aidance naturelle est stressante et 50&nbsp;% ont constat\u00e9 une incidence n\u00e9gative sur leur sant\u00e9 mentale. La conciliation entre le travail et les responsabilit\u00e9s en mati\u00e8re d\u2019aidance naturelle demeure un d\u00e9fi, ce qui suscite la peur de perdre leur emploi. Les aidants naturels ont demand\u00e9 de l\u2019aide pour aborder les conversations difficiles aupr\u00e8s de leur employeur et sensibilisation les autres sur les d\u00e9fis qu\u2019elles et ils doivent relever.<br><br>L\u2019OSANO, en collaboration avec des aidants naturels en milieu de travail, ainsi que l\u2019Association canadienne pour la sant\u00e9 mentale, a r\u00e9pondu \u00e0 ce besoin en cr\u00e9ant la <a href=\"https:\/\/ontariocaregiver.ca\/wp-content\/uploads\/2020\/05\/OCO-Work-and-Caregiving-Toolkit-FINAL.pdf\" target=\"_blank\" rel=\"noreferrer noopener\">bo\u00eete \u00e0 outils &nbsp;pour les aidants naturels occupant un emploi<\/a> qui a pour but de faciliter le retour au travail en situation de pand\u00e9mie, tant pour les aidantes naturelles et les aidants naturels que pour leur employeur. La bo\u00eete \u00e0 outils comprend des guides d\u2019information, de l\u2019apprentissage en ligne et des vid\u00e9os.<\/p>\n\n\n\n<p>\u00c0 l\u2019aide de ces ressources, les personnes aidantes naturelles ont maintenant des options et des strat\u00e9gies pour les aider \u00e0 concilier le travail et l\u2019aidance naturelle. Par la m\u00eame occasion, les employeurs peuvent utiliser cette bo\u00eete \u00e0 outils pour favoriser une culture de travail adapt\u00e9e aux aidants naturels.<\/p>\n\n\n\n<figure class=\"wp-block-gallery columns-3 is-cropped wp-block-gallery-1 is-layout-flex wp-block-gallery-is-layout-flex\"><ul class=\"blocks-gallery-grid\"><li class=\"blocks-gallery-item\"><figure><img loading=\"lazy\" decoding=\"async\" width=\"1024\" height=\"1024\" src=\"https:\/\/ontariocaregiver.ca\/wp-content\/uploads\/2021\/06\/Instagram-HealthyWorkplace2-Fre-Copy-1024x1024.jpg\" alt=\"Plus de 50% des aidants naturels \u00e9prouvent des difficult\u00e9s en organisant des soins\" data-id=\"11062\" data-full-url=\"https:\/\/ontariocaregiver.ca\/wp-content\/uploads\/2021\/06\/Instagram-HealthyWorkplace2-Fre-Copy.jpg\" data-link=\"https:\/\/archive.ontariocaregiver.ca\/fr\/?attachment_id=11062\" class=\"wp-image-11062\" srcset=\"https:\/\/ontariocaregiver.ca\/wp-content\/uploads\/2021\/06\/Instagram-HealthyWorkplace2-Fre-Copy-1024x1024.jpg 1024w, https:\/\/ontariocaregiver.ca\/wp-content\/uploads\/2021\/06\/Instagram-HealthyWorkplace2-Fre-Copy-300x300.jpg 300w, https:\/\/ontariocaregiver.ca\/wp-content\/uploads\/2021\/06\/Instagram-HealthyWorkplace2-Fre-Copy-100x100.jpg 100w, https:\/\/ontariocaregiver.ca\/wp-content\/uploads\/2021\/06\/Instagram-HealthyWorkplace2-Fre-Copy-600x600.jpg 600w, https:\/\/ontariocaregiver.ca\/wp-content\/uploads\/2021\/06\/Instagram-HealthyWorkplace2-Fre-Copy-150x150.jpg 150w, https:\/\/ontariocaregiver.ca\/wp-content\/uploads\/2021\/06\/Instagram-HealthyWorkplace2-Fre-Copy-768x768.jpg 768w, https:\/\/ontariocaregiver.ca\/wp-content\/uploads\/2021\/06\/Instagram-HealthyWorkplace2-Fre-Copy-1536x1536.jpg 1536w, https:\/\/ontariocaregiver.ca\/wp-content\/uploads\/2021\/06\/Instagram-HealthyWorkplace2-Fre-Copy-2048x2048.jpg 2048w, https:\/\/ontariocaregiver.ca\/wp-content\/uploads\/2021\/06\/Instagram-HealthyWorkplace2-Fre-Copy-1600x1600.jpg 1600w, https:\/\/ontariocaregiver.ca\/wp-content\/uploads\/2021\/06\/Instagram-HealthyWorkplace2-Fre-Copy-700x700.jpg 700w\" sizes=\"auto, (max-width: 1024px) 100vw, 1024px\" \/><figcaption class=\"blocks-gallery-item__caption\">Plus de 50% des aidants naturels \u00e9prouvent des difficult\u00e9s en organisant des soins<\/figcaption><\/figure><\/li><li class=\"blocks-gallery-item\"><figure><img loading=\"lazy\" decoding=\"async\" width=\"1024\" height=\"1024\" src=\"https:\/\/ontariocaregiver.ca\/wp-content\/uploads\/2021\/06\/Instagram-HealthyWorkplace4-Fre-Copy-1024x1024.jpg\" alt=\"Plusieurs \u00e9motions peuvent se pr\u00e9senter lorsque vous conciliez le travail avec votre r\u00f4le d'aidant naturel\" data-id=\"11066\" data-full-url=\"https:\/\/ontariocaregiver.ca\/wp-content\/uploads\/2021\/06\/Instagram-HealthyWorkplace4-Fre-Copy.jpg\" data-link=\"https:\/\/archive.ontariocaregiver.ca\/fr\/?attachment_id=11066\" class=\"wp-image-11066\" srcset=\"https:\/\/ontariocaregiver.ca\/wp-content\/uploads\/2021\/06\/Instagram-HealthyWorkplace4-Fre-Copy-1024x1024.jpg 1024w, https:\/\/ontariocaregiver.ca\/wp-content\/uploads\/2021\/06\/Instagram-HealthyWorkplace4-Fre-Copy-300x300.jpg 300w, https:\/\/ontariocaregiver.ca\/wp-content\/uploads\/2021\/06\/Instagram-HealthyWorkplace4-Fre-Copy-100x100.jpg 100w, https:\/\/ontariocaregiver.ca\/wp-content\/uploads\/2021\/06\/Instagram-HealthyWorkplace4-Fre-Copy-600x600.jpg 600w, https:\/\/ontariocaregiver.ca\/wp-content\/uploads\/2021\/06\/Instagram-HealthyWorkplace4-Fre-Copy-150x150.jpg 150w, https:\/\/ontariocaregiver.ca\/wp-content\/uploads\/2021\/06\/Instagram-HealthyWorkplace4-Fre-Copy-768x768.jpg 768w, https:\/\/ontariocaregiver.ca\/wp-content\/uploads\/2021\/06\/Instagram-HealthyWorkplace4-Fre-Copy-1536x1536.jpg 1536w, https:\/\/ontariocaregiver.ca\/wp-content\/uploads\/2021\/06\/Instagram-HealthyWorkplace4-Fre-Copy-2048x2048.jpg 2048w, https:\/\/ontariocaregiver.ca\/wp-content\/uploads\/2021\/06\/Instagram-HealthyWorkplace4-Fre-Copy-1600x1600.jpg 1600w, https:\/\/ontariocaregiver.ca\/wp-content\/uploads\/2021\/06\/Instagram-HealthyWorkplace4-Fre-Copy-700x700.jpg 700w\" sizes=\"auto, (max-width: 1024px) 100vw, 1024px\" \/><figcaption class=\"blocks-gallery-item__caption\">Plusieurs \u00e9motions peuvent se pr\u00e9senter lorsque vous conciliez le travail avec votre r\u00f4le d&rsquo;aidant naturel<\/figcaption><\/figure><\/li><li class=\"blocks-gallery-item\"><figure><img loading=\"lazy\" decoding=\"async\" width=\"1024\" height=\"1024\" src=\"https:\/\/ontariocaregiver.ca\/wp-content\/uploads\/2021\/06\/Instagram-HealthyWorkplace6-Fre-Copy-1024x1024.jpg\" alt=\"45% des aidants naturels ont des difficult\u00e9s \u00e0 concilier la prestation de soins et le travail\" data-id=\"11064\" data-full-url=\"https:\/\/ontariocaregiver.ca\/wp-content\/uploads\/2021\/06\/Instagram-HealthyWorkplace6-Fre-Copy.jpg\" data-link=\"https:\/\/archive.ontariocaregiver.ca\/fr\/?attachment_id=11064\" class=\"wp-image-11064\" srcset=\"https:\/\/ontariocaregiver.ca\/wp-content\/uploads\/2021\/06\/Instagram-HealthyWorkplace6-Fre-Copy-1024x1024.jpg 1024w, https:\/\/ontariocaregiver.ca\/wp-content\/uploads\/2021\/06\/Instagram-HealthyWorkplace6-Fre-Copy-300x300.jpg 300w, https:\/\/ontariocaregiver.ca\/wp-content\/uploads\/2021\/06\/Instagram-HealthyWorkplace6-Fre-Copy-100x100.jpg 100w, https:\/\/ontariocaregiver.ca\/wp-content\/uploads\/2021\/06\/Instagram-HealthyWorkplace6-Fre-Copy-600x600.jpg 600w, https:\/\/ontariocaregiver.ca\/wp-content\/uploads\/2021\/06\/Instagram-HealthyWorkplace6-Fre-Copy-150x150.jpg 150w, https:\/\/ontariocaregiver.ca\/wp-content\/uploads\/2021\/06\/Instagram-HealthyWorkplace6-Fre-Copy-768x768.jpg 768w, https:\/\/ontariocaregiver.ca\/wp-content\/uploads\/2021\/06\/Instagram-HealthyWorkplace6-Fre-Copy-1536x1536.jpg 1536w, https:\/\/ontariocaregiver.ca\/wp-content\/uploads\/2021\/06\/Instagram-HealthyWorkplace6-Fre-Copy-2048x2048.jpg 2048w, https:\/\/ontariocaregiver.ca\/wp-content\/uploads\/2021\/06\/Instagram-HealthyWorkplace6-Fre-Copy-1600x1600.jpg 1600w, https:\/\/ontariocaregiver.ca\/wp-content\/uploads\/2021\/06\/Instagram-HealthyWorkplace6-Fre-Copy-700x700.jpg 700w\" sizes=\"auto, (max-width: 1024px) 100vw, 1024px\" \/><figcaption class=\"blocks-gallery-item__caption\">45% des aidants naturels ont des difficult\u00e9s \u00e0 concilier la prestation de soins et le travail<\/figcaption><\/figure><\/li><\/ul><\/figure>\n","protected":false},"excerpt":{"rendered":"<p>Appuyer la conciliation le entre le travail et l\u2019aidance naturelle Les aidantes naturelles et les aidants naturels en milieu de travail sont vos coll\u00e8gues..<\/p>\n","protected":false},"author":7,"featured_media":4088,"parent":11102,"menu_order":0,"comment_status":"closed","ping_status":"closed","template":"","meta":{"_acf_changed":false,"_relevanssi_hide_post":"","_relevanssi_hide_content":"","_relevanssi_pin_for_all":"","_relevanssi_pin_keywords":"","_relevanssi_unpin_keywords":"","_relevanssi_related_keywords":"","_relevanssi_related_include_ids":"","_relevanssi_related_exclude_ids":"","_relevanssi_related_no_append":"","_relevanssi_related_not_related":"","_relevanssi_related_posts":"","_relevanssi_noindex_reason":"","_price":"","_stock":"","_tribe_ticket_header":"","_tribe_default_ticket_provider":"","_tribe_ticket_capacity":"0","_ticket_start_date":"","_ticket_end_date":"","_tribe_ticket_show_description":"","_tribe_ticket_show_not_going":false,"_tribe_ticket_use_global_stock":"","_tribe_ticket_global_stock_level":"","_global_stock_mode":"","_global_stock_cap":"","_tribe_rsvp_for_event":"","_tribe_ticket_going_count":"","_tribe_ticket_not_going_count":"","_tribe_tickets_list":[],"_tribe_ticket_has_attendee_info_fields":false,"footnotes":""},"class_list":["post-11059","page","type-page","status-publish","has-post-thumbnail","hentry"],"acf":[],"yoast_head":"<!-- This site is optimized with the Yoast SEO plugin v25.8 - https:\/\/yoast.com\/wordpress\/plugins\/seo\/ -->\n<title>Appuyer la conciliation le entre le travail et l\u2019aidance naturelle - Organisme de soutien aux aidants naturels de l\u2019Ontario<\/title>\n<meta name=\"robots\" content=\"noindex, follow, max-snippet:-1, max-image-preview:large, max-video-preview:-1\" \/>\n<meta property=\"og:locale\" content=\"fr_FR\" \/>\n<meta property=\"og:type\" content=\"article\" \/>\n<meta property=\"og:title\" content=\"Appuyer la conciliation le entre le travail et l\u2019aidance naturelle - Organisme de soutien aux aidants naturels de l\u2019Ontario\" \/>\n<meta property=\"og:description\" content=\"Appuyer la conciliation le entre le travail et l\u2019aidance naturelle Les aidantes naturelles et les aidants naturels en milieu de travail sont vos coll\u00e8gues..\" \/>\n<meta property=\"og:url\" content=\"https:\/\/archive.ontariocaregiver.ca\/fr\/rapport-annuel-2020-2021-de-losano\/appuyer-la-conciliation-le-entre-le-travail-et-laidance-naturelle\/\" \/>\n<meta property=\"og:site_name\" content=\"Organisme de soutien aux aidants naturels de l\u2019Ontario\" \/>\n<meta property=\"article:modified_time\" content=\"2021-06-29T20:54:30+00:00\" \/>\n<meta property=\"og:image\" content=\"https:\/\/ontariocaregiver.ca\/wp-content\/uploads\/2020\/06\/iStock-1035789100-1-scaled.jpg\" \/>\n\t<meta property=\"og:image:width\" content=\"2560\" \/>\n\t<meta property=\"og:image:height\" content=\"1707\" \/>\n\t<meta property=\"og:image:type\" content=\"image\/jpeg\" \/>\n<meta name=\"twitter:card\" content=\"summary_large_image\" \/>\n<meta name=\"twitter:label1\" content=\"Dur\u00e9e de lecture estim\u00e9e\" \/>\n\t<meta name=\"twitter:data1\" content=\"3 minutes\" \/>\n<script type=\"application\/ld+json\" class=\"yoast-schema-graph\">{\"@context\":\"https:\/\/schema.org\",\"@graph\":[{\"@type\":\"WebPage\",\"@id\":\"https:\/\/archive.ontariocaregiver.ca\/fr\/rapport-annuel-2020-2021-de-losano\/appuyer-la-conciliation-le-entre-le-travail-et-laidance-naturelle\/\",\"url\":\"https:\/\/archive.ontariocaregiver.ca\/fr\/rapport-annuel-2020-2021-de-losano\/appuyer-la-conciliation-le-entre-le-travail-et-laidance-naturelle\/\",\"name\":\"Appuyer la conciliation le entre le travail et l\u2019aidance naturelle - Organisme de soutien aux aidants naturels de l\u2019Ontario\",\"isPartOf\":{\"@id\":\"https:\/\/archive.ontariocaregiver.ca\/fr\/#website\"},\"primaryImageOfPage\":{\"@id\":\"https:\/\/archive.ontariocaregiver.ca\/fr\/rapport-annuel-2020-2021-de-losano\/appuyer-la-conciliation-le-entre-le-travail-et-laidance-naturelle\/#primaryimage\"},\"image\":{\"@id\":\"https:\/\/archive.ontariocaregiver.ca\/fr\/rapport-annuel-2020-2021-de-losano\/appuyer-la-conciliation-le-entre-le-travail-et-laidance-naturelle\/#primaryimage\"},\"thumbnailUrl\":\"https:\/\/ontariocaregiver.ca\/wp-content\/uploads\/2020\/06\/iStock-1035789100-1-scaled.jpg\",\"datePublished\":\"2021-06-28T20:34:04+00:00\",\"dateModified\":\"2021-06-29T20:54:30+00:00\",\"breadcrumb\":{\"@id\":\"https:\/\/archive.ontariocaregiver.ca\/fr\/rapport-annuel-2020-2021-de-losano\/appuyer-la-conciliation-le-entre-le-travail-et-laidance-naturelle\/#breadcrumb\"},\"inLanguage\":\"fr-FR\",\"potentialAction\":[{\"@type\":\"ReadAction\",\"target\":[\"https:\/\/archive.ontariocaregiver.ca\/fr\/rapport-annuel-2020-2021-de-losano\/appuyer-la-conciliation-le-entre-le-travail-et-laidance-naturelle\/\"]}]},{\"@type\":\"ImageObject\",\"inLanguage\":\"fr-FR\",\"@id\":\"https:\/\/archive.ontariocaregiver.ca\/fr\/rapport-annuel-2020-2021-de-losano\/appuyer-la-conciliation-le-entre-le-travail-et-laidance-naturelle\/#primaryimage\",\"url\":\"https:\/\/ontariocaregiver.ca\/wp-content\/uploads\/2020\/06\/iStock-1035789100-1-scaled.jpg\",\"contentUrl\":\"https:\/\/ontariocaregiver.ca\/wp-content\/uploads\/2020\/06\/iStock-1035789100-1-scaled.jpg\",\"width\":2560,\"height\":1707,\"caption\":\"Une jeune femme travaille \u00e0 l'ordinateur, \u00e0 la maison\"},{\"@type\":\"BreadcrumbList\",\"@id\":\"https:\/\/archive.ontariocaregiver.ca\/fr\/rapport-annuel-2020-2021-de-losano\/appuyer-la-conciliation-le-entre-le-travail-et-laidance-naturelle\/#breadcrumb\",\"itemListElement\":[{\"@type\":\"ListItem\",\"position\":1,\"name\":\"Page principale\",\"item\":\"https:\/\/archive.ontariocaregiver.ca\/fr\/\"},{\"@type\":\"ListItem\",\"position\":2,\"name\":\"Rapport Annuel 2020-2021 de l&#8217;OSANO\",\"item\":\"https:\/\/archive.ontariocaregiver.ca\/fr\/oco-2020-2021-annual-report\/\"},{\"@type\":\"ListItem\",\"position\":3,\"name\":\"Appuyer la conciliation le entre le travail et l\u2019aidance naturelle\"}]},{\"@type\":\"WebSite\",\"@id\":\"https:\/\/archive.ontariocaregiver.ca\/fr\/#website\",\"url\":\"https:\/\/archive.ontariocaregiver.ca\/fr\/\",\"name\":\"Organisme de soutien aux aidants naturels de l\u2019Ontario\",\"description\":\"\",\"potentialAction\":[{\"@type\":\"SearchAction\",\"target\":{\"@type\":\"EntryPoint\",\"urlTemplate\":\"https:\/\/archive.ontariocaregiver.ca\/fr\/?s={search_term_string}\"},\"query-input\":{\"@type\":\"PropertyValueSpecification\",\"valueRequired\":true,\"valueName\":\"search_term_string\"}}],\"inLanguage\":\"fr-FR\"}]}<\/script>\n<!-- \/ Yoast SEO plugin. -->","yoast_head_json":{"title":"Appuyer la conciliation le entre le travail et l\u2019aidance naturelle - Organisme de soutien aux aidants naturels de l\u2019Ontario","robots":{"index":"noindex","follow":"follow","max-snippet":"max-snippet:-1","max-image-preview":"max-image-preview:large","max-video-preview":"max-video-preview:-1"},"og_locale":"fr_FR","og_type":"article","og_title":"Appuyer la conciliation le entre le travail et l\u2019aidance naturelle - Organisme de soutien aux aidants naturels de l\u2019Ontario","og_description":"Appuyer la conciliation le entre le travail et l\u2019aidance naturelle Les aidantes naturelles et les aidants naturels en milieu de travail sont vos coll\u00e8gues..","og_url":"https:\/\/archive.ontariocaregiver.ca\/fr\/rapport-annuel-2020-2021-de-losano\/appuyer-la-conciliation-le-entre-le-travail-et-laidance-naturelle\/","og_site_name":"Organisme de soutien aux aidants naturels de l\u2019Ontario","article_modified_time":"2021-06-29T20:54:30+00:00","og_image":[{"width":2560,"height":1707,"url":"https:\/\/ontariocaregiver.ca\/wp-content\/uploads\/2020\/06\/iStock-1035789100-1-scaled.jpg","type":"image\/jpeg"}],"twitter_card":"summary_large_image","twitter_misc":{"Dur\u00e9e de lecture estim\u00e9e":"3 minutes"},"schema":{"@context":"https:\/\/schema.org","@graph":[{"@type":"WebPage","@id":"https:\/\/archive.ontariocaregiver.ca\/fr\/rapport-annuel-2020-2021-de-losano\/appuyer-la-conciliation-le-entre-le-travail-et-laidance-naturelle\/","url":"https:\/\/archive.ontariocaregiver.ca\/fr\/rapport-annuel-2020-2021-de-losano\/appuyer-la-conciliation-le-entre-le-travail-et-laidance-naturelle\/","name":"Appuyer la conciliation le entre le travail et l\u2019aidance naturelle - Organisme de soutien aux aidants naturels de l\u2019Ontario","isPartOf":{"@id":"https:\/\/archive.ontariocaregiver.ca\/fr\/#website"},"primaryImageOfPage":{"@id":"https:\/\/archive.ontariocaregiver.ca\/fr\/rapport-annuel-2020-2021-de-losano\/appuyer-la-conciliation-le-entre-le-travail-et-laidance-naturelle\/#primaryimage"},"image":{"@id":"https:\/\/archive.ontariocaregiver.ca\/fr\/rapport-annuel-2020-2021-de-losano\/appuyer-la-conciliation-le-entre-le-travail-et-laidance-naturelle\/#primaryimage"},"thumbnailUrl":"https:\/\/ontariocaregiver.ca\/wp-content\/uploads\/2020\/06\/iStock-1035789100-1-scaled.jpg","datePublished":"2021-06-28T20:34:04+00:00","dateModified":"2021-06-29T20:54:30+00:00","breadcrumb":{"@id":"https:\/\/archive.ontariocaregiver.ca\/fr\/rapport-annuel-2020-2021-de-losano\/appuyer-la-conciliation-le-entre-le-travail-et-laidance-naturelle\/#breadcrumb"},"inLanguage":"fr-FR","potentialAction":[{"@type":"ReadAction","target":["https:\/\/archive.ontariocaregiver.ca\/fr\/rapport-annuel-2020-2021-de-losano\/appuyer-la-conciliation-le-entre-le-travail-et-laidance-naturelle\/"]}]},{"@type":"ImageObject","inLanguage":"fr-FR","@id":"https:\/\/archive.ontariocaregiver.ca\/fr\/rapport-annuel-2020-2021-de-losano\/appuyer-la-conciliation-le-entre-le-travail-et-laidance-naturelle\/#primaryimage","url":"https:\/\/ontariocaregiver.ca\/wp-content\/uploads\/2020\/06\/iStock-1035789100-1-scaled.jpg","contentUrl":"https:\/\/ontariocaregiver.ca\/wp-content\/uploads\/2020\/06\/iStock-1035789100-1-scaled.jpg","width":2560,"height":1707,"caption":"Une jeune femme travaille \u00e0 l'ordinateur, \u00e0 la maison"},{"@type":"BreadcrumbList","@id":"https:\/\/archive.ontariocaregiver.ca\/fr\/rapport-annuel-2020-2021-de-losano\/appuyer-la-conciliation-le-entre-le-travail-et-laidance-naturelle\/#breadcrumb","itemListElement":[{"@type":"ListItem","position":1,"name":"Page principale","item":"https:\/\/archive.ontariocaregiver.ca\/fr\/"},{"@type":"ListItem","position":2,"name":"Rapport Annuel 2020-2021 de l&#8217;OSANO","item":"https:\/\/archive.ontariocaregiver.ca\/fr\/oco-2020-2021-annual-report\/"},{"@type":"ListItem","position":3,"name":"Appuyer la conciliation le entre le travail et l\u2019aidance naturelle"}]},{"@type":"WebSite","@id":"https:\/\/archive.ontariocaregiver.ca\/fr\/#website","url":"https:\/\/archive.ontariocaregiver.ca\/fr\/","name":"Organisme de soutien aux aidants naturels de l\u2019Ontario","description":"","potentialAction":[{"@type":"SearchAction","target":{"@type":"EntryPoint","urlTemplate":"https:\/\/archive.ontariocaregiver.ca\/fr\/?s={search_term_string}"},"query-input":{"@type":"PropertyValueSpecification","valueRequired":true,"valueName":"search_term_string"}}],"inLanguage":"fr-FR"}]}},"ticketed":false,"_links":{"self":[{"href":"https:\/\/archive.ontariocaregiver.ca\/fr\/wp-json\/wp\/v2\/pages\/11059","targetHints":{"allow":["GET"]}}],"collection":[{"href":"https:\/\/archive.ontariocaregiver.ca\/fr\/wp-json\/wp\/v2\/pages"}],"about":[{"href":"https:\/\/archive.ontariocaregiver.ca\/fr\/wp-json\/wp\/v2\/types\/page"}],"author":[{"embeddable":true,"href":"https:\/\/archive.ontariocaregiver.ca\/fr\/wp-json\/wp\/v2\/users\/7"}],"replies":[{"embeddable":true,"href":"https:\/\/archive.ontariocaregiver.ca\/fr\/wp-json\/wp\/v2\/comments?post=11059"}],"version-history":[{"count":2,"href":"https:\/\/archive.ontariocaregiver.ca\/fr\/wp-json\/wp\/v2\/pages\/11059\/revisions"}],"predecessor-version":[{"id":11135,"href":"https:\/\/archive.ontariocaregiver.ca\/fr\/wp-json\/wp\/v2\/pages\/11059\/revisions\/11135"}],"up":[{"embeddable":true,"href":"https:\/\/archive.ontariocaregiver.ca\/fr\/wp-json\/wp\/v2\/pages\/11102"}],"wp:featuredmedia":[{"embeddable":true,"href":"https:\/\/archive.ontariocaregiver.ca\/fr\/wp-json\/wp\/v2\/media\/4088"}],"wp:attachment":[{"href":"https:\/\/archive.ontariocaregiver.ca\/fr\/wp-json\/wp\/v2\/media?parent=11059"}],"curies":[{"name":"wp","href":"https:\/\/api.w.org\/{rel}","templated":true}]}}