{"id":11054,"date":"2021-06-28T15:34:36","date_gmt":"2021-06-28T19:34:36","guid":{"rendered":"https:\/\/archive.ontariocaregiver.ca\/?page_id=11054"},"modified":"2021-06-29T16:54:46","modified_gmt":"2021-06-29T20:54:46","slug":"nouveau-centre-covid-19","status":"publish","type":"page","link":"https:\/\/archive.ontariocaregiver.ca\/fr\/rapport-annuel-2020-2021-de-losano\/nouveau-centre-covid-19\/","title":{"rendered":"Nouveau centre de ressources li\u00e9es \u00e0 la COVID-19"},"content":{"rendered":"\n<h1 class=\"wp-block-heading\">Nouveau centre de ressources li\u00e9es \u00e0 la COVID-19<\/h1>\n\n\n\n<h2 class=\"wp-block-heading\">\u00ab&nbsp;\u00catre en mesure d\u2019avoir des partenaires de soins d\u00e9sign\u00e9s pour nos r\u00e9sidents a grandement am\u00e9lior\u00e9 leur qualit\u00e9 de vie, leur bien-\u00eatre affectif et leur fa\u00e7on de voir la vie en g\u00e9n\u00e9ral.&nbsp;\u00bb -Teri Fischer, directrice des services aux r\u00e9sidents et aux familles, foyers de soins de longue dur\u00e9e Grey County<\/h2>\n\n\n\n<p>Bien que nous r\u00e9duisions la propagation de la COVID-19 gr\u00e2ce \u00e0 la distanciation physique, les restrictions en mati\u00e8re d\u2019acc\u00e8s et de visites, ainsi que par le d\u00e9cret ordonnant de rester \u00e0 domicile, ces mesures de s\u00e9curit\u00e9 ont &nbsp;mis une pression consid\u00e9rable sur les personnes aidantes naturelles essentielles, qui ont d\u00fb rapidement adapter leurs pratiques de prestation de soins. Dans le but d\u2019offrir un appui imm\u00e9diat au d\u00e9but de la pand\u00e9mie et au-del\u00e0, l\u2019OSANO a lanc\u00e9 son <a href=\"https:\/\/archive.ontariocaregiver.ca\/fr\/covid-19\/\">centre de ressources li\u00e9es \u00e0 la COVID-19<\/a>. Les nouvelles ressources comprennent des fiches-conseils sur un \u00e9ventail de sujets, notamment comment utiliser la technologie pour rester en contact, une liste de v\u00e9rification pour la planification des mesures d\u2019urgence, des mises \u00e0 jour sur la disponibilit\u00e9 et la distribution des vaccins, des ressources de soutien financier pour les aidantes naturelles et les aidants naturels, et une trousse de d\u00e9marrage pour les aidants naturels.&nbsp;<br><\/p>\n\n\n\n<figure class=\"wp-block-embed is-type-video is-provider-youtube wp-block-embed-youtube wp-embed-aspect-16-9 wp-has-aspect-ratio\"><div class=\"wp-block-embed__wrapper\">\n<iframe loading=\"lazy\" title=\"COVID 19:  Maintaining Balance - Scheduling, structure and sanity\" width=\"500\" height=\"281\" src=\"https:\/\/www.youtube.com\/embed\/6p8W-_vQSoA?feature=oembed\" frameborder=\"0\" allow=\"accelerometer; autoplay; clipboard-write; encrypted-media; gyroscope; picture-in-picture; web-share\" referrerpolicy=\"strict-origin-when-cross-origin\" allowfullscreen><\/iframe>\n<\/div><figcaption><em>(Vid\u00e9o disponible an anglais seulement)<\/em><\/figcaption><\/figure>\n\n\n\n<p>L\u2019OSANO a \u00e9galement reconnu le besoin d\u2019appuyer les prestataires de soins dans le milieu de la sant\u00e9 qui interagissent avec les aidantes naturelles et les aidants naturels, notamment l\u00e0 o\u00f9 l\u2019acc\u00e8s est restreint comme les h\u00f4pitaux et les foyers de soins de longue dur\u00e9e. L\u2019OSANO a accru le travail du programme de l\u2019identification d\u2019aidant naturel de The Change Foundation dans le but de cr\u00e9er la <a href=\"https:\/\/archive.ontariocaregiver.ca\/fr\/partenairesensoins\/\" target=\"_blank\" rel=\"noreferrer noopener\">trousse de pand\u00e9mie \u00ab&nbsp;Partenaires de soins&nbsp;\u00bb<\/a>, qui cherche \u00e0 faciliter l\u2019accueil s\u00e9curitaire et significatif des personnes aidantes naturelles dans les milieux de soins de sant\u00e9 en tant que partenaires de soins.<br><br>Afin d\u2019acc\u00e9l\u00e9rer l\u2019implantation de ces outils dans la prestation de soins de sant\u00e9, l\u2019OSANO a form\u00e9 un groupe d\u2019apprentissage collaboratif \u00ab&nbsp;Partenaires de soins&nbsp;\u00bb qui a pour but de cr\u00e9er un espace de partage et de discussion pour les adeptes pr\u00e9coces. Depuis son lancement, l\u2019identification de l\u2019aidant naturel a \u00e9t\u00e9 mise en \u0153uvre dans plus de 24&nbsp;milieux et des milliers d\u2019aidantes naturelles et d\u2019aidants naturels ont \u00e9t\u00e9 en mesure de continuer de fournir un soutien essentiel aux personnes dont elles et ils s\u2019occupent. L\u2019OSANO poursuivra le travail avec ses partenaires actuels et et futurs dans le but de les aider \u00e0 \u00e9tablir la confiance, la communication et les pratiques exemplaires n\u00e9cessaires pour travailler aupr\u00e8s des aidantes naturelles et des aidants naturels pendant la pand\u00e9mie et bien au-del\u00e0.<\/p>\n\n\n\n<figure class=\"wp-block-gallery columns-3 is-cropped wp-block-gallery-1 is-layout-flex wp-block-gallery-is-layout-flex\"><ul class=\"blocks-gallery-grid\"><li class=\"blocks-gallery-item\"><figure><img loading=\"lazy\" decoding=\"async\" width=\"1024\" height=\"683\" src=\"https:\/\/ontariocaregiver.ca\/wp-content\/uploads\/2021\/01\/Anger-and-Resentment-1024x683.jpg\" alt=\"How Caregivers can Manage Anxiety &amp; Anger\" data-id=\"8721\" data-full-url=\"https:\/\/ontariocaregiver.ca\/wp-content\/uploads\/2021\/01\/Anger-and-Resentment.jpg\" data-link=\"https:\/\/archive.ontariocaregiver.ca\/worried-woman-with-protective-face-mask-in-bus-transport-2\/\" class=\"wp-image-8721\" srcset=\"https:\/\/ontariocaregiver.ca\/wp-content\/uploads\/2021\/01\/Anger-and-Resentment-1024x683.jpg 1024w, https:\/\/ontariocaregiver.ca\/wp-content\/uploads\/2021\/01\/Anger-and-Resentment-600x400.jpg 600w, https:\/\/ontariocaregiver.ca\/wp-content\/uploads\/2021\/01\/Anger-and-Resentment-300x200.jpg 300w, https:\/\/ontariocaregiver.ca\/wp-content\/uploads\/2021\/01\/Anger-and-Resentment-768x512.jpg 768w, https:\/\/ontariocaregiver.ca\/wp-content\/uploads\/2021\/01\/Anger-and-Resentment-1536x1024.jpg 1536w, https:\/\/ontariocaregiver.ca\/wp-content\/uploads\/2021\/01\/Anger-and-Resentment-2048x1365.jpg 2048w, https:\/\/ontariocaregiver.ca\/wp-content\/uploads\/2021\/01\/Anger-and-Resentment-1600x1067.jpg 1600w, https:\/\/ontariocaregiver.ca\/wp-content\/uploads\/2021\/01\/Anger-and-Resentment-700x467.jpg 700w\" sizes=\"auto, (max-width: 1024px) 100vw, 1024px\" \/><\/figure><\/li><li class=\"blocks-gallery-item\"><figure><img loading=\"lazy\" decoding=\"async\" width=\"1024\" height=\"683\" src=\"https:\/\/ontariocaregiver.ca\/wp-content\/uploads\/2020\/12\/iStock-1253856201-1024x683.jpg\" alt=\"Partners in Care Pandemic Toolkit\" data-id=\"7538\" data-full-url=\"https:\/\/ontariocaregiver.ca\/wp-content\/uploads\/2020\/12\/iStock-1253856201-scaled.jpg\" data-link=\"https:\/\/archive.ontariocaregiver.ca\/healthcare-provider-resource-centre-partners-in-care\/portrait-of-health-visitor-and-a-senior-woman-during-home-visit\/\" class=\"wp-image-7538\" srcset=\"https:\/\/ontariocaregiver.ca\/wp-content\/uploads\/2020\/12\/iStock-1253856201-1024x683.jpg 1024w, https:\/\/ontariocaregiver.ca\/wp-content\/uploads\/2020\/12\/iStock-1253856201-scaled-600x400.jpg 600w, https:\/\/ontariocaregiver.ca\/wp-content\/uploads\/2020\/12\/iStock-1253856201-300x200.jpg 300w, https:\/\/ontariocaregiver.ca\/wp-content\/uploads\/2020\/12\/iStock-1253856201-768x512.jpg 768w, https:\/\/ontariocaregiver.ca\/wp-content\/uploads\/2020\/12\/iStock-1253856201-1536x1025.jpg 1536w, https:\/\/ontariocaregiver.ca\/wp-content\/uploads\/2020\/12\/iStock-1253856201-2048x1366.jpg 2048w, https:\/\/ontariocaregiver.ca\/wp-content\/uploads\/2020\/12\/iStock-1253856201-1600x1067.jpg 1600w, https:\/\/ontariocaregiver.ca\/wp-content\/uploads\/2020\/12\/iStock-1253856201-700x467.jpg 700w\" sizes=\"auto, (max-width: 1024px) 100vw, 1024px\" \/><\/figure><\/li><li class=\"blocks-gallery-item\"><figure><img loading=\"lazy\" decoding=\"async\" width=\"1024\" height=\"683\" src=\"https:\/\/ontariocaregiver.ca\/wp-content\/uploads\/2021\/01\/iStock-1266494637-1024x683.jpg\" alt=\"COVID-19 vaccination update\" data-id=\"8782\" data-full-url=\"https:\/\/ontariocaregiver.ca\/wp-content\/uploads\/2021\/01\/iStock-1266494637-scaled.jpg\" data-link=\"https:\/\/archive.ontariocaregiver.ca\/covid-19\/mature-man-taking-a-vaccine-from-his-doctor\/\" class=\"wp-image-8782\" srcset=\"https:\/\/ontariocaregiver.ca\/wp-content\/uploads\/2021\/01\/iStock-1266494637-1024x683.jpg 1024w, https:\/\/ontariocaregiver.ca\/wp-content\/uploads\/2021\/01\/iStock-1266494637-scaled-600x400.jpg 600w, https:\/\/ontariocaregiver.ca\/wp-content\/uploads\/2021\/01\/iStock-1266494637-300x200.jpg 300w, https:\/\/ontariocaregiver.ca\/wp-content\/uploads\/2021\/01\/iStock-1266494637-768x512.jpg 768w, https:\/\/ontariocaregiver.ca\/wp-content\/uploads\/2021\/01\/iStock-1266494637-1536x1024.jpg 1536w, https:\/\/ontariocaregiver.ca\/wp-content\/uploads\/2021\/01\/iStock-1266494637-2048x1365.jpg 2048w, https:\/\/ontariocaregiver.ca\/wp-content\/uploads\/2021\/01\/iStock-1266494637-1600x1067.jpg 1600w, https:\/\/ontariocaregiver.ca\/wp-content\/uploads\/2021\/01\/iStock-1266494637-700x467.jpg 700w\" sizes=\"auto, (max-width: 1024px) 100vw, 1024px\" \/><\/figure><\/li><\/ul><\/figure>\n\n\n\n<p><\/p>\n","protected":false},"excerpt":{"rendered":"<p>Nouveau centre de ressources li\u00e9es \u00e0 la COVID-19 \u00ab&nbsp;\u00catre en mesure d\u2019avoir des partenaires de soins d\u00e9sign\u00e9s pour nos r\u00e9sidents a grandement am\u00e9lior\u00e9 leur..<\/p>\n","protected":false},"author":7,"featured_media":6047,"parent":11102,"menu_order":0,"comment_status":"closed","ping_status":"closed","template":"","meta":{"_acf_changed":false,"_relevanssi_hide_post":"","_relevanssi_hide_content":"","_relevanssi_pin_for_all":"","_relevanssi_pin_keywords":"","_relevanssi_unpin_keywords":"","_relevanssi_related_keywords":"","_relevanssi_related_include_ids":"","_relevanssi_related_exclude_ids":"","_relevanssi_related_no_append":"","_relevanssi_related_not_related":"","_relevanssi_related_posts":"","_relevanssi_noindex_reason":"","_price":"","_stock":"","_tribe_ticket_header":"","_tribe_default_ticket_provider":"","_tribe_ticket_capacity":"0","_ticket_start_date":"","_ticket_end_date":"","_tribe_ticket_show_description":"","_tribe_ticket_show_not_going":false,"_tribe_ticket_use_global_stock":"","_tribe_ticket_global_stock_level":"","_global_stock_mode":"","_global_stock_cap":"","_tribe_rsvp_for_event":"","_tribe_ticket_going_count":"","_tribe_ticket_not_going_count":"","_tribe_tickets_list":[],"_tribe_ticket_has_attendee_info_fields":false,"footnotes":""},"class_list":["post-11054","page","type-page","status-publish","has-post-thumbnail","hentry"],"acf":[],"yoast_head":"<!-- This site is optimized with the Yoast SEO plugin v25.8 - https:\/\/yoast.com\/wordpress\/plugins\/seo\/ -->\n<title>Nouveau centre de ressources li\u00e9es \u00e0 la COVID-19 - Organisme de soutien aux aidants naturels de l\u2019Ontario<\/title>\n<meta name=\"robots\" content=\"noindex, follow, max-snippet:-1, max-image-preview:large, max-video-preview:-1\" \/>\n<meta property=\"og:locale\" content=\"fr_FR\" \/>\n<meta property=\"og:type\" content=\"article\" \/>\n<meta property=\"og:title\" content=\"Nouveau centre de ressources li\u00e9es \u00e0 la COVID-19 - Organisme de soutien aux aidants naturels de l\u2019Ontario\" \/>\n<meta property=\"og:description\" content=\"Nouveau centre de ressources li\u00e9es \u00e0 la COVID-19 \u00ab&nbsp;\u00catre en mesure d\u2019avoir des partenaires de soins d\u00e9sign\u00e9s pour nos r\u00e9sidents a grandement am\u00e9lior\u00e9 leur..\" \/>\n<meta property=\"og:url\" content=\"https:\/\/archive.ontariocaregiver.ca\/fr\/rapport-annuel-2020-2021-de-losano\/nouveau-centre-covid-19\/\" \/>\n<meta property=\"og:site_name\" content=\"Organisme de soutien aux aidants naturels de l\u2019Ontario\" \/>\n<meta property=\"article:modified_time\" content=\"2021-06-29T20:54:46+00:00\" \/>\n<meta property=\"og:image\" content=\"https:\/\/ontariocaregiver.ca\/wp-content\/uploads\/2020\/08\/Community-Search-II-scaled.jpg\" \/>\n\t<meta property=\"og:image:width\" content=\"2560\" \/>\n\t<meta property=\"og:image:height\" content=\"1440\" \/>\n\t<meta property=\"og:image:type\" content=\"image\/jpeg\" \/>\n<meta name=\"twitter:card\" content=\"summary_large_image\" \/>\n<meta name=\"twitter:label1\" content=\"Dur\u00e9e de lecture estim\u00e9e\" \/>\n\t<meta name=\"twitter:data1\" content=\"3 minutes\" \/>\n<script type=\"application\/ld+json\" class=\"yoast-schema-graph\">{\"@context\":\"https:\/\/schema.org\",\"@graph\":[{\"@type\":\"WebPage\",\"@id\":\"https:\/\/archive.ontariocaregiver.ca\/fr\/rapport-annuel-2020-2021-de-losano\/nouveau-centre-covid-19\/\",\"url\":\"https:\/\/archive.ontariocaregiver.ca\/fr\/rapport-annuel-2020-2021-de-losano\/nouveau-centre-covid-19\/\",\"name\":\"Nouveau centre de ressources li\u00e9es \u00e0 la COVID-19 - Organisme de soutien aux aidants naturels de l\u2019Ontario\",\"isPartOf\":{\"@id\":\"https:\/\/archive.ontariocaregiver.ca\/fr\/#website\"},\"primaryImageOfPage\":{\"@id\":\"https:\/\/archive.ontariocaregiver.ca\/fr\/rapport-annuel-2020-2021-de-losano\/nouveau-centre-covid-19\/#primaryimage\"},\"image\":{\"@id\":\"https:\/\/archive.ontariocaregiver.ca\/fr\/rapport-annuel-2020-2021-de-losano\/nouveau-centre-covid-19\/#primaryimage\"},\"thumbnailUrl\":\"https:\/\/ontariocaregiver.ca\/wp-content\/uploads\/2020\/08\/Community-Search-II-scaled.jpg\",\"datePublished\":\"2021-06-28T19:34:36+00:00\",\"dateModified\":\"2021-06-29T20:54:46+00:00\",\"breadcrumb\":{\"@id\":\"https:\/\/archive.ontariocaregiver.ca\/fr\/rapport-annuel-2020-2021-de-losano\/nouveau-centre-covid-19\/#breadcrumb\"},\"inLanguage\":\"fr-FR\",\"potentialAction\":[{\"@type\":\"ReadAction\",\"target\":[\"https:\/\/archive.ontariocaregiver.ca\/fr\/rapport-annuel-2020-2021-de-losano\/nouveau-centre-covid-19\/\"]}]},{\"@type\":\"ImageObject\",\"inLanguage\":\"fr-FR\",\"@id\":\"https:\/\/archive.ontariocaregiver.ca\/fr\/rapport-annuel-2020-2021-de-losano\/nouveau-centre-covid-19\/#primaryimage\",\"url\":\"https:\/\/ontariocaregiver.ca\/wp-content\/uploads\/2020\/08\/Community-Search-II-scaled.jpg\",\"contentUrl\":\"https:\/\/ontariocaregiver.ca\/wp-content\/uploads\/2020\/08\/Community-Search-II-scaled.jpg\",\"width\":2560,\"height\":1440,\"caption\":\"Plan rapproch\u00e9 d'une femme en tenue profesionnelle qui travaille sur un clavier d'ordinateur portable\"},{\"@type\":\"BreadcrumbList\",\"@id\":\"https:\/\/archive.ontariocaregiver.ca\/fr\/rapport-annuel-2020-2021-de-losano\/nouveau-centre-covid-19\/#breadcrumb\",\"itemListElement\":[{\"@type\":\"ListItem\",\"position\":1,\"name\":\"Page principale\",\"item\":\"https:\/\/archive.ontariocaregiver.ca\/fr\/\"},{\"@type\":\"ListItem\",\"position\":2,\"name\":\"Rapport Annuel 2020-2021 de l&#8217;OSANO\",\"item\":\"https:\/\/archive.ontariocaregiver.ca\/fr\/oco-2020-2021-annual-report\/\"},{\"@type\":\"ListItem\",\"position\":3,\"name\":\"Nouveau centre de ressources li\u00e9es \u00e0 la COVID-19\"}]},{\"@type\":\"WebSite\",\"@id\":\"https:\/\/archive.ontariocaregiver.ca\/fr\/#website\",\"url\":\"https:\/\/archive.ontariocaregiver.ca\/fr\/\",\"name\":\"Organisme de soutien aux aidants naturels de l\u2019Ontario\",\"description\":\"\",\"potentialAction\":[{\"@type\":\"SearchAction\",\"target\":{\"@type\":\"EntryPoint\",\"urlTemplate\":\"https:\/\/archive.ontariocaregiver.ca\/fr\/?s={search_term_string}\"},\"query-input\":{\"@type\":\"PropertyValueSpecification\",\"valueRequired\":true,\"valueName\":\"search_term_string\"}}],\"inLanguage\":\"fr-FR\"}]}<\/script>\n<!-- \/ Yoast SEO plugin. -->","yoast_head_json":{"title":"Nouveau centre de ressources li\u00e9es \u00e0 la COVID-19 - Organisme de soutien aux aidants naturels de l\u2019Ontario","robots":{"index":"noindex","follow":"follow","max-snippet":"max-snippet:-1","max-image-preview":"max-image-preview:large","max-video-preview":"max-video-preview:-1"},"og_locale":"fr_FR","og_type":"article","og_title":"Nouveau centre de ressources li\u00e9es \u00e0 la COVID-19 - Organisme de soutien aux aidants naturels de l\u2019Ontario","og_description":"Nouveau centre de ressources li\u00e9es \u00e0 la COVID-19 \u00ab&nbsp;\u00catre en mesure d\u2019avoir des partenaires de soins d\u00e9sign\u00e9s pour nos r\u00e9sidents a grandement am\u00e9lior\u00e9 leur..","og_url":"https:\/\/archive.ontariocaregiver.ca\/fr\/rapport-annuel-2020-2021-de-losano\/nouveau-centre-covid-19\/","og_site_name":"Organisme de soutien aux aidants naturels de l\u2019Ontario","article_modified_time":"2021-06-29T20:54:46+00:00","og_image":[{"width":2560,"height":1440,"url":"https:\/\/ontariocaregiver.ca\/wp-content\/uploads\/2020\/08\/Community-Search-II-scaled.jpg","type":"image\/jpeg"}],"twitter_card":"summary_large_image","twitter_misc":{"Dur\u00e9e de lecture estim\u00e9e":"3 minutes"},"schema":{"@context":"https:\/\/schema.org","@graph":[{"@type":"WebPage","@id":"https:\/\/archive.ontariocaregiver.ca\/fr\/rapport-annuel-2020-2021-de-losano\/nouveau-centre-covid-19\/","url":"https:\/\/archive.ontariocaregiver.ca\/fr\/rapport-annuel-2020-2021-de-losano\/nouveau-centre-covid-19\/","name":"Nouveau centre de ressources li\u00e9es \u00e0 la COVID-19 - Organisme de soutien aux aidants naturels de l\u2019Ontario","isPartOf":{"@id":"https:\/\/archive.ontariocaregiver.ca\/fr\/#website"},"primaryImageOfPage":{"@id":"https:\/\/archive.ontariocaregiver.ca\/fr\/rapport-annuel-2020-2021-de-losano\/nouveau-centre-covid-19\/#primaryimage"},"image":{"@id":"https:\/\/archive.ontariocaregiver.ca\/fr\/rapport-annuel-2020-2021-de-losano\/nouveau-centre-covid-19\/#primaryimage"},"thumbnailUrl":"https:\/\/ontariocaregiver.ca\/wp-content\/uploads\/2020\/08\/Community-Search-II-scaled.jpg","datePublished":"2021-06-28T19:34:36+00:00","dateModified":"2021-06-29T20:54:46+00:00","breadcrumb":{"@id":"https:\/\/archive.ontariocaregiver.ca\/fr\/rapport-annuel-2020-2021-de-losano\/nouveau-centre-covid-19\/#breadcrumb"},"inLanguage":"fr-FR","potentialAction":[{"@type":"ReadAction","target":["https:\/\/archive.ontariocaregiver.ca\/fr\/rapport-annuel-2020-2021-de-losano\/nouveau-centre-covid-19\/"]}]},{"@type":"ImageObject","inLanguage":"fr-FR","@id":"https:\/\/archive.ontariocaregiver.ca\/fr\/rapport-annuel-2020-2021-de-losano\/nouveau-centre-covid-19\/#primaryimage","url":"https:\/\/ontariocaregiver.ca\/wp-content\/uploads\/2020\/08\/Community-Search-II-scaled.jpg","contentUrl":"https:\/\/ontariocaregiver.ca\/wp-content\/uploads\/2020\/08\/Community-Search-II-scaled.jpg","width":2560,"height":1440,"caption":"Plan rapproch\u00e9 d'une femme en tenue profesionnelle qui travaille sur un clavier d'ordinateur portable"},{"@type":"BreadcrumbList","@id":"https:\/\/archive.ontariocaregiver.ca\/fr\/rapport-annuel-2020-2021-de-losano\/nouveau-centre-covid-19\/#breadcrumb","itemListElement":[{"@type":"ListItem","position":1,"name":"Page principale","item":"https:\/\/archive.ontariocaregiver.ca\/fr\/"},{"@type":"ListItem","position":2,"name":"Rapport Annuel 2020-2021 de l&#8217;OSANO","item":"https:\/\/archive.ontariocaregiver.ca\/fr\/oco-2020-2021-annual-report\/"},{"@type":"ListItem","position":3,"name":"Nouveau centre de ressources li\u00e9es \u00e0 la COVID-19"}]},{"@type":"WebSite","@id":"https:\/\/archive.ontariocaregiver.ca\/fr\/#website","url":"https:\/\/archive.ontariocaregiver.ca\/fr\/","name":"Organisme de soutien aux aidants naturels de l\u2019Ontario","description":"","potentialAction":[{"@type":"SearchAction","target":{"@type":"EntryPoint","urlTemplate":"https:\/\/archive.ontariocaregiver.ca\/fr\/?s={search_term_string}"},"query-input":{"@type":"PropertyValueSpecification","valueRequired":true,"valueName":"search_term_string"}}],"inLanguage":"fr-FR"}]}},"ticketed":false,"_links":{"self":[{"href":"https:\/\/archive.ontariocaregiver.ca\/fr\/wp-json\/wp\/v2\/pages\/11054","targetHints":{"allow":["GET"]}}],"collection":[{"href":"https:\/\/archive.ontariocaregiver.ca\/fr\/wp-json\/wp\/v2\/pages"}],"about":[{"href":"https:\/\/archive.ontariocaregiver.ca\/fr\/wp-json\/wp\/v2\/types\/page"}],"author":[{"embeddable":true,"href":"https:\/\/archive.ontariocaregiver.ca\/fr\/wp-json\/wp\/v2\/users\/7"}],"replies":[{"embeddable":true,"href":"https:\/\/archive.ontariocaregiver.ca\/fr\/wp-json\/wp\/v2\/comments?post=11054"}],"version-history":[{"count":3,"href":"https:\/\/archive.ontariocaregiver.ca\/fr\/wp-json\/wp\/v2\/pages\/11054\/revisions"}],"predecessor-version":[{"id":11104,"href":"https:\/\/archive.ontariocaregiver.ca\/fr\/wp-json\/wp\/v2\/pages\/11054\/revisions\/11104"}],"up":[{"embeddable":true,"href":"https:\/\/archive.ontariocaregiver.ca\/fr\/wp-json\/wp\/v2\/pages\/11102"}],"wp:featuredmedia":[{"embeddable":true,"href":"https:\/\/archive.ontariocaregiver.ca\/fr\/wp-json\/wp\/v2\/media\/6047"}],"wp:attachment":[{"href":"https:\/\/archive.ontariocaregiver.ca\/fr\/wp-json\/wp\/v2\/media?parent=11054"}],"curies":[{"name":"wp","href":"https:\/\/api.w.org\/{rel}","templated":true}]}}