{"id":11046,"date":"2021-06-28T11:32:30","date_gmt":"2021-06-28T15:32:30","guid":{"rendered":"https:\/\/archive.ontariocaregiver.ca\/?page_id=11046"},"modified":"2021-06-29T16:54:59","modified_gmt":"2021-06-29T20:54:59","slug":"repport-annuel-comprendre-les-besoins-covid-19","status":"publish","type":"page","link":"https:\/\/archive.ontariocaregiver.ca\/fr\/rapport-annuel-2020-2021-de-losano\/repport-annuel-comprendre-les-besoins-covid-19\/","title":{"rendered":"COVID-19"},"content":{"rendered":"\n<h1 class=\"wp-block-heading\">Comprendre les besoins des personnes aidantes naturelles pendant la pand\u00e9mie de la COVID-19<\/h1>\n\n\n\n<p>Dans le but de d\u00e9velopper les programmes et services n\u00e9cessaires pour soutenir les aidantes naturelles et aidants naturels tout au long de la pand\u00e9mie et m\u00eame au-del\u00e0, l\u2019OSANO s\u2019est tourn\u00e9 vers des partenaires aidants naturels \u00e0 travers la province pour conna\u00eetre leur avis sur l\u2019impact de la COVID-19 sur leur sant\u00e9 mentale, la conciliation travail-vie personnelle, et la fa\u00e7on de fournir les soins, entre autres. L\u2019OSANO a obtenu un aper\u00e7u de la situation \u00e0 travers son <a href=\"https:\/\/archive.ontariocaregiver.ca\/fr\/plein-feux\/\">rapport Pleins feux de 2020<\/a>, de petits sondages men\u00e9s aupr\u00e8s des aidantes naturelles et aidants naturels tout au long de l\u2019ann\u00e9e, et de conversations avec plus de 400&nbsp;partenaires d\u2019aidance naturelle qui ont g\u00e9n\u00e9reusement donn\u00e9 de leur temps et partag\u00e9 leurs points de vue dans le cadre du comit\u00e9 consultatif de l\u2019OSANO, du groupe consultatif des aidants naturels et de groupes de travail sur l\u2019\u00e9laboration des programmes.<\/p>\n\n\n\n<figure class=\"wp-block-image size-large is-resized\"><a href=\"https:\/\/ontariocaregiver.ca\/wp-content\/uploads\/2020\/12\/OCO-Spotlight-report-French-Dec10.pdf\" target=\"_blank\" rel=\"noopener\"><img loading=\"lazy\" decoding=\"async\" src=\"https:\/\/ontariocaregiver.ca\/wp-content\/uploads\/2020\/12\/Instagram-Fre-1024x1024.jpg\" alt=\"Plein Feux sur les aidantes naturelles et aidants naturels de l'Ontario 2020 - \u00c9dition COVID-19\" class=\"wp-image-7696\" width=\"840\" height=\"840\" srcset=\"https:\/\/ontariocaregiver.ca\/wp-content\/uploads\/2020\/12\/Instagram-Fre-1024x1024.jpg 1024w, https:\/\/ontariocaregiver.ca\/wp-content\/uploads\/2020\/12\/Instagram-Fre-300x300.jpg 300w, https:\/\/ontariocaregiver.ca\/wp-content\/uploads\/2020\/12\/Instagram-Fre-100x100.jpg 100w, https:\/\/ontariocaregiver.ca\/wp-content\/uploads\/2020\/12\/Instagram-Fre-600x600.jpg 600w, https:\/\/ontariocaregiver.ca\/wp-content\/uploads\/2020\/12\/Instagram-Fre-150x150.jpg 150w, https:\/\/ontariocaregiver.ca\/wp-content\/uploads\/2020\/12\/Instagram-Fre-768x768.jpg 768w, https:\/\/ontariocaregiver.ca\/wp-content\/uploads\/2020\/12\/Instagram-Fre-700x700.jpg 700w, https:\/\/ontariocaregiver.ca\/wp-content\/uploads\/2020\/12\/Instagram-Fre.jpg 1080w\" sizes=\"auto, (max-width: 840px) 100vw, 840px\" \/><\/a><figcaption><a href=\"https:\/\/ontariocaregiver.ca\/wp-content\/uploads\/2020\/12\/OCO-Spotlight-report-French-Dec10.pdf\" target=\"_blank\" rel=\"noreferrer noopener\">Plein Feux sur les aidantes naturelles et aidants naturels de l&rsquo;Ontario 2020 &#8211; \u00c9dition COVID-19<\/a><\/figcaption><\/figure>\n\n\n\n<p>Nous avons appris qu\u2019en automne&nbsp;2020, <strong>54&nbsp;% des aidantes naturelles et aidants naturels ont affirm\u00e9 avoir plus de difficult\u00e9 \u00e0 g\u00e9rer leurs responsabilit\u00e9s en mati\u00e8re d\u2019aidance naturelle depuis le d\u00e9but de la pand\u00e9mie et s\u2019inqui\u00e9taient des cons\u00e9quences sur leur propre sant\u00e9 mentale.<\/strong><strong><\/strong><\/p>\n\n\n\n<p>L\u2019incidence de la COVID-19 sur les aidantes naturelles et aidants naturels est consid\u00e9rable, et continue d\u2019avoir des impacts. Bien que chaque aidante naturelle et aidant naturel soit unique, leurs points de vue ont aid\u00e9 l\u2019OSANO \u00e0 d\u00e9terminer huit th\u00e8mes principaux.<\/p>\n\n\n\n<h3 class=\"wp-block-heading\">Voici les huit r\u00e9percussions de la pand\u00e9mie sur les aidantes naturelles et aidants naturels:<\/h3>\n\n\n\n<ol class=\"wp-block-list\" type=\"1\"><li>Les responsabilit\u00e9s en mati\u00e8re d\u2019aidance naturelle prennent plus de temps;<\/li><li>Le besoin de r\u00e9pit se fait ressentir davantage, mais moins de personnes sont en mesure de pouvoir faire une pause;<\/li><li>La sant\u00e9 mentale est une grande pr\u00e9occupation dans le cadre d\u2019une relation d\u2019aidance naturelle;<\/li><li>L\u2019aidance naturelle aupr\u00e8s de personnes aux prises avec un probl\u00e8me de sant\u00e9 mentale ou de d\u00e9pendance am\u00e8ne des d\u00e9fis suppl\u00e9mentaires pendant la pand\u00e9mie;<\/li><li>La pand\u00e9mie a fortement accru les r\u00e9percussions financi\u00e8res pour les aidantes naturelles et les aidants naturels;<\/li><li>M\u00eame pendant une pand\u00e9mie, les aidantes naturelles et les aidants naturels h\u00e9sitent \u00e0 admettre \u00e9prouver des difficult\u00e9s;<\/li><li>Le travail \u00e0 distance a all\u00e9g\u00e9 la pression sur certaines personnes qui font de l\u2019aidance naturelle tout en occupant un emploi pendant la pand\u00e9mie;<\/li><li>Les aidantes naturelles et les aidants naturels tr\u00e8s occup\u00e9s et exp\u00e9riment\u00e9s constituent un groupe minoritaire mais important, ayant des besoins uniques, surtout en raison de la COVID-19.<\/li><\/ol>\n","protected":false},"excerpt":{"rendered":"<p>Comprendre les besoins des personnes aidantes naturelles pendant la pand\u00e9mie de la COVID-19 Dans le but de d\u00e9velopper les programmes et services n\u00e9cessaires pour..<\/p>\n","protected":false},"author":7,"featured_media":7809,"parent":11102,"menu_order":0,"comment_status":"closed","ping_status":"closed","template":"","meta":{"_acf_changed":false,"_relevanssi_hide_post":"","_relevanssi_hide_content":"","_relevanssi_pin_for_all":"","_relevanssi_pin_keywords":"","_relevanssi_unpin_keywords":"","_relevanssi_related_keywords":"","_relevanssi_related_include_ids":"","_relevanssi_related_exclude_ids":"","_relevanssi_related_no_append":"","_relevanssi_related_not_related":"","_relevanssi_related_posts":"","_relevanssi_noindex_reason":"","_price":"","_stock":"","_tribe_ticket_header":"","_tribe_default_ticket_provider":"","_tribe_ticket_capacity":"0","_ticket_start_date":"","_ticket_end_date":"","_tribe_ticket_show_description":"","_tribe_ticket_show_not_going":false,"_tribe_ticket_use_global_stock":"","_tribe_ticket_global_stock_level":"","_global_stock_mode":"","_global_stock_cap":"","_tribe_rsvp_for_event":"","_tribe_ticket_going_count":"","_tribe_ticket_not_going_count":"","_tribe_tickets_list":[],"_tribe_ticket_has_attendee_info_fields":false,"footnotes":""},"class_list":["post-11046","page","type-page","status-publish","has-post-thumbnail","hentry"],"acf":[],"yoast_head":"<!-- This site is optimized with the Yoast SEO plugin v25.8 - https:\/\/yoast.com\/wordpress\/plugins\/seo\/ -->\n<title>COVID-19 - Organisme de soutien aux aidants naturels de l\u2019Ontario<\/title>\n<meta name=\"robots\" content=\"noindex, follow, max-snippet:-1, max-image-preview:large, max-video-preview:-1\" \/>\n<meta property=\"og:locale\" content=\"fr_FR\" \/>\n<meta property=\"og:type\" content=\"article\" \/>\n<meta property=\"og:title\" content=\"COVID-19 - Organisme de soutien aux aidants naturels de l\u2019Ontario\" \/>\n<meta property=\"og:description\" content=\"Comprendre les besoins des personnes aidantes naturelles pendant la pand\u00e9mie de la COVID-19 Dans le but de d\u00e9velopper les programmes et services n\u00e9cessaires pour..\" \/>\n<meta property=\"og:url\" content=\"https:\/\/archive.ontariocaregiver.ca\/fr\/rapport-annuel-2020-2021-de-losano\/repport-annuel-comprendre-les-besoins-covid-19\/\" \/>\n<meta property=\"og:site_name\" content=\"Organisme de soutien aux aidants naturels de l\u2019Ontario\" \/>\n<meta property=\"article:modified_time\" content=\"2021-06-29T20:54:59+00:00\" \/>\n<meta property=\"og:image\" content=\"https:\/\/ontariocaregiver.ca\/wp-content\/uploads\/2020\/12\/Spotlight_web_bannerDec10-NEWFrench.jpg\" \/>\n\t<meta property=\"og:image:width\" content=\"1340\" \/>\n\t<meta property=\"og:image:height\" content=\"400\" \/>\n\t<meta property=\"og:image:type\" content=\"image\/jpeg\" \/>\n<meta name=\"twitter:card\" content=\"summary_large_image\" \/>\n<meta name=\"twitter:label1\" content=\"Dur\u00e9e de lecture estim\u00e9e\" \/>\n\t<meta name=\"twitter:data1\" content=\"3 minutes\" \/>\n<script type=\"application\/ld+json\" class=\"yoast-schema-graph\">{\"@context\":\"https:\/\/schema.org\",\"@graph\":[{\"@type\":\"WebPage\",\"@id\":\"https:\/\/archive.ontariocaregiver.ca\/fr\/rapport-annuel-2020-2021-de-losano\/repport-annuel-comprendre-les-besoins-covid-19\/\",\"url\":\"https:\/\/archive.ontariocaregiver.ca\/fr\/rapport-annuel-2020-2021-de-losano\/repport-annuel-comprendre-les-besoins-covid-19\/\",\"name\":\"COVID-19 - Organisme de soutien aux aidants naturels de l\u2019Ontario\",\"isPartOf\":{\"@id\":\"https:\/\/archive.ontariocaregiver.ca\/fr\/#website\"},\"primaryImageOfPage\":{\"@id\":\"https:\/\/archive.ontariocaregiver.ca\/fr\/rapport-annuel-2020-2021-de-losano\/repport-annuel-comprendre-les-besoins-covid-19\/#primaryimage\"},\"image\":{\"@id\":\"https:\/\/archive.ontariocaregiver.ca\/fr\/rapport-annuel-2020-2021-de-losano\/repport-annuel-comprendre-les-besoins-covid-19\/#primaryimage\"},\"thumbnailUrl\":\"https:\/\/ontariocaregiver.ca\/wp-content\/uploads\/2020\/12\/Spotlight_web_bannerDec10-NEWFrench.jpg\",\"datePublished\":\"2021-06-28T15:32:30+00:00\",\"dateModified\":\"2021-06-29T20:54:59+00:00\",\"breadcrumb\":{\"@id\":\"https:\/\/archive.ontariocaregiver.ca\/fr\/rapport-annuel-2020-2021-de-losano\/repport-annuel-comprendre-les-besoins-covid-19\/#breadcrumb\"},\"inLanguage\":\"fr-FR\",\"potentialAction\":[{\"@type\":\"ReadAction\",\"target\":[\"https:\/\/archive.ontariocaregiver.ca\/fr\/rapport-annuel-2020-2021-de-losano\/repport-annuel-comprendre-les-besoins-covid-19\/\"]}]},{\"@type\":\"ImageObject\",\"inLanguage\":\"fr-FR\",\"@id\":\"https:\/\/archive.ontariocaregiver.ca\/fr\/rapport-annuel-2020-2021-de-losano\/repport-annuel-comprendre-les-besoins-covid-19\/#primaryimage\",\"url\":\"https:\/\/ontariocaregiver.ca\/wp-content\/uploads\/2020\/12\/Spotlight_web_bannerDec10-NEWFrench.jpg\",\"contentUrl\":\"https:\/\/ontariocaregiver.ca\/wp-content\/uploads\/2020\/12\/Spotlight_web_bannerDec10-NEWFrench.jpg\",\"width\":1340,\"height\":400,\"caption\":\"Plein Feux sur les aidantes naturelles et aidants naturels de l'Ontario 2020 - \u00c9dition COVID-19\"},{\"@type\":\"BreadcrumbList\",\"@id\":\"https:\/\/archive.ontariocaregiver.ca\/fr\/rapport-annuel-2020-2021-de-losano\/repport-annuel-comprendre-les-besoins-covid-19\/#breadcrumb\",\"itemListElement\":[{\"@type\":\"ListItem\",\"position\":1,\"name\":\"Page principale\",\"item\":\"https:\/\/archive.ontariocaregiver.ca\/fr\/\"},{\"@type\":\"ListItem\",\"position\":2,\"name\":\"Rapport Annuel 2020-2021 de l&#8217;OSANO\",\"item\":\"https:\/\/archive.ontariocaregiver.ca\/fr\/oco-2020-2021-annual-report\/\"},{\"@type\":\"ListItem\",\"position\":3,\"name\":\"COVID-19\"}]},{\"@type\":\"WebSite\",\"@id\":\"https:\/\/archive.ontariocaregiver.ca\/fr\/#website\",\"url\":\"https:\/\/archive.ontariocaregiver.ca\/fr\/\",\"name\":\"Organisme de soutien aux aidants naturels de l\u2019Ontario\",\"description\":\"\",\"potentialAction\":[{\"@type\":\"SearchAction\",\"target\":{\"@type\":\"EntryPoint\",\"urlTemplate\":\"https:\/\/archive.ontariocaregiver.ca\/fr\/?s={search_term_string}\"},\"query-input\":{\"@type\":\"PropertyValueSpecification\",\"valueRequired\":true,\"valueName\":\"search_term_string\"}}],\"inLanguage\":\"fr-FR\"}]}<\/script>\n<!-- \/ Yoast SEO plugin. -->","yoast_head_json":{"title":"COVID-19 - Organisme de soutien aux aidants naturels de l\u2019Ontario","robots":{"index":"noindex","follow":"follow","max-snippet":"max-snippet:-1","max-image-preview":"max-image-preview:large","max-video-preview":"max-video-preview:-1"},"og_locale":"fr_FR","og_type":"article","og_title":"COVID-19 - Organisme de soutien aux aidants naturels de l\u2019Ontario","og_description":"Comprendre les besoins des personnes aidantes naturelles pendant la pand\u00e9mie de la COVID-19 Dans le but de d\u00e9velopper les programmes et services n\u00e9cessaires pour..","og_url":"https:\/\/archive.ontariocaregiver.ca\/fr\/rapport-annuel-2020-2021-de-losano\/repport-annuel-comprendre-les-besoins-covid-19\/","og_site_name":"Organisme de soutien aux aidants naturels de l\u2019Ontario","article_modified_time":"2021-06-29T20:54:59+00:00","og_image":[{"width":1340,"height":400,"url":"https:\/\/ontariocaregiver.ca\/wp-content\/uploads\/2020\/12\/Spotlight_web_bannerDec10-NEWFrench.jpg","type":"image\/jpeg"}],"twitter_card":"summary_large_image","twitter_misc":{"Dur\u00e9e de lecture estim\u00e9e":"3 minutes"},"schema":{"@context":"https:\/\/schema.org","@graph":[{"@type":"WebPage","@id":"https:\/\/archive.ontariocaregiver.ca\/fr\/rapport-annuel-2020-2021-de-losano\/repport-annuel-comprendre-les-besoins-covid-19\/","url":"https:\/\/archive.ontariocaregiver.ca\/fr\/rapport-annuel-2020-2021-de-losano\/repport-annuel-comprendre-les-besoins-covid-19\/","name":"COVID-19 - Organisme de soutien aux aidants naturels de l\u2019Ontario","isPartOf":{"@id":"https:\/\/archive.ontariocaregiver.ca\/fr\/#website"},"primaryImageOfPage":{"@id":"https:\/\/archive.ontariocaregiver.ca\/fr\/rapport-annuel-2020-2021-de-losano\/repport-annuel-comprendre-les-besoins-covid-19\/#primaryimage"},"image":{"@id":"https:\/\/archive.ontariocaregiver.ca\/fr\/rapport-annuel-2020-2021-de-losano\/repport-annuel-comprendre-les-besoins-covid-19\/#primaryimage"},"thumbnailUrl":"https:\/\/ontariocaregiver.ca\/wp-content\/uploads\/2020\/12\/Spotlight_web_bannerDec10-NEWFrench.jpg","datePublished":"2021-06-28T15:32:30+00:00","dateModified":"2021-06-29T20:54:59+00:00","breadcrumb":{"@id":"https:\/\/archive.ontariocaregiver.ca\/fr\/rapport-annuel-2020-2021-de-losano\/repport-annuel-comprendre-les-besoins-covid-19\/#breadcrumb"},"inLanguage":"fr-FR","potentialAction":[{"@type":"ReadAction","target":["https:\/\/archive.ontariocaregiver.ca\/fr\/rapport-annuel-2020-2021-de-losano\/repport-annuel-comprendre-les-besoins-covid-19\/"]}]},{"@type":"ImageObject","inLanguage":"fr-FR","@id":"https:\/\/archive.ontariocaregiver.ca\/fr\/rapport-annuel-2020-2021-de-losano\/repport-annuel-comprendre-les-besoins-covid-19\/#primaryimage","url":"https:\/\/ontariocaregiver.ca\/wp-content\/uploads\/2020\/12\/Spotlight_web_bannerDec10-NEWFrench.jpg","contentUrl":"https:\/\/ontariocaregiver.ca\/wp-content\/uploads\/2020\/12\/Spotlight_web_bannerDec10-NEWFrench.jpg","width":1340,"height":400,"caption":"Plein Feux sur les aidantes naturelles et aidants naturels de l'Ontario 2020 - \u00c9dition COVID-19"},{"@type":"BreadcrumbList","@id":"https:\/\/archive.ontariocaregiver.ca\/fr\/rapport-annuel-2020-2021-de-losano\/repport-annuel-comprendre-les-besoins-covid-19\/#breadcrumb","itemListElement":[{"@type":"ListItem","position":1,"name":"Page principale","item":"https:\/\/archive.ontariocaregiver.ca\/fr\/"},{"@type":"ListItem","position":2,"name":"Rapport Annuel 2020-2021 de l&#8217;OSANO","item":"https:\/\/archive.ontariocaregiver.ca\/fr\/oco-2020-2021-annual-report\/"},{"@type":"ListItem","position":3,"name":"COVID-19"}]},{"@type":"WebSite","@id":"https:\/\/archive.ontariocaregiver.ca\/fr\/#website","url":"https:\/\/archive.ontariocaregiver.ca\/fr\/","name":"Organisme de soutien aux aidants naturels de l\u2019Ontario","description":"","potentialAction":[{"@type":"SearchAction","target":{"@type":"EntryPoint","urlTemplate":"https:\/\/archive.ontariocaregiver.ca\/fr\/?s={search_term_string}"},"query-input":{"@type":"PropertyValueSpecification","valueRequired":true,"valueName":"search_term_string"}}],"inLanguage":"fr-FR"}]}},"ticketed":false,"_links":{"self":[{"href":"https:\/\/archive.ontariocaregiver.ca\/fr\/wp-json\/wp\/v2\/pages\/11046","targetHints":{"allow":["GET"]}}],"collection":[{"href":"https:\/\/archive.ontariocaregiver.ca\/fr\/wp-json\/wp\/v2\/pages"}],"about":[{"href":"https:\/\/archive.ontariocaregiver.ca\/fr\/wp-json\/wp\/v2\/types\/page"}],"author":[{"embeddable":true,"href":"https:\/\/archive.ontariocaregiver.ca\/fr\/wp-json\/wp\/v2\/users\/7"}],"replies":[{"embeddable":true,"href":"https:\/\/archive.ontariocaregiver.ca\/fr\/wp-json\/wp\/v2\/comments?post=11046"}],"version-history":[{"count":3,"href":"https:\/\/archive.ontariocaregiver.ca\/fr\/wp-json\/wp\/v2\/pages\/11046\/revisions"}],"predecessor-version":[{"id":11050,"href":"https:\/\/archive.ontariocaregiver.ca\/fr\/wp-json\/wp\/v2\/pages\/11046\/revisions\/11050"}],"up":[{"embeddable":true,"href":"https:\/\/archive.ontariocaregiver.ca\/fr\/wp-json\/wp\/v2\/pages\/11102"}],"wp:featuredmedia":[{"embeddable":true,"href":"https:\/\/archive.ontariocaregiver.ca\/fr\/wp-json\/wp\/v2\/media\/7809"}],"wp:attachment":[{"href":"https:\/\/archive.ontariocaregiver.ca\/fr\/wp-json\/wp\/v2\/media?parent=11046"}],"curies":[{"name":"wp","href":"https:\/\/api.w.org\/{rel}","templated":true}]}}