{"id":10787,"date":"2021-06-15T12:47:50","date_gmt":"2021-06-15T16:47:50","guid":{"rendered":"https:\/\/archive.ontariocaregiver.ca\/?page_id=10787"},"modified":"2021-07-30T17:04:59","modified_gmt":"2021-07-30T21:04:59","slug":"resources-pour-soutenir-lengagement-et-la-co-creation-au-sein-de-laidance-naturelle","status":"publish","type":"page","link":"https:\/\/archive.ontariocaregiver.ca\/fr\/resources-pour-soutenir-lengagement-et-la-co-creation-au-sein-de-laidance-naturelle\/","title":{"rendered":"Ressources en appui \u00e0 l\u2019engagement et \u00e0 la co-cr\u00e9ation"},"content":{"rendered":"\n<h1 class=\"wp-block-heading\">Ressources Ressources en appui \u00e0 l\u2019engagement\u00a0et \u00e0 la\u00a0co-cr\u00e9ation<\/h1>\n\n\n\n<p>Plusieurs ressources sur l\u2019engagement et la\u00a0co-cr\u00e9ation\u00a0ont \u00e9t\u00e9 cr\u00e9\u00e9es par <a href=\"https:\/\/changefoundation.ca\/\" target=\"_blank\" rel=\"noreferrer noopener\">The Change\u00a0Foundation<\/a>n\u00a0en collaboration avec les aidantes naturelles, aidants naturels et prestataires de soins.\u00a0L\u2019Organisme de soutien aux aidants naturels de l\u2019Ontario continue de\u00a0les\u00a0rendre accessibles et\u00a0de\u00a0les actualiser au besoin.\u00a0\u00a0<\/p>\n\n\n\n<p>Veuillez noter que&nbsp;les ressources&nbsp;suivantes&nbsp;sont disponibles en anglais seulement.&nbsp;<\/p>\n\n\n\n<p><a href=\"https:\/\/archive.ontariocaregiver.ca\/resources-to-support-caregiver-engagement-and-co-design\/\" target=\"_blank\" rel=\"noreferrer noopener\"><strong>Le fondement de l\u2019engagement et de la&nbsp;co-cr\u00e9ation, volume\u202f1<\/strong><\/a><strong><\/strong>&nbsp;<\/p>\n\n\n\n<p><a href=\"https:\/\/archive.ontariocaregiver.ca\/resources-to-support-caregiver-engagement-and-co-design\/\" target=\"_blank\" rel=\"noreferrer noopener\"><strong>Le fondement de l\u2019engagement et de la&nbsp;co-cr\u00e9ation, volume\u202f2<\/strong><\/a><strong><\/strong>&nbsp;<\/p>\n\n\n\n<p><a href=\"https:\/\/ontariocaregiver.ca\/wp-content\/uploads\/2021\/06\/EBCD-Checklist-P1-Set-Up-F-Sept-1-2020.pdf\" target=\"_blank\" rel=\"noreferrer noopener\"><strong>Liste de v\u00e9rification de la&nbsp;co-cr\u00e9ation&nbsp;ax\u00e9e sur l\u2019exp\u00e9rience, premi\u00e8re partie\u202f: mise en \u0153uvre<\/strong><\/a><strong><\/strong>&nbsp;<\/p>\n\n\n\n<p><a href=\"https:\/\/ontariocaregiver.ca\/wp-content\/uploads\/2021\/06\/EBCD-Checklist-P2-Discovery-F-V3-Sept-2-2020.pdf\" target=\"_blank\" rel=\"noreferrer noopener\"><strong>Liste de v\u00e9rification de la&nbsp;co-cr\u00e9ation&nbsp;ax\u00e9e sur l\u2019exp\u00e9rience, deuxi\u00e8me partie\u202f: d\u00e9couverte<\/strong><\/a><strong>&nbsp;<\/strong>&nbsp;<\/p>\n\n\n\n<p><a href=\"https:\/\/ontariocaregiver.ca\/wp-content\/uploads\/2021\/06\/CF-Key-Learning-Report-final-WEB-June19-2.pdf\" target=\"_blank\" rel=\"noreferrer noopener\"><strong>Le\u00e7ons de l\u2019initiative&nbsp;Changing&nbsp;Care\u202f: Phase de d\u00e9couverte de la&nbsp;co-cr\u00e9ation&nbsp;ax\u00e9e sur l\u2019exp\u00e9rience\u202f<\/strong><\/a><strong><\/strong>&nbsp;<\/p>\n\n\n\n<p><a href=\"https:\/\/ontariocaregiver.ca\/wp-content\/uploads\/2021\/06\/cf-key-learnings-report-co-design-events-1.pdf\" target=\"_blank\" rel=\"noreferrer noopener\"><strong>Le\u00e7ons de l\u2019initiative&nbsp;Changing&nbsp;Care\u202f: \u00c9v\u00e9nements de&nbsp;co-cr\u00e9ation<\/strong><\/a><strong><\/strong>&nbsp;<\/p>\n\n\n\n<p><a href=\"https:\/\/ontariocaregiver.ca\/wp-content\/uploads\/2021\/06\/Lessons-Learned-Testing-Implementation-Report-April-28.pdf\" target=\"_blank\" rel=\"noreferrer noopener\"><strong>Le\u00e7ons de l\u2019initiative&nbsp;Changing&nbsp;Care\u202f: Essais et mise en \u0153uvre des initiatives de changement\u202f<\/strong><\/a><strong><\/strong>&nbsp;<\/p>\n\n\n\n<p><a href=\"https:\/\/ontariocaregiver.ca\/wp-content\/uploads\/2021\/06\/CF-Key-Learning-Report-4-Sustainability-Spread-Nov-10.pdf\" target=\"_blank\" rel=\"noreferrer noopener\"><strong>Le\u00e7ons de l\u2019initiative&nbsp;Changing&nbsp;Care\u202f: Durabilit\u00e9 et expansion des initiatives de changement<\/strong><\/a><strong>&nbsp;<\/strong>&nbsp;<\/p>\n\n\n\n<p><a href=\"https:\/\/ontariocaregiver.ca\/wp-content\/uploads\/2021\/06\/Should-money-come-into-it.pdf\" target=\"_blank\" rel=\"noreferrer noopener\"><strong>Est-il question d\u2019argent?<\/strong><\/a><\/p>\n","protected":false},"excerpt":{"rendered":"<p>Ressources Ressources en appui \u00e0 l\u2019engagement\u00a0et \u00e0 la\u00a0co-cr\u00e9ation Plusieurs ressources sur l\u2019engagement et la\u00a0co-cr\u00e9ation\u00a0ont \u00e9t\u00e9 cr\u00e9\u00e9es par The Change\u00a0Foundationn\u00a0en collaboration avec les aidantes naturelles,..<\/p>\n","protected":false},"author":7,"featured_media":0,"parent":0,"menu_order":0,"comment_status":"closed","ping_status":"closed","template":"","meta":{"_acf_changed":false,"_relevanssi_hide_post":"","_relevanssi_hide_content":"","_relevanssi_pin_for_all":"","_relevanssi_pin_keywords":"","_relevanssi_unpin_keywords":"","_relevanssi_related_keywords":"","_relevanssi_related_include_ids":"","_relevanssi_related_exclude_ids":"","_relevanssi_related_no_append":"","_relevanssi_related_not_related":"","_relevanssi_related_posts":"","_relevanssi_noindex_reason":"","_price":"","_stock":"","_tribe_ticket_header":"","_tribe_default_ticket_provider":"","_tribe_ticket_capacity":"0","_ticket_start_date":"","_ticket_end_date":"","_tribe_ticket_show_description":"","_tribe_ticket_show_not_going":false,"_tribe_ticket_use_global_stock":"","_tribe_ticket_global_stock_level":"","_global_stock_mode":"","_global_stock_cap":"","_tribe_rsvp_for_event":"","_tribe_ticket_going_count":"","_tribe_ticket_not_going_count":"","_tribe_tickets_list":[],"_tribe_ticket_has_attendee_info_fields":false,"footnotes":""},"class_list":["post-10787","page","type-page","status-publish","hentry"],"acf":[],"yoast_head":"<!-- This site is optimized with the Yoast SEO plugin v25.8 - https:\/\/yoast.com\/wordpress\/plugins\/seo\/ -->\n<title>Ressources en appui \u00e0 l\u2019engagement et \u00e0 la co-cr\u00e9ation - Organisme de soutien aux aidants naturels de l\u2019Ontario<\/title>\n<meta name=\"robots\" content=\"noindex, follow, max-snippet:-1, max-image-preview:large, max-video-preview:-1\" \/>\n<meta property=\"og:locale\" content=\"fr_FR\" \/>\n<meta property=\"og:type\" content=\"article\" \/>\n<meta property=\"og:title\" content=\"Ressources en appui \u00e0 l\u2019engagement et \u00e0 la co-cr\u00e9ation - Organisme de soutien aux aidants naturels de l\u2019Ontario\" \/>\n<meta property=\"og:description\" content=\"Ressources Ressources en appui \u00e0 l\u2019engagement\u00a0et \u00e0 la\u00a0co-cr\u00e9ation Plusieurs ressources sur l\u2019engagement et la\u00a0co-cr\u00e9ation\u00a0ont \u00e9t\u00e9 cr\u00e9\u00e9es par The Change\u00a0Foundationn\u00a0en collaboration avec les aidantes naturelles,..\" \/>\n<meta property=\"og:url\" content=\"https:\/\/archive.ontariocaregiver.ca\/fr\/resources-pour-soutenir-lengagement-et-la-co-creation-au-sein-de-laidance-naturelle\/\" \/>\n<meta property=\"og:site_name\" content=\"Organisme de soutien aux aidants naturels de l\u2019Ontario\" \/>\n<meta property=\"article:modified_time\" content=\"2021-07-30T21:04:59+00:00\" \/>\n<meta name=\"twitter:card\" content=\"summary_large_image\" \/>\n<meta name=\"twitter:label1\" content=\"Dur\u00e9e de lecture estim\u00e9e\" \/>\n\t<meta name=\"twitter:data1\" content=\"1 minute\" \/>\n<script type=\"application\/ld+json\" class=\"yoast-schema-graph\">{\"@context\":\"https:\/\/schema.org\",\"@graph\":[{\"@type\":\"WebPage\",\"@id\":\"https:\/\/archive.ontariocaregiver.ca\/fr\/resources-pour-soutenir-lengagement-et-la-co-creation-au-sein-de-laidance-naturelle\/\",\"url\":\"https:\/\/archive.ontariocaregiver.ca\/fr\/resources-pour-soutenir-lengagement-et-la-co-creation-au-sein-de-laidance-naturelle\/\",\"name\":\"Ressources en appui \u00e0 l\u2019engagement et \u00e0 la co-cr\u00e9ation - Organisme de soutien aux aidants naturels de l\u2019Ontario\",\"isPartOf\":{\"@id\":\"https:\/\/archive.ontariocaregiver.ca\/fr\/#website\"},\"datePublished\":\"2021-06-15T16:47:50+00:00\",\"dateModified\":\"2021-07-30T21:04:59+00:00\",\"breadcrumb\":{\"@id\":\"https:\/\/archive.ontariocaregiver.ca\/fr\/resources-pour-soutenir-lengagement-et-la-co-creation-au-sein-de-laidance-naturelle\/#breadcrumb\"},\"inLanguage\":\"fr-FR\",\"potentialAction\":[{\"@type\":\"ReadAction\",\"target\":[\"https:\/\/archive.ontariocaregiver.ca\/fr\/resources-pour-soutenir-lengagement-et-la-co-creation-au-sein-de-laidance-naturelle\/\"]}]},{\"@type\":\"BreadcrumbList\",\"@id\":\"https:\/\/archive.ontariocaregiver.ca\/fr\/resources-pour-soutenir-lengagement-et-la-co-creation-au-sein-de-laidance-naturelle\/#breadcrumb\",\"itemListElement\":[{\"@type\":\"ListItem\",\"position\":1,\"name\":\"Page principale\",\"item\":\"https:\/\/archive.ontariocaregiver.ca\/fr\/\"},{\"@type\":\"ListItem\",\"position\":2,\"name\":\"Ressources en appui \u00e0 l\u2019engagement et \u00e0 la co-cr\u00e9ation\"}]},{\"@type\":\"WebSite\",\"@id\":\"https:\/\/archive.ontariocaregiver.ca\/fr\/#website\",\"url\":\"https:\/\/archive.ontariocaregiver.ca\/fr\/\",\"name\":\"Organisme de soutien aux aidants naturels de l\u2019Ontario\",\"description\":\"\",\"potentialAction\":[{\"@type\":\"SearchAction\",\"target\":{\"@type\":\"EntryPoint\",\"urlTemplate\":\"https:\/\/archive.ontariocaregiver.ca\/fr\/?s={search_term_string}\"},\"query-input\":{\"@type\":\"PropertyValueSpecification\",\"valueRequired\":true,\"valueName\":\"search_term_string\"}}],\"inLanguage\":\"fr-FR\"}]}<\/script>\n<!-- \/ Yoast SEO plugin. -->","yoast_head_json":{"title":"Ressources en appui \u00e0 l\u2019engagement et \u00e0 la co-cr\u00e9ation - Organisme de soutien aux aidants naturels de l\u2019Ontario","robots":{"index":"noindex","follow":"follow","max-snippet":"max-snippet:-1","max-image-preview":"max-image-preview:large","max-video-preview":"max-video-preview:-1"},"og_locale":"fr_FR","og_type":"article","og_title":"Ressources en appui \u00e0 l\u2019engagement et \u00e0 la co-cr\u00e9ation - Organisme de soutien aux aidants naturels de l\u2019Ontario","og_description":"Ressources Ressources en appui \u00e0 l\u2019engagement\u00a0et \u00e0 la\u00a0co-cr\u00e9ation Plusieurs ressources sur l\u2019engagement et la\u00a0co-cr\u00e9ation\u00a0ont \u00e9t\u00e9 cr\u00e9\u00e9es par The Change\u00a0Foundationn\u00a0en collaboration avec les aidantes naturelles,..","og_url":"https:\/\/archive.ontariocaregiver.ca\/fr\/resources-pour-soutenir-lengagement-et-la-co-creation-au-sein-de-laidance-naturelle\/","og_site_name":"Organisme de soutien aux aidants naturels de l\u2019Ontario","article_modified_time":"2021-07-30T21:04:59+00:00","twitter_card":"summary_large_image","twitter_misc":{"Dur\u00e9e de lecture estim\u00e9e":"1 minute"},"schema":{"@context":"https:\/\/schema.org","@graph":[{"@type":"WebPage","@id":"https:\/\/archive.ontariocaregiver.ca\/fr\/resources-pour-soutenir-lengagement-et-la-co-creation-au-sein-de-laidance-naturelle\/","url":"https:\/\/archive.ontariocaregiver.ca\/fr\/resources-pour-soutenir-lengagement-et-la-co-creation-au-sein-de-laidance-naturelle\/","name":"Ressources en appui \u00e0 l\u2019engagement et \u00e0 la co-cr\u00e9ation - Organisme de soutien aux aidants naturels de l\u2019Ontario","isPartOf":{"@id":"https:\/\/archive.ontariocaregiver.ca\/fr\/#website"},"datePublished":"2021-06-15T16:47:50+00:00","dateModified":"2021-07-30T21:04:59+00:00","breadcrumb":{"@id":"https:\/\/archive.ontariocaregiver.ca\/fr\/resources-pour-soutenir-lengagement-et-la-co-creation-au-sein-de-laidance-naturelle\/#breadcrumb"},"inLanguage":"fr-FR","potentialAction":[{"@type":"ReadAction","target":["https:\/\/archive.ontariocaregiver.ca\/fr\/resources-pour-soutenir-lengagement-et-la-co-creation-au-sein-de-laidance-naturelle\/"]}]},{"@type":"BreadcrumbList","@id":"https:\/\/archive.ontariocaregiver.ca\/fr\/resources-pour-soutenir-lengagement-et-la-co-creation-au-sein-de-laidance-naturelle\/#breadcrumb","itemListElement":[{"@type":"ListItem","position":1,"name":"Page principale","item":"https:\/\/archive.ontariocaregiver.ca\/fr\/"},{"@type":"ListItem","position":2,"name":"Ressources en appui \u00e0 l\u2019engagement et \u00e0 la co-cr\u00e9ation"}]},{"@type":"WebSite","@id":"https:\/\/archive.ontariocaregiver.ca\/fr\/#website","url":"https:\/\/archive.ontariocaregiver.ca\/fr\/","name":"Organisme de soutien aux aidants naturels de l\u2019Ontario","description":"","potentialAction":[{"@type":"SearchAction","target":{"@type":"EntryPoint","urlTemplate":"https:\/\/archive.ontariocaregiver.ca\/fr\/?s={search_term_string}"},"query-input":{"@type":"PropertyValueSpecification","valueRequired":true,"valueName":"search_term_string"}}],"inLanguage":"fr-FR"}]}},"ticketed":false,"_links":{"self":[{"href":"https:\/\/archive.ontariocaregiver.ca\/fr\/wp-json\/wp\/v2\/pages\/10787","targetHints":{"allow":["GET"]}}],"collection":[{"href":"https:\/\/archive.ontariocaregiver.ca\/fr\/wp-json\/wp\/v2\/pages"}],"about":[{"href":"https:\/\/archive.ontariocaregiver.ca\/fr\/wp-json\/wp\/v2\/types\/page"}],"author":[{"embeddable":true,"href":"https:\/\/archive.ontariocaregiver.ca\/fr\/wp-json\/wp\/v2\/users\/7"}],"replies":[{"embeddable":true,"href":"https:\/\/archive.ontariocaregiver.ca\/fr\/wp-json\/wp\/v2\/comments?post=10787"}],"version-history":[{"count":7,"href":"https:\/\/archive.ontariocaregiver.ca\/fr\/wp-json\/wp\/v2\/pages\/10787\/revisions"}],"predecessor-version":[{"id":11647,"href":"https:\/\/archive.ontariocaregiver.ca\/fr\/wp-json\/wp\/v2\/pages\/10787\/revisions\/11647"}],"wp:attachment":[{"href":"https:\/\/archive.ontariocaregiver.ca\/fr\/wp-json\/wp\/v2\/media?parent=10787"}],"curies":[{"name":"wp","href":"https:\/\/api.w.org\/{rel}","templated":true}]}}