{"id":10036,"date":"2021-04-29T16:21:38","date_gmt":"2021-04-29T20:21:38","guid":{"rendered":"https:\/\/archive.ontariocaregiver.ca\/?page_id=10036"},"modified":"2023-11-27T12:05:40","modified_gmt":"2023-11-27T17:05:40","slug":"soutien-financier","status":"publish","type":"page","link":"https:\/\/archive.ontariocaregiver.ca\/fr\/pour-aidants-naturels\/soutien-financier\/","title":{"rendered":"Soutien financier"},"content":{"rendered":"\n<p>Plus d\u2019un tiers des aidants naturels payent de leur poche les soins et les services de l\u2019\u00eatre cher. Pour cela, ils doivent souvent r\u00e9duire les d\u00e9penses personnelles ou de la famille. Certains vont jusqu\u2019\u00e0 obtenir un pr\u00eat ou vendre un bien pour couvrir les frais des soins. Ceux qui s\u2019occupent \u00e0 la fois d\u2019enfants et de personnes \u00e2g\u00e9es sont confront\u00e9s \u00e0 d\u2019\u00e9normes difficult\u00e9s financi\u00e8res.<\/p>\n\n\n\n<p>Pour ces cas, des organismes gouvernementaux et communautaires offrent de l\u2019aide financi\u00e8re. Vous aurez peut-\u00eatre \u00e9galement droit \u00e0 des prestations et \u00e0 des cong\u00e9s pour aidants naturels.<\/p>\n\n\n\n<p>De plus, remplir l&rsquo;imp\u00f4t sur le revenu des particuliers sur une base annuelle peut augmenter les possibilit\u00e9s de cr\u00e9dits ou d&rsquo;avantages potentiels du gouvernement du Canada.<\/p>\n\n\n\n<p><strong><a href=\"https:\/\/ontariocaregiver.ca\/wp-content\/uploads\/2023\/04\/Liste_de_ressources_avec_les_liens_internet_de_l_Agence_du_revenu_du_Canada_FINAL.pdf\" target=\"_blank\" rel=\"noreferrer noopener\">Une liste de ressources produite par l\u2019OSANO en collaboration avec l\u2019ARC<\/a><\/strong><\/p>\n\n\n\n<p><a href=\"https:\/\/ontariocaregiver.ca\/wp-content\/uploads\/2022\/12\/Liste_de_ressources_fournies_par_L\u0393COOSANO_avec_des_sites_web_et_des_liens_de_Service_Canada_FINAL-s.pdf\" target=\"_blank\" rel=\"noreferrer noopener\"><strong>Une liste de ressources produite par l\u2019OSANO en collaboration avec Service Canada<\/strong><\/a><\/p>\n\n\n\n<p><a href=\"https:\/\/ontariocaregiver.ca\/wp-content\/uploads\/2023\/08\/Liens-internet-de-Service-Canada-sur-le-RPC-et-la-SV.pdf\" target=\"_blank\" rel=\"noreferrer noopener\"><strong>Une liste de ressources produite par l\u2019OSANO en collaboration avec le RPC et la SV<\/strong><\/a><\/p>\n\n\n\n<p><a href=\"https:\/\/ontariocaregiver.ca\/wp-content\/uploads\/2023\/11\/Ressources-en-ligne-Credit-dimpot-pour-personnes-handicapees-FINAL-s.pdf\" target=\"_blank\" rel=\"noreferrer noopener\">Ressources en ligne &#8211; cr\u00e9dit d&rsquo;imp\u00f4ts pour personnes handicap\u00e9es<\/a><\/p>\n\n\n\n<p><a href=\"https:\/\/archive.ontariocaregiver.ca\/fr\/subventionsrsf\/\" target=\"_blank\" rel=\"noreferrer noopener\"><strong>Subventions de renforcement des capacit\u00e9s pour les r\u00e9seaux de soutien aux familles<\/strong><\/a><\/p>\n\n\n<div id=\"accordion-content-block_df30b71dcc06f5e123303e4beca94440\" class=\"accordion-wrapper \">\n    <ul class=\"accordion\" data-accordion data-multi-expand=\"true\"  data-allow-all-closed=\"true\" data-deep-link=\"true\" data-update-history=\"true\">\n                <li class=\"accordion-item\" data-accordion-item>\n            <a href=\"#Canada\" class=\"accordion-title\">Gouvernement du Canada<\/a>\n            <div class=\"accordion-content\" data-tab-content id=\"Canada\">\n                <p><a href=\"https:\/\/www.canada.ca\/fr\/agence-revenu\/services\/impot\/renseignements-techniques\/impot-revenu\/folios-impot-revenu\/serie-1-particuliers\/serie-1-particuliers-folio-1-soins-sante-soins-medicaux\/folio-impot-revenu-s1-f4-c1-credits-impot-personnel-base-personnes-a-charge.html\" target=\"_blank\" rel=\"noopener\">Cr\u00e9dits d\u2019imp\u00f4t personnels de base et pour personnes \u00e0 charge<\/a><\/p>\n<p><a href=\"https:\/\/www.canada.ca\/fr\/services\/prestations\/ae\/proches-aidants.html\" target=\"_blank\" rel=\"noopener\">Prestations pour proches aidants et cong\u00e9s<\/a><\/p>\n<p><a href=\"https:\/\/www.veterans.gc.ca\/fra\/housing-and-home-life\/help-at-home\/caregiver-recognition-benefit\" target=\"_blank\" rel=\"noopener\">Allocation de reconnaissance pour aidant d\u2019un ancien combattant<\/a><\/p>\n<p><a href=\"https:\/\/www.canada.ca\/fr\/agence-revenu\/services\/impot\/autorisation-representant\/representants-legaux.html\" target=\"_blank\" rel=\"noopener\">Repr\u00e9sentants<\/a><a href=\"https:\/\/www.canada.ca\/fr\/agence-revenu\/services\/impot\/autorisation-representant\/representants-legaux.html\">\u00a0l\u00e9gaux<\/a><\/p>\n<p><a href=\"https:\/\/www.youtube.com\/user\/AgenceRevCan\" target=\"_blank\" rel=\"noopener\">Agence revenu Canada \u2013 YouTube<\/a><\/p>\n<p><a href=\"https:\/\/www.canada.ca\/fr\/agence-revenu\/services\/prestations-enfants-familles\/prestation-dentaire.html\">Prestation dentaire canadienne<\/a><\/p>\n            <\/div>\n        <\/li>\n                <li class=\"accordion-item\" data-accordion-item>\n            <a href=\"#ontario\" class=\"accordion-title\">Gouvernement de l&rsquo;Ontario<\/a>\n            <div class=\"accordion-content\" data-tab-content id=\"ontario\">\n                <p><a href=\"https:\/\/www.ontario.ca\/fr\/page\/credits-dimpot-et-prestations-pour-les-particuliers\" target=\"_blank\" rel=\"noopener\">Cr\u00e9dits d\u2019imp\u00f4t et prestations pour les particuliers<\/a>\u00a0programmes de cr\u00e9dits d\u2019imp\u00f4t et prestations \u00e0 l\u2019intention des enfants, des personnes atteintes d\u2019un handicap, des personnes \u00e2g\u00e9es, des \u00e9tudiants et des femmes.<\/p>\n<p><a href=\"https:\/\/www.ontario.ca\/fr\/page\/credit-dimpot-pour-les-vacances-en-ontario?utm_source=revinate&amp;utm_medium=email&amp;utm_campaign=May%20Newsletter-391735\" target=\"_blank\" rel=\"noopener\">Cr\u00e9dit d\u2019imp\u00f4t pour les vacances en Ontario<\/a>\u00a0d\u00e9couvrez comment obtenir un remboursement de 20\u00a0% de vos frais d\u2019h\u00e9bergement admissibles en Ontario en\u00a02022.<\/p>\n<p><a href=\"https:\/\/www.ontario.ca\/fr\/page\/credit-dimpot-aux-aines-pour-la-securite-domicile\" target=\"_blank\" rel=\"noopener\">Cr\u00e9dit d\u2019imp\u00f4t aux a\u00een\u00e9s pour la s\u00e9curit\u00e9 \u00e0 domicile<\/a>\u00a0d\u00e9couvrez si vous \u00eates admissible \u00e0 un cr\u00e9dit d\u2019imp\u00f4t pour vous aider \u00e0 rendre votre domicile plus s\u00e9curitaire et accessible pour les a\u00een\u00e9s.<\/p>\n            <\/div>\n        <\/li>\n                <li class=\"accordion-item\" data-accordion-item>\n            <a href=\"#trousse\" class=\"accordion-title\">Ontario &#8211; Trousse d&rsquo;imp\u00f4t 2022<\/a>\n            <div class=\"accordion-content\" data-tab-content id=\"trousse\">\n                <p lang=\"en-CA\"><a href=\"https:\/\/www.canada.ca\/fr\/agence-revenu\/services\/formulaires-publications\/trousses-impot-toutes-annees-imposition\/trousse-generale-impot-prestations\/ontario.html\" target=\"_blank\" rel=\"noopener\">Ontario &#8211; Trousse d&rsquo;imp\u00f4t 2022<\/a><\/p>\n<p lang=\"en-CA\"><a href=\"https:\/\/www.canada.ca\/fr\/agence-revenu\/services\/formulaires-publications\/publications\/rc4064.html\" target=\"_blank\" rel=\"noopener\">RC4064 Renseignements relatifs aux personnes handicap\u00e9es &#8211; 2022<\/a><\/p>\n<p lang=\"en-CA\"><a href=\"https:\/\/www.canada.ca\/fr\/agence-revenu\/services\/formulaires-publications\/publications\/rc4064\/renseignements-relatifs-personnes-handicapees.html\" target=\"_blank\" rel=\"noopener\">Renseignements relatifs aux personnes handicap\u00e9es 2022<\/a><\/p>\n<p lang=\"en-CA\"><a href=\"https:\/\/www.canada.ca\/fr\/agence-revenu\/services\/formulaires-publications\/publications\/rc4065.html\" target=\"_blank\" rel=\"noopener\">RC4065 Frais m\u00e9dicaux &#8211; 2022<\/a><\/p>\n<p lang=\"en-CA\"><a href=\"https:\/\/www.canada.ca\/fr\/agence-revenu\/services\/formulaires-publications\/publications\/rc4065\/frais-medicaux.html\" target=\"_blank\" rel=\"noopener\">Frais m\u00e9dicaux 2022<\/a><\/p>\n            <\/div>\n        <\/li>\n                <li class=\"accordion-item\" data-accordion-item>\n            <a href=\"#prosp\u00e9rit\u00e9-Canada\" class=\"accordion-title\">Prosp\u00e9rit\u00e9 Canada<\/a>\n            <div class=\"accordion-content\" data-tab-content id=\"prosp\u00e9rit\u00e9-Canada\">\n                <p>Prosp\u00e9rit\u00e9 Canada est un organisme de bienfaisance canadien qui se consacre \u00e0 \u00e9largir, gr\u00e2ce \u00e0 des politiques et \u00e0 des programmes novateurs, les possibilit\u00e9s \u00e9conomiques des Canadiennes et Canadiens vivant dans la pauvret\u00e9. Pour en savoir plus, veuillez visiter : <a href=\"https:\/\/prosperitecanada.org\/\" target=\"_blank\" rel=\"noopener\">https:\/\/prosperitecanada.org\/<\/a><\/p>\n<p><a href=\"https:\/\/benefitswayfinder.org\/fr\" target=\"_blank\" rel=\"noopener\">Orienteur en mesures d\u2019aide<\/a> &#8211; Votre guide vers des mesures d\u2019aide gouvernementale pouvant vous aider \u00e0 mettre plus d\u2019argent dans vos poches.<\/p>\n<p><a href=\"https:\/\/disability.benefitswayfinder.org\/fr\/\" target=\"_blank\" rel=\"noopener\">Boussole des mesures d\u2019aide li\u00e9es \u00e0 l\u2019invalidit\u00e9<\/a> &#8211; Fournir des renseignements sur les\u00a0quatre principales mesures d\u2019aide en mati\u00e8re d\u2019invalidit\u00e9\u00a0pour les personnes handicap\u00e9es en Colombie-Britannique.<\/p>\n<p><a href=\"https:\/\/futureplanningtool.ca\/fr\/accueil\" target=\"_blank\" rel=\"noopener\">Outil de planification de l\u2019avenir<\/a>&#8211; Cr\u00e9er un plan pour vous aider \u00e0 assurer votre propre s\u00e9curit\u00e9 future ou celle d\u2019une personne ayant une d\u00e9ficience.<\/p>\n<p><a href=\"https:\/\/www.youtube.com\/playlist?list=PLC0J2kAG0MZYs_BnsgY6TNKpUZndSAtAt\" target=\"_blank\" rel=\"noopener\">Vid\u00e9os sur l\u2019\u00e9ducation financi\u00e8re<\/a> &#8211; des vid\u00e9os pour aider \u00e0 expliquer le co\u00fbt du cr\u00e9dit, les solutions d&rsquo;endettement, les d\u00e9ductions fiscales, les cr\u00e9dits et les avantages d&rsquo;une mani\u00e8re accessible.<\/p>\n<p><a href=\"https:\/\/learninghub.prospercanada.org\/knowledge\/asset-building-toolkit\/#french\" target=\"_blank\" rel=\"noopener\">L\u2019accumulation d\u2019actifs pour votre avenir<\/a> &#8211; Cette bo\u00eete \u00e0 outils contient des ressources sur l&rsquo;\u00e9tablissement d&rsquo;objectifs, la planification d&rsquo;actions, les produits financiers et les aides gouvernementales pour aider les particuliers \u00e0 \u00e9pargner \u00e0 long terme et \u00e0 constituer des actifs.<\/p>\n            <\/div>\n        <\/li>\n                <li class=\"accordion-item\" data-accordion-item>\n            <a href=\"#CVMO\" class=\"accordion-title\">La Commission des valeurs mobili\u00e8res de l\u2019Ontario (CVMO)<\/a>\n            <div class=\"accordion-content\" data-tab-content id=\"CVMO\">\n                <p><a href=\"https:\/\/ontariocaregiver.ca\/wp-content\/uploads\/2023\/05\/Financial-Wellness-toolkit-OSCOCO-FR_FINAL-s.pdf\">Trousse d&rsquo;information<\/a><\/p>\n            <\/div>\n        <\/li>\n                <li class=\"accordion-item\" data-accordion-item>\n            <a href=\"#financier\" class=\"accordion-title\">Autres ressources de soutien financier<\/a>\n            <div class=\"accordion-content\" data-tab-content id=\"financier\">\n                <p><a href=\"https:\/\/alzheimer.ca\/fr\/les-aides-et-le-soutien\/trouvez-votre-societe\" target=\"_blank\" rel=\"noopener\">La Soci\u00e9t\u00e9 Alzheimer<\/a>\u00a0offre peut-\u00eatre des subventions aux aidants dans votre r\u00e9gion.<\/p>\n<p><a href=\"https:\/\/www.labattbettertogether.ca\/ca_fr\" target=\"_blank\" rel=\"noopener\">Le programme Meilleurs ensemble de Labatt\u00a0<\/a>propose des subventions pour l\u2019aide aux personnes \u00e2g\u00e9es, le d\u00e9veloppement des jeunes, les services de sant\u00e9 et les appareils fonctionnels pour les personnes dont le revenu est inf\u00e9rieur ou \u00e9gal au revenu moyen.<\/p>\n<p><a href=\"https:\/\/www.marchofdimes.ca\/fr-ca\" target=\"_blank\" rel=\"noopener\">La Marche des dix sous du Canada<\/a>\u00a0offre une vari\u00e9t\u00e9 de programmes et de services financ\u00e9s pour les personnes ayant un handicap physique.<\/p>\n<p><a href=\"https:\/\/www.ceridiancares.ca\/fr\/about\" target=\"_blank\" rel=\"noopener\">Mission Ceridian<\/a>\u00a0\u2013 un organisme de bienfaisance qui est dirig\u00e9 par les employ\u00e9s et qui fait une diff\u00e9rence en soutenant des gens dans le besoin. Cet organisme offre de l\u2019aide financi\u00e8re aux familles dans le besoin et am\u00e9liorer les collectivit\u00e9s au sein desquelles les employ\u00e9s vivent et travaillent.<\/p>\n<p><a href=\"https:\/\/www.helpforalzheimersfamilies.com\/get-help\/hilarity-for-charity\/\" target=\"_blank\" rel=\"noopener\">Help for Alzheimer\u2019s Families<\/a>\u00a0\u2013 Les subventions HFC Alzheimer and Dementia Care sont accord\u00e9es aux \u00c9tats-Unis et au Canada. L\u2019objectif du programme de subventions est de fournir des soins exceptionnels, un soutien et du repos, \u00e0 domicile, aux familles touch\u00e9es par cette maladie.<\/p>\n            <\/div>\n        <\/li>\n            <\/ul>\n<\/div>\n","protected":false},"excerpt":{"rendered":"<p>Plus d\u2019un tiers des aidants naturels payent de leur poche les soins et les services de l\u2019\u00eatre cher. Pour cela, ils doivent souvent r\u00e9duire..<\/p>\n","protected":false},"author":7,"featured_media":761,"parent":12645,"menu_order":0,"comment_status":"closed","ping_status":"closed","template":"","meta":{"_acf_changed":false,"_relevanssi_hide_post":"","_relevanssi_hide_content":"","_relevanssi_pin_for_all":"","_relevanssi_pin_keywords":"","_relevanssi_unpin_keywords":"","_relevanssi_related_keywords":"","_relevanssi_related_include_ids":"","_relevanssi_related_exclude_ids":"","_relevanssi_related_no_append":"","_relevanssi_related_not_related":"","_relevanssi_related_posts":"9327,12694,17687,15701,7429,9318","_relevanssi_noindex_reason":"","_price":"","_stock":"","_tribe_ticket_header":"","_tribe_default_ticket_provider":"","_tribe_ticket_capacity":"0","_ticket_start_date":"","_ticket_end_date":"","_tribe_ticket_show_description":"","_tribe_ticket_show_not_going":false,"_tribe_ticket_use_global_stock":"","_tribe_ticket_global_stock_level":"","_global_stock_mode":"","_global_stock_cap":"","_tribe_rsvp_for_event":"","_tribe_ticket_going_count":"","_tribe_ticket_not_going_count":"","_tribe_tickets_list":[],"_tribe_ticket_has_attendee_info_fields":false,"footnotes":""},"class_list":["post-10036","page","type-page","status-publish","has-post-thumbnail","hentry"],"acf":[],"yoast_head":"<!-- This site is optimized with the Yoast SEO plugin v25.8 - https:\/\/yoast.com\/wordpress\/plugins\/seo\/ -->\n<title>Soutien financier - Organisme de soutien aux aidants naturels de l\u2019Ontario<\/title>\n<meta name=\"robots\" content=\"noindex, follow, max-snippet:-1, max-image-preview:large, max-video-preview:-1\" \/>\n<meta property=\"og:locale\" content=\"fr_FR\" \/>\n<meta property=\"og:type\" content=\"article\" \/>\n<meta property=\"og:title\" content=\"Soutien financier - Organisme de soutien aux aidants naturels de l\u2019Ontario\" \/>\n<meta property=\"og:description\" content=\"Plus d\u2019un tiers des aidants naturels payent de leur poche les soins et les services de l\u2019\u00eatre cher. Pour cela, ils doivent souvent r\u00e9duire..\" \/>\n<meta property=\"og:url\" content=\"https:\/\/archive.ontariocaregiver.ca\/fr\/pour-aidants-naturels\/soutien-financier\/\" \/>\n<meta property=\"og:site_name\" content=\"Organisme de soutien aux aidants naturels de l\u2019Ontario\" \/>\n<meta property=\"article:modified_time\" content=\"2023-11-27T17:05:40+00:00\" \/>\n<meta property=\"og:image\" content=\"https:\/\/ontariocaregiver.ca\/wp-content\/uploads\/2019\/10\/Banner_04_Caregiver_Resources-scaled.jpg\" \/>\n\t<meta property=\"og:image:width\" content=\"2560\" \/>\n\t<meta property=\"og:image:height\" content=\"612\" \/>\n\t<meta property=\"og:image:type\" content=\"image\/jpeg\" \/>\n<meta name=\"twitter:card\" content=\"summary_large_image\" \/>\n<meta name=\"twitter:label1\" content=\"Dur\u00e9e de lecture estim\u00e9e\" \/>\n\t<meta name=\"twitter:data1\" content=\"1 minute\" \/>\n<script type=\"application\/ld+json\" class=\"yoast-schema-graph\">{\"@context\":\"https:\/\/schema.org\",\"@graph\":[{\"@type\":\"WebPage\",\"@id\":\"https:\/\/archive.ontariocaregiver.ca\/fr\/pour-aidants-naturels\/soutien-financier\/\",\"url\":\"https:\/\/archive.ontariocaregiver.ca\/fr\/pour-aidants-naturels\/soutien-financier\/\",\"name\":\"Soutien financier - Organisme de soutien aux aidants naturels de l\u2019Ontario\",\"isPartOf\":{\"@id\":\"https:\/\/archive.ontariocaregiver.ca\/fr\/#website\"},\"primaryImageOfPage\":{\"@id\":\"https:\/\/archive.ontariocaregiver.ca\/fr\/pour-aidants-naturels\/soutien-financier\/#primaryimage\"},\"image\":{\"@id\":\"https:\/\/archive.ontariocaregiver.ca\/fr\/pour-aidants-naturels\/soutien-financier\/#primaryimage\"},\"thumbnailUrl\":\"https:\/\/ontariocaregiver.ca\/wp-content\/uploads\/2019\/10\/Banner_04_Caregiver_Resources-scaled.jpg\",\"datePublished\":\"2021-04-29T20:21:38+00:00\",\"dateModified\":\"2023-11-27T17:05:40+00:00\",\"breadcrumb\":{\"@id\":\"https:\/\/archive.ontariocaregiver.ca\/fr\/pour-aidants-naturels\/soutien-financier\/#breadcrumb\"},\"inLanguage\":\"fr-FR\",\"potentialAction\":[{\"@type\":\"ReadAction\",\"target\":[\"https:\/\/archive.ontariocaregiver.ca\/fr\/pour-aidants-naturels\/soutien-financier\/\"]}]},{\"@type\":\"ImageObject\",\"inLanguage\":\"fr-FR\",\"@id\":\"https:\/\/archive.ontariocaregiver.ca\/fr\/pour-aidants-naturels\/soutien-financier\/#primaryimage\",\"url\":\"https:\/\/ontariocaregiver.ca\/wp-content\/uploads\/2019\/10\/Banner_04_Caregiver_Resources-scaled.jpg\",\"contentUrl\":\"https:\/\/ontariocaregiver.ca\/wp-content\/uploads\/2019\/10\/Banner_04_Caregiver_Resources-scaled.jpg\",\"width\":2560,\"height\":612,\"caption\":\"Une jeune femme r\u00e9conforte sa m\u00e8re, atteinte d'un cancer\"},{\"@type\":\"BreadcrumbList\",\"@id\":\"https:\/\/archive.ontariocaregiver.ca\/fr\/pour-aidants-naturels\/soutien-financier\/#breadcrumb\",\"itemListElement\":[{\"@type\":\"ListItem\",\"position\":1,\"name\":\"Page principale\",\"item\":\"https:\/\/archive.ontariocaregiver.ca\/fr\/\"},{\"@type\":\"ListItem\",\"position\":2,\"name\":\"Soutien pour personnes aidantes naturelles\",\"item\":\"https:\/\/archive.ontariocaregiver.ca\/fr\/pour-aidants-naturels\/\"},{\"@type\":\"ListItem\",\"position\":3,\"name\":\"Soutien financier\"}]},{\"@type\":\"WebSite\",\"@id\":\"https:\/\/archive.ontariocaregiver.ca\/fr\/#website\",\"url\":\"https:\/\/archive.ontariocaregiver.ca\/fr\/\",\"name\":\"Organisme de soutien aux aidants naturels de l\u2019Ontario\",\"description\":\"\",\"potentialAction\":[{\"@type\":\"SearchAction\",\"target\":{\"@type\":\"EntryPoint\",\"urlTemplate\":\"https:\/\/archive.ontariocaregiver.ca\/fr\/?s={search_term_string}\"},\"query-input\":{\"@type\":\"PropertyValueSpecification\",\"valueRequired\":true,\"valueName\":\"search_term_string\"}}],\"inLanguage\":\"fr-FR\"}]}<\/script>\n<!-- \/ Yoast SEO plugin. -->","yoast_head_json":{"title":"Soutien financier - Organisme de soutien aux aidants naturels de l\u2019Ontario","robots":{"index":"noindex","follow":"follow","max-snippet":"max-snippet:-1","max-image-preview":"max-image-preview:large","max-video-preview":"max-video-preview:-1"},"og_locale":"fr_FR","og_type":"article","og_title":"Soutien financier - Organisme de soutien aux aidants naturels de l\u2019Ontario","og_description":"Plus d\u2019un tiers des aidants naturels payent de leur poche les soins et les services de l\u2019\u00eatre cher. Pour cela, ils doivent souvent r\u00e9duire..","og_url":"https:\/\/archive.ontariocaregiver.ca\/fr\/pour-aidants-naturels\/soutien-financier\/","og_site_name":"Organisme de soutien aux aidants naturels de l\u2019Ontario","article_modified_time":"2023-11-27T17:05:40+00:00","og_image":[{"width":2560,"height":612,"url":"https:\/\/ontariocaregiver.ca\/wp-content\/uploads\/2019\/10\/Banner_04_Caregiver_Resources-scaled.jpg","type":"image\/jpeg"}],"twitter_card":"summary_large_image","twitter_misc":{"Dur\u00e9e de lecture estim\u00e9e":"1 minute"},"schema":{"@context":"https:\/\/schema.org","@graph":[{"@type":"WebPage","@id":"https:\/\/archive.ontariocaregiver.ca\/fr\/pour-aidants-naturels\/soutien-financier\/","url":"https:\/\/archive.ontariocaregiver.ca\/fr\/pour-aidants-naturels\/soutien-financier\/","name":"Soutien financier - Organisme de soutien aux aidants naturels de l\u2019Ontario","isPartOf":{"@id":"https:\/\/archive.ontariocaregiver.ca\/fr\/#website"},"primaryImageOfPage":{"@id":"https:\/\/archive.ontariocaregiver.ca\/fr\/pour-aidants-naturels\/soutien-financier\/#primaryimage"},"image":{"@id":"https:\/\/archive.ontariocaregiver.ca\/fr\/pour-aidants-naturels\/soutien-financier\/#primaryimage"},"thumbnailUrl":"https:\/\/ontariocaregiver.ca\/wp-content\/uploads\/2019\/10\/Banner_04_Caregiver_Resources-scaled.jpg","datePublished":"2021-04-29T20:21:38+00:00","dateModified":"2023-11-27T17:05:40+00:00","breadcrumb":{"@id":"https:\/\/archive.ontariocaregiver.ca\/fr\/pour-aidants-naturels\/soutien-financier\/#breadcrumb"},"inLanguage":"fr-FR","potentialAction":[{"@type":"ReadAction","target":["https:\/\/archive.ontariocaregiver.ca\/fr\/pour-aidants-naturels\/soutien-financier\/"]}]},{"@type":"ImageObject","inLanguage":"fr-FR","@id":"https:\/\/archive.ontariocaregiver.ca\/fr\/pour-aidants-naturels\/soutien-financier\/#primaryimage","url":"https:\/\/ontariocaregiver.ca\/wp-content\/uploads\/2019\/10\/Banner_04_Caregiver_Resources-scaled.jpg","contentUrl":"https:\/\/ontariocaregiver.ca\/wp-content\/uploads\/2019\/10\/Banner_04_Caregiver_Resources-scaled.jpg","width":2560,"height":612,"caption":"Une jeune femme r\u00e9conforte sa m\u00e8re, atteinte d'un cancer"},{"@type":"BreadcrumbList","@id":"https:\/\/archive.ontariocaregiver.ca\/fr\/pour-aidants-naturels\/soutien-financier\/#breadcrumb","itemListElement":[{"@type":"ListItem","position":1,"name":"Page principale","item":"https:\/\/archive.ontariocaregiver.ca\/fr\/"},{"@type":"ListItem","position":2,"name":"Soutien pour personnes aidantes naturelles","item":"https:\/\/archive.ontariocaregiver.ca\/fr\/pour-aidants-naturels\/"},{"@type":"ListItem","position":3,"name":"Soutien financier"}]},{"@type":"WebSite","@id":"https:\/\/archive.ontariocaregiver.ca\/fr\/#website","url":"https:\/\/archive.ontariocaregiver.ca\/fr\/","name":"Organisme de soutien aux aidants naturels de l\u2019Ontario","description":"","potentialAction":[{"@type":"SearchAction","target":{"@type":"EntryPoint","urlTemplate":"https:\/\/archive.ontariocaregiver.ca\/fr\/?s={search_term_string}"},"query-input":{"@type":"PropertyValueSpecification","valueRequired":true,"valueName":"search_term_string"}}],"inLanguage":"fr-FR"}]}},"ticketed":false,"_links":{"self":[{"href":"https:\/\/archive.ontariocaregiver.ca\/fr\/wp-json\/wp\/v2\/pages\/10036","targetHints":{"allow":["GET"]}}],"collection":[{"href":"https:\/\/archive.ontariocaregiver.ca\/fr\/wp-json\/wp\/v2\/pages"}],"about":[{"href":"https:\/\/archive.ontariocaregiver.ca\/fr\/wp-json\/wp\/v2\/types\/page"}],"author":[{"embeddable":true,"href":"https:\/\/archive.ontariocaregiver.ca\/fr\/wp-json\/wp\/v2\/users\/7"}],"replies":[{"embeddable":true,"href":"https:\/\/archive.ontariocaregiver.ca\/fr\/wp-json\/wp\/v2\/comments?post=10036"}],"version-history":[{"count":23,"href":"https:\/\/archive.ontariocaregiver.ca\/fr\/wp-json\/wp\/v2\/pages\/10036\/revisions"}],"predecessor-version":[{"id":24723,"href":"https:\/\/archive.ontariocaregiver.ca\/fr\/wp-json\/wp\/v2\/pages\/10036\/revisions\/24723"}],"up":[{"embeddable":true,"href":"https:\/\/archive.ontariocaregiver.ca\/fr\/wp-json\/wp\/v2\/pages\/12645"}],"wp:featuredmedia":[{"embeddable":true,"href":"https:\/\/archive.ontariocaregiver.ca\/fr\/wp-json\/wp\/v2\/media\/761"}],"wp:attachment":[{"href":"https:\/\/archive.ontariocaregiver.ca\/fr\/wp-json\/wp\/v2\/media?parent=10036"}],"curies":[{"name":"wp","href":"https:\/\/api.w.org\/{rel}","templated":true}]}}